{"id":70,"date":"2018-09-05T11:30:18","date_gmt":"2018-09-05T11:30:18","guid":{"rendered":"https:\/\/potato.ro\/en\/evenimente-internationale-2\/"},"modified":"2023-03-07T13:23:30","modified_gmt":"2023-03-07T11:23:30","slug":"manifestari-stiintifice-participari","status":"publish","type":"page","link":"https:\/\/potato.ro\/en\/manifestari-stiintifice-participari\/","title":{"rendered":"Scientific participation"},"content":{"rendered":"<p>[vc_row][vc_column css=&#8221;.vc_custom_1502446254953{margin-right: -50px !important;}&#8221;]<div class=\"sc_section\" data-animation=\"animated zoomIn normal\"><div class=\"sc_section_inner\">[vc_text_separator title=&#8221;Scientific participation&#8221; border_width=&#8221;2&#8243;]<div class=\"sc_accordion\" data-active=\"0\"><div id=\"sc_accordion_item_1503488284757_8\" class=\"sc_accordion_item odd first\"><h5 class=\"sc_accordion_title\"><span class=\"sc_accordion_icon_before icon-calendar-light\"><\/span><span class=\"sc_accordion_icon sc_accordion_icon_closed icon-down\"><\/span><span class=\"sc_accordion_icon sc_accordion_icon_opened icon-cancel\"><\/span>2018<\/h5><div class=\"sc_accordion_content\">[vc_column_text]<strong>24-25 aprilie 2018. WABCG ( World Association Beet &amp; Cane Growers) &#8211; Council\u00a0 <\/strong><strong>Rotterdam, Olanda. <\/strong><\/p>\n<p><strong>15-18 mai 2018. 45<sup>th<\/sup> CIBE CONGRES \u2013 International Confederation of European Beet Growers, Ghent, Belgium<\/strong><\/p>\n<p><strong>24-25 mai 2018. Conferin\u0163a Interna\u0163ional\u0103 de \u015etiin\u0163ele Vie\u0163ii: \u201e20 de ani de peisagistic\u0103 la Timi\u015foara\u201d, desf\u0103\u015furat\u0103 la USAMVB Timi\u015foara, Rom\u00e2nia<\/strong><\/p>\n<p><strong>5-7 iunie 2018. 76<sup>th<\/sup> International Institute of Sugar Beet Research Congress, Deauville, France<\/strong><\/p>\n<p><strong>7-9 iunie 2018. International Conference \u201cAgriculture for Life, Life for Agriculture\u201d, Section 1, Agronomy, University of Agronomic Sciences and Veterinary Medicine of Bucharest Faculty of Agriculture, Rom\u00e2nia<\/strong><\/p>\n<p><strong>23-24 iunie 2018. Al VII-lea Simpozion de Etnofarmacologie cu participare international\u0103 \u201dEtnofarmacologie si S\u0103n\u0103tate\u201e &#8211; Societatea Rom\u00e2n\u0103 de Etnofarmacologie, Sirnea, Brasov, Rom\u00e2nia<\/strong><\/p>\n<p><strong>4 octombrie 2018. Congresul al XII-lea al Societ\u0103tii Rom\u00e2ne a Horticultorilor \u2013 dedicat centenarului Marii Uniri, Academia de Stiinte Agricole si Silvice <em>Gheorghe Ionescu Sisesti, <\/em>Bucuresti, Rom\u00e2nia<\/strong><\/p>\n<p><strong>18-19 octombrie 2018. Congres S<\/strong><strong>tiin<\/strong><strong>tific interna<\/strong><strong>tional \u201c<\/strong><strong>Simpozionul de Agricultur<\/strong><strong>\u0103 si Inginerie alimentar\u0103\u201d, <\/strong><strong>Universitatea de <\/strong><strong>Stiinte Agricole si Medicin\u0103 Veterinar\u0103 din Iasi, Facultatea de Agricultur\u0103, Rom\u00e2nia<\/strong><\/p>\n<p><strong>25-26 <\/strong><strong>octombrie 2018. Simpozion <\/strong><strong>Stiin<\/strong><strong>tific anual &#8222;HORTICULTURE, FOOD AND ENVIRONMENT&#8221; Priorities and perspectives, <\/strong><strong>Facultatea de Horticultur\u0103 \u2013 Universitatea din Craiova, Rom\u00e2nia<\/strong><\/p>\n<p><strong>1 noiembrie 2018. A 27-a Conferin\u021b\u0103 a Societ\u0103\u021bii Na\u021bionale de Protec\u021bia Plantelor din Rom\u00e2nia si a 37-a Conferin\u021ba a Societ\u0103\u021bii de Protectia Plantelor Transilvania, Predeal, Rom\u00e2nia<\/strong>[\/vc_column_text]<\/div><\/div><div id=\"sc_accordion_item_1503488284757_8\" class=\"sc_accordion_item even\"><h5 class=\"sc_accordion_title\"><span class=\"sc_accordion_icon_before icon-calendar-light\"><\/span><span class=\"sc_accordion_icon sc_accordion_icon_closed icon-down\"><\/span><span class=\"sc_accordion_icon sc_accordion_icon_opened icon-cancel\"><\/span>2017<\/h5><div class=\"sc_accordion_content\">[vc_column_text]<strong>2017-05-14 &#8211; <a href=\"https:\/\/potato.ro\/en\/ro\/evenimente.php#\" target=\"_blank\" rel=\"noopener\">Workshop de mana cartofului EuroBlight &#8211; a potato late blight network for Europe<\/a><\/strong><br \/>\n14-17 may 2017 at Aarhus, Danemarca<\/p>\n<p><strong> 15-17 mai 2017, Cappadocia, Turcia &#8211; International Conference on Agriculture, Forest, Food Sciences and Technologies ICAFOF 2017<\/strong><\/p>\n<p><strong>8-10 iunie 2017, Bucure\u015fti, Romania &#8211; Conferin\u0163a International\u0103 USAMV \u201cAgriculture for Life, Life for Agriculture\u201d<\/strong><\/p>\n<p><strong>2017-07-09 &#8211; <a href=\"http:\/\/www.eapr2017.com\/\" target=\"_blank\" rel=\"noopener\">The XX Triennial Conference of the EAPR<\/a><br \/>\nThe XX Triennial Conference of the EAPR will be held in Versailles, France, July 9-14, 2017<br \/>\n<\/strong><\/p>\n<p><strong>28-29 septembrie 2017, USAMV Cluj Napoca &#8211; The 16th International Symposium Prospects for the 3rd Millennium Agriculture.<\/strong><\/p>\n<p><strong>9-10 Noiembrie 2017. The 13th Annual Meeting Durable Agriculture \u2013 Agriculture of the Future,, Craiova,\u00a0 Anniversary Conference \u201e70 Years of Higher Education in Oltenia\u201d. University of Craiova, Faculty of Agronomy<\/strong><\/p>\n<p><strong>23 noiembrie 2017 . Simpozionul Interna\u0163ional al Tinerilor Cercet\u0103tori \u201cTineri cercet\u0103tori \u00een horticultur\u0103, silvicultur\u0103 \u015fi biotehnologii \u201d &#8211; Edi\u0163ia a IV \u2013 a Timi\u015foara, Universitatea de \u015etiin\u0163e Agricole \u015fi Medicin\u0103 Veterinar\u0103 a Banatului \u201eRegele Mihai I al Rom\u00e2niei\u201d, Facultatea de Horticultur\u0103 \u015fi Silvicultur\u0103 Timi\u015foara<\/strong><\/p>\n<p><strong>\u00a0<\/strong><\/p>\n<p><strong>\u00a0<\/strong>[\/vc_column_text]<\/div><\/div><div id=\"sc_accordion_item_1502441681321_6\" class=\"sc_accordion_item odd\"><h5 class=\"sc_accordion_title\"><span class=\"sc_accordion_icon_before icon-calendar-light\"><\/span><span class=\"sc_accordion_icon sc_accordion_icon_closed icon-down\"><\/span><span class=\"sc_accordion_icon sc_accordion_icon_opened icon-cancel\"><\/span>2016<\/h5><div class=\"sc_accordion_content\">[vc_column_text]<strong>2016-11-22 &#8211; <a href=\"http:\/\/www.uaiasi.ro\/congres\/\" target=\"_blank\" rel=\"noopener\">Congresul international Life Sciences &#8211; a challenge for the future<\/a><\/strong><br \/>\nCongresul International &#8222;stiintele vietii \u2013 o provocare pentru viitor&#8221; care se va desfasura \u00een perioada 20 &#8211; 22 octombrie 2016, la Iasi,<\/p>\n<p><strong>2016-09-29 &#8211; <a href=\"http:\/\/symposium.usamvcluj.ro\" target=\"_blank\" rel=\"noopener\">Symposium \u201cProspects for the Third Millennium Agriculture\u201d<\/a><\/strong><br \/>\nThe 15th International Symposium \u201cProspects for the Third Millennium Agriculture\u201d will be held on 29th of September &#8211; 1st of October 2016 at USAMV Cluj-Napoca, Romania.<br \/>\nContact Dr. Dorottya Domokos, Str. Manastur Nr. 3-5, Cluj-Napoca,400372 ROMANIA, Tel: +40 264.596.384 ext. 402, E-mail: simpo@usamvcluj.ro .<\/p>\n<p><strong>2016-06-09 &#8211; <a href=\"http:\/\/agricultureforlife.usamv.ro\/index.php\/en\/\" target=\"_blank\" rel=\"noopener\">Agriculture for Life, Life for Agriculture<\/a><\/strong><br \/>\nThe International Conference of the University of Agronomic Sciences and Veterinary Medicine of Bucharest &#8222;Agriculture for Life, Life for Agriculture&#8221; June 9 &#8211; 11, 2016, Bucharest, Romania<\/p>\n<p><strong>2016-05-31 &#8211; <a href=\"http:\/\/www.eapr2016.si\" target=\"_blank\" rel=\"noopener\">EAPR &#8211; Section Virology: Slovenia<\/a><\/strong><br \/>\nThe 16th triennial meeting of the Virology Section of the European Association of Potato Research (EAPR), which will be combined with the 8th annual meeting of PVYwide organization. The meeting will be held from May 31st till June 3rd 2016 in Ljubljana, Slovenia.<\/p>\n<p><strong>Conferin\u0163a Interna\u0163ional\u0103 BIOATLAS &#8222;Global and local Challenges in Food and Tourism&#8221;<br \/>\n27-28 May 2016, Bra\u015fov, Rom\u00e2nia,<\/strong><\/p>\n<p><strong>Simpozionul de Agricultur\u0103 \u015fi inginerie alimentar\u0103, 20-22 octombrie 2016 Facultatea de Agricultur\u0103 U.<\/strong><strong>S.A. M. V. &#8222;Ion Ionescu de la Brad&#8221; Ia\u015fi <\/strong><\/p>\n<p><strong>Simpozionul International \u201cTineri cercet\u0103tori \u00een Horticultur\u0103, Silvicultur\u0103 \u015fi Biotehnologii\u201d<br \/>\n<\/strong><strong>Facultatea de Horticultur\u0103 \u015fi Silvicultur\u0103 Timi\u015foara &#8211; 25 Noiembrie 2016<\/strong><\/p>\n<p><strong>The 12th ANNUAL MEETING &#8222;DURABLE AGRICULTURE \u2013 AGRICULTURE OF THE FUTURE&#8221;<br \/>\n<\/strong><strong>17-18 <\/strong><strong>November <\/strong><strong>2016, <\/strong><strong>University of <\/strong><strong>CRAIOVA, <\/strong><strong>Rom\u00e2nia<\/strong><\/p>\n<p><strong>Food Quality &amp; Safety, Health &amp; Nutriton, <\/strong><strong>Conference &#8211; <\/strong><strong>NUTRICON 2016<br \/>\n<\/strong><strong>1 &amp; 2 December 2016 &#8211; Skopje, Macedonia<\/strong><\/p>\n<p>[\/vc_column_text]<\/div><\/div><div class=\"sc_accordion_item even\"><h5 class=\"sc_accordion_title\"><span class=\"sc_accordion_icon_before icon-calendar-light\"><\/span><span class=\"sc_accordion_icon sc_accordion_icon_closed icon-down\"><\/span><span class=\"sc_accordion_icon sc_accordion_icon_opened icon-cancel\"><\/span>2015<\/h5><div class=\"sc_accordion_content\">[vc_column_text]<strong>2015-10-22 &#8211; <a href=\"http:\/\/www.uaiasi.ro\/simpozion\/\" target=\"_blank\" rel=\"noopener\">Simpozionul de Agricultura si inginerie alimentara<\/a><\/strong><br \/>\nSimpozionul de Agricultura si inginerie alimentara, organizat \u00een perioada 22-24 octombrie 2015 de catre Facultatea de Agricultura, din cadrul Universitatii de stiinte Agricole si Medicina Veterinara &#8222;Ion Ionescu de la Brad&#8221; Iasi<\/p>\n<p><strong>2015-09-24 &#8211; <a href=\"http:\/\/symposium.usamvcluj.ro\/index.php\" target=\"_blank\" rel=\"noopener\">Simpozion &#8222;Perspective ale Agriculturii Mileniului III&#8221;<\/a><\/strong><br \/>\nSimpozion &#8222;Perspective ale Agriculturii Mileniului III, 2015-09-24,26,USAMV Cluj-Napoca<\/p>\n<p><strong>2015-09-03 &#8211; <a href=\"http:\/\/www.healthfoodenviron.unitbv.ro\/2015\/\" target=\"_blank\" rel=\"noopener\">New Trends on Sensing &#8211; Monitoring &#8211; Telediagnosis for Life Sciences Brasov, Rom\u00e2nia, NT-SMT-LS<\/a><\/strong><br \/>\nThe 2nd International Conference &#8211; New Trends on Sensing &#8211; Monitoring &#8211; Telediagnosis for Life Sciences Brasov, Rom\u00e2nia, NT-SMT-LS, September 3-5, 2015<br \/>\nInfo: Mihaela BADEA, Phone: +40724103073, Fax: +40268412185, Laura FLOROIAN, Phone: +40740163918, E-mail: conf.life.sciences@gmail.com<\/p>\n<p><strong>2015-06-25 &#8211; <a href=\"http:\/\/www.usamvcluj.ro\/SMDT\/symposium2015\/index.php\" target=\"_blank\" rel=\"noopener\">8th International Symposium &#8222;Soil Minimum Tillage Systems&#8221;<\/a><\/strong><br \/>\n8th International Symposium &#8222;Soil Minimum Tillage Systems&#8221;, Cluj, 25-26 iunie 2015<\/p>\n<p><strong>2015-06-22 &#8211; <a href=\"http:\/\/www.atiner.gr\/biology.htm\" target=\"_blank\" rel=\"noopener\">Annual International Conference on Biology<\/a><\/strong><br \/>\nAnnual International Conference on Biology, 22-25 June 2015, Athens, Greece<\/p>\n<p><strong>2015-06-10 &#8211; <a href=\"https:\/\/potato.ro\/en\/_publicatii_files\/noutatii\/agenda conferinta nationala a sfeclei de zahar.pdf\" target=\"_blank\" rel=\"noopener\">Agenda Conventia Nationala a Sfeclei de zahar<\/a><\/strong><br \/>\nAgenda Conferinta Nationala a Sfeclei de Zahar,10-11.06.2015, la Complexul Ana Hotels din Poiana Brasov<\/p>\n<p><strong>2015-06-04 &#8211; <a href=\"http:\/\/agricultureforlife.usamv.ro\/index.php\/ro\/\" target=\"_blank\" rel=\"noopener\">Conferinta Internationala a USAMV din Bucuresti<\/a><\/strong><br \/>\nConferinaa Internationala a USAMV din Bucuresti &#8222;Agricultura pentru viata, viata pentru agricultura&#8221;, 4 &#8211; 6 iunie 2015, Bucuresti, Rom\u00e2nia<\/p>\n<p><strong>2015-05-28 &#8211; <a href=\"https:\/\/potato.ro\/en\/_publicatii_files\/noutatii\/Invitatie Conferinta SPPT 2015.pdf\" target=\"_blank\" rel=\"noopener\">Conferin?a SPPT 28-29 Mai 2015<\/a><\/strong><br \/>\nConferinta SPPT 28-29 Mai 2015, Romania<\/p>\n<p><strong>2015-05-20 &#8211; <a href=\"http:\/\/www.neefood2015.rosita.ro\/index.html\" target=\"_blank\" rel=\"noopener\">Congres NEEFood 20-23 may 2015, Bv, RO<\/a><\/strong><br \/>\nCongres NEEFood 20-23 may 2015, Brasov, Romania, will be held at the Aula &#8222;Sergiu T. Chiriacescu&#8221;, Transilvania University of Brasov<\/p>\n<p><strong>2015-05-10 &#8211; <a href=\"http:\/\/euroblight.net\/euroblight-workshop-10-13-may-2015\/about-the-workshop\/\" target=\"_blank\" rel=\"noopener\">Workshop de mana cartofului EuroBlight<\/a><\/strong><br \/>\nEuroBlight si INCDCSZ Brasov organizeaza workshop de mana cartofului, in data de 10-13 mai 2015 la Hotel Kronwell, Brasov, Romania[\/vc_column_text]<\/div><\/div><\/div><\/div><\/div>[\/vc_column][\/vc_row]<\/p>\n","protected":false},"excerpt":{"rendered":"<p>[vc_row][vc_column css=&#8221;.vc_custom_1502446254953{margin-right: -50px !important;}&#8221;][\/vc_column][\/vc_row]<\/p>\n","protected":false},"author":1,"featured_media":0,"parent":0,"menu_order":0,"comment_status":"open","ping_status":"open","template":"","meta":{"footnotes":""},"class_list":["post-70","page","type-page","status-publish","hentry"],"_links":{"self":[{"href":"https:\/\/potato.ro\/en\/wp-json\/wp\/v2\/pages\/70","targetHints":{"allow":["GET"]}}],"collection":[{"href":"https:\/\/potato.ro\/en\/wp-json\/wp\/v2\/pages"}],"about":[{"href":"https:\/\/potato.ro\/en\/wp-json\/wp\/v2\/types\/page"}],"author":[{"embeddable":true,"href":"https:\/\/potato.ro\/en\/wp-json\/wp\/v2\/users\/1"}],"replies":[{"embeddable":true,"href":"https:\/\/potato.ro\/en\/wp-json\/wp\/v2\/comments?post=70"}],"version-history":[{"count":9,"href":"https:\/\/potato.ro\/en\/wp-json\/wp\/v2\/pages\/70\/revisions"}],"predecessor-version":[{"id":3306,"href":"https:\/\/potato.ro\/en\/wp-json\/wp\/v2\/pages\/70\/revisions\/3306"}],"wp:attachment":[{"href":"https:\/\/potato.ro\/en\/wp-json\/wp\/v2\/media?parent=70"}],"curies":[{"name":"wp","href":"https:\/\/api.w.org\/{rel}","templated":true}]}}