{"id":52,"date":"2018-09-05T11:30:18","date_gmt":"2018-09-05T11:30:18","guid":{"rendered":"https:\/\/potato.ro\/en\/tehnologie-cartof-si-sfecla\/"},"modified":"2025-09-09T11:37:24","modified_gmt":"2025-09-09T09:37:24","slug":"tehnologie-cartof-si-sfecla","status":"publish","type":"page","link":"https:\/\/potato.ro\/en\/tehnologie-cartof-si-sfecla\/","title":{"rendered":"Technology of Potato and Sugar Beet"},"content":{"rendered":"<p>[vc_row][vc_column css=&#8221;.vc_custom_1502446254953{margin-right: -50px !important;}&#8221;]<div class=\"sc_section\" data-animation=\"animated zoomIn normal\"><div class=\"sc_section_inner\"><h1 class=\"sc_title sc_title_regular sc_align_left margin_bottom_huge\" style=\"text-align:left;\"><strong>Technology of Potato<\/strong><\/h1><div class=\"sc_accordion\" data-active=\"0\"><div class=\"sc_accordion_item odd first\"><h5 class=\"sc_accordion_title\"><span class=\"sc_accordion_icon_before icon-calendar-light\"><\/span><span class=\"sc_accordion_icon sc_accordion_icon_closed icon-down\"><\/span><span class=\"sc_accordion_icon sc_accordion_icon_opened icon-cancel\"><\/span>2022<\/h5><div class=\"sc_accordion_content\">[vc_column_text]<em><strong>Ghid de bune practici la cultura cartofului privind controlul integrat al bolilor foliare si de depozit<\/strong><\/em>&#8211; <a href=\"https:\/\/potato.ro\/_publicatii_files\/tehnologie_sfecla\/tehnologie 2022b.pdf\" target=\"_blank\" rel=\"noopener\"><img loading=\"lazy\" decoding=\"async\" class=\"margine alignnone wp-image-967 size-full\" src=\"https:\/\/potato.ro\/wp-content\/uploads\/2017\/08\/pdf-outline-1-1-e1644313493345.png\" alt=\"\" width=\"20\" height=\"20\" \/><\/a><br \/>\n<strong>Authors<\/strong>: Hermeziua Manuela<br \/>\n<strong>Publishing House<\/strong>: 2022, ISBN 973-744-974-0<\/p>\n<p>[\/vc_column_text][vc_column_text]<strong>Tehnologie specifica de control integrat al bolilor foliare si de depozit- <a href=\"https:\/\/potato.ro\/_publicatii_files\/tehnologie_sfecla\/tehnologie 2022d.pdf\" target=\"_blank\" rel=\"noopener\"><img loading=\"lazy\" decoding=\"async\" class=\"margine alignnone wp-image-967 size-full\" src=\"https:\/\/potato.ro\/wp-content\/uploads\/2017\/08\/pdf-outline-1-1-e1644313493345.png\" alt=\"\" width=\"20\" height=\"20\" \/><\/a><\/strong><br \/>\n<strong>Authors:<\/strong>\u00a0Hermeziu Manuela<br \/>\n<strong>Publishing House:<\/strong>\u00a0AcademicPres, Cluj Napoca, 2022, ISBN 978-973-744-940-5<\/p>\n<p>[\/vc_column_text][vc_column_text]<strong>Afidele (paduchii de plant\u0103) biologie, monografie, identificare speci \u2013 GHID\u00a0 pentru identificarea afidelor din cultura de cartof<\/strong><br \/>\n<strong>Authors:<\/strong>\u00a0Daniela Donescu, Nina B\u0103r\u0103scu, Vistor Donescu<br \/>\n<strong>Publishing House:<\/strong> AcademicPres, Cluj Napoca, 2022, ISBN 978-973-744-977-1[\/vc_column_text]<\/div><\/div><div class=\"sc_accordion_item even\"><h5 class=\"sc_accordion_title\"><span class=\"sc_accordion_icon_before icon-calendar-light\"><\/span><span class=\"sc_accordion_icon sc_accordion_icon_closed icon-down\"><\/span><span class=\"sc_accordion_icon sc_accordion_icon_opened icon-cancel\"><\/span>2018<\/h5><div class=\"sc_accordion_content\">[vc_column_text]<br \/>\n<strong>Utilizarea metodei hidroponice de cultur\u0103 pentru ob\u021binerea minituberculilor de cartof<\/strong><br \/>\n<strong>Authors:<\/strong> Andreea Tican<br \/>\n<strong>Publishing House:<\/strong> Universit\u0103\u021bii Transilvania din Bra\u0219ov, 2018, ISBN 978-606-19-0981-0<\/p>\n<p><strong>Aspecte generale privind cultivarea <em>in vitro<\/em> a cartofului dulce (Ipomea batatas L.)<\/strong><br \/>\n<strong>Authors:<\/strong> Mihaela Cioloca, Andreea Tican, Monica Popa<br \/>\n<strong>Publishing House:<\/strong> Art Soleil Bra\u015fov, 2018, ISBN 978-973-0-27637-4<br \/>\n[\/vc_column_text]<\/div><\/div><div class=\"sc_accordion_item odd\"><h5 class=\"sc_accordion_title\"><span class=\"sc_accordion_icon_before icon-calendar-light\"><\/span><span class=\"sc_accordion_icon sc_accordion_icon_closed icon-down\"><\/span><span class=\"sc_accordion_icon sc_accordion_icon_opened icon-cancel\"><\/span>2017<\/h5><div class=\"sc_accordion_content\">[vc_column_text]<br \/>\n<strong>Tehnologia producerii minituberculilor de cartof pentru s\u0103m\u00e2n\u0163\u0103 \u00een sistem hidroponic, pornind de la multiplicarea <em>in vitro<\/em><\/strong><br \/>\n<strong>Authors:<\/strong> Tican Andreea, Chiru Nicoleta, Cioloca Mihaela<br \/>\n<strong>Publishing House:<\/strong> 2017, ISBN<br \/>\n[\/vc_column_text]<\/div><\/div><div class=\"sc_accordion_item even\"><h5 class=\"sc_accordion_title\"><span class=\"sc_accordion_icon_before icon-calendar-light\"><\/span><span class=\"sc_accordion_icon sc_accordion_icon_closed icon-down\"><\/span><span class=\"sc_accordion_icon sc_accordion_icon_opened icon-cancel\"><\/span>2015<\/h5><div class=\"sc_accordion_content\">[vc_column_text]<br \/>\n<strong>Producerea cartofului pentru consum timpuriu \u00een jude\u021bul D\u00e2mbovi\u021ba <a href=\"https:\/\/potato.ro\/site.potato.ro\/_publicatii_files\/2015%20Producerea%20A%20Nistor.pdf\" target=\"_blank\" rel=\"noopener\"><img loading=\"lazy\" decoding=\"async\" src=\"https:\/\/potato.ro\/wp-content\/uploads\/2017\/08\/pdf-outline-1.png\" alt=\"\" width=\"20\" height=\"20\" \/><\/a><br \/>\n<\/strong><strong>Author:<\/strong> Andreea NISTOR<br \/>\n<strong>Publishing House:<\/strong> Universit\u0103\u021bii Transilvania din Bra\u0219ov, 2015<\/p>\n<p><strong>Producerea cartofului pentru am\u00e2nat\u0103 prin utilizarea tehnicilor \u201ein vitro\u201d <a href=\"https:\/\/potato.ro\/site.potato.ro\/_publicatii_files\/2015%20Producerea%20A%20Nistor%202.pdf\" target=\"_blank\" rel=\"noopener\"><img loading=\"lazy\" decoding=\"async\" src=\"https:\/\/potato.ro\/wp-content\/uploads\/2017\/08\/pdf-outline-1.png\" alt=\"\" width=\"20\" height=\"20\" \/><br \/>\n<\/a><\/strong><strong>Authors:<\/strong> Andreea NISTOR<br \/>\n<strong>Publishing House:<\/strong> Universit\u0103\u021bii Transilvania din Bra\u0219ov, 2015<br \/>\n[\/vc_column_text]<\/div><\/div><div class=\"sc_accordion_item odd\"><h5 class=\"sc_accordion_title\"><span class=\"sc_accordion_icon_before icon-calendar-light\"><\/span><span class=\"sc_accordion_icon sc_accordion_icon_closed icon-down\"><\/span><span class=\"sc_accordion_icon sc_accordion_icon_opened icon-cancel\"><\/span>2014<\/h5><div class=\"sc_accordion_content\">[vc_column_text]<br \/>\n<strong>Rezultate privind cultivarea cartofului ob\u021binut din s\u0103m\u00e2n\u021b\u0103 botanic\u0103 \u00een Rom\u00e2nia <\/strong><img loading=\"lazy\" decoding=\"async\" src=\"https:\/\/potato.ro\/wp-content\/uploads\/2017\/08\/pdf-outline-1.png\" alt=\"\" width=\"20\" height=\"20\" \/><br \/>\n<strong>Authors:<\/strong> Mihaela Cioloca, Zoltan Molnar, Maria Iano\u0219i, Ion Boze\u0219an<br \/>\n<strong>Publishing House:<\/strong> Transilvania Expres, ISBN 978-606-634-111-0, Bra\u0219ov, 2014<\/p>\n<p><strong>Producerea cartofului pentru consum timpuriu \u00een jude\u021bul D\u00e2mbovi\u021ba\u00a0<\/strong><a href=\"https:\/\/potato.ro\/site.potato.ro\/_publicatii_files\/2014%20Carte%20Nistor.pdf\" target=\"_blank\" rel=\"noopener\"><img loading=\"lazy\" decoding=\"async\" src=\"https:\/\/potato.ro\/wp-content\/uploads\/2017\/08\/pdf-outline-1.png\" alt=\"\" width=\"20\" height=\"20\" \/><br \/>\n<\/a><strong>Author:<\/strong> Andreea NISTOR<br \/>\n<strong>Publishing House:<\/strong> TIPOTEX, ISBN 978-606-19-0622-2, Bra\u0219ov, 2014<br \/>\n<strong>Cod de bune practici agricole \u0219i de mediu\u00a0<\/strong><a href=\"https:\/\/potato.ro\/site.potato.ro\/_publicatii_files\/2014%20Carte%20Chiru%20N.pdf\" target=\"_blank\" rel=\"noopener\"><img loading=\"lazy\" decoding=\"async\" src=\"https:\/\/potato.ro\/wp-content\/uploads\/2017\/08\/pdf-outline-1.png\" alt=\"\" width=\"20\" height=\"20\" \/><br \/>\n<\/a><strong>Authors:<\/strong> Nicoleta Chiru, Andreea Marinela Nistor, Mihaela Adriana Cioloca<br \/>\n<strong>Publishing House:<\/strong> TIPOTEX, Bra\u0219ov, 2014<br \/>\n[\/vc_column_text]<\/div><\/div><div id=\"sc_accordion_item_1502441681321_6\" class=\"sc_accordion_item even\"><h5 class=\"sc_accordion_title\"><span class=\"sc_accordion_icon_before icon-calendar-light\"><\/span><span class=\"sc_accordion_icon sc_accordion_icon_closed icon-down\"><\/span><span class=\"sc_accordion_icon sc_accordion_icon_opened icon-cancel\"><\/span>2013<\/h5><div class=\"sc_accordion_content\">[vc_column_text]<\/p>\n<div>\n<div id=\"sc_accordion_item_1455014145897_2\" class=\"sc_accordion_item odd\">\n<div class=\"sc_accordion_content\">\n<div class=\"wpb_text_column wpb_content_element \">\n<div class=\"wpb_wrapper\">\n<p><strong>Producerea minituberculilor de cartof prin metoda culturilor pe diferite substraturi industriale<\/strong>\u00a0<a href=\"https:\/\/potato.ro\/site.potato.ro\/_publicatii_files\/2013%20Producerea%20minituberculilor%20de%20cartof%20prin%20metoda%20culturilor%20pe%20diferite%20substraturi%20industriale.pdf\" target=\"_blank\" rel=\"noopener\"><img loading=\"lazy\" decoding=\"async\" class=\"size-full wp-image-967 alignnone\" src=\"https:\/\/potato.ro\/wp-content\/uploads\/2017\/08\/pdf-outline-1.png\" alt=\"\" width=\"20\" height=\"20\" \/><\/a><br \/>\n<strong>Authors<\/strong>: Andreea NISTOR, Nicoleta CHIRU, Monica POPA<br \/>\n<strong>Publishing House<\/strong>: TRANSILVANIA EXPRES, ISBN 978-606-634-050-2, Brasov, 2013<\/p>\n<\/div>\n<\/div>\n<\/div>\n<\/div>\n<\/div>\n<p>[\/vc_column_text][vc_column_text]<\/p>\n<div><strong>Aspecte tehnologice privind producerea cartofului pe cale generativa<\/strong>\u00a0<a href=\"https:\/\/potato.ro\/site.potato.ro\/_publicatii_files\/2013%20Technological%20aspects%20of%20generative%20potato%20production.pdf\" target=\"_blank\" rel=\"noopener\"><img loading=\"lazy\" decoding=\"async\" class=\"size-full wp-image-967 alignnone\" src=\"https:\/\/potato.ro\/wp-content\/uploads\/2017\/08\/pdf-outline-1.png\" alt=\"\" width=\"20\" height=\"20\" \/><\/a><br \/>\n<strong>Author<\/strong>: Mihaela Adriana CIOLOCA<br \/>\n<strong>Publishing House<\/strong>: TRANSILVANIA EXPRES, ISBN 978-606-634-049-6, Brasov, 2013<\/div>\n<div><\/div>\n<p>[\/vc_column_text]<\/div><\/div><div class=\"sc_accordion_item odd\"><h5 class=\"sc_accordion_title\"><span class=\"sc_accordion_icon_before icon-calendar-light\"><\/span><span class=\"sc_accordion_icon sc_accordion_icon_closed icon-down\"><\/span><span class=\"sc_accordion_icon sc_accordion_icon_opened icon-cancel\"><\/span>2010<\/h5><div class=\"sc_accordion_content\">[vc_column_text]<\/p>\n<div><strong><u>Tehnologie modernizat\u0103 de producere a materialului clonal la cartoful pentru s\u0103m\u00e2n\u0163\u0103 (1,9 MB)<\/u><\/strong>\u00a0&#8211;\u00a0<a href=\"https:\/\/potato.ro\/_publicatii_files\/tehnologie_cartof\/Tehnologie%20Samanta%20cartof%202010.pdf\" target=\"_blank\" rel=\"noopener\"><img loading=\"lazy\" decoding=\"async\" class=\"alignnone size-full wp-image-967 margine\" src=\"https:\/\/potato.ro\/wp-content\/uploads\/2017\/08\/pdf-outline-1.png\" alt=\"\" width=\"20\" height=\"20\" \/><\/a><br \/>\n<strong>Coordinators<\/strong>: INCDCSZ Bra\u015fov; Parteneri: USAMV Bucure\u015fti, ULB Sibiu, SCDA Suceava<br \/>\n<strong>Authors<\/strong>: Dr.ing. Nicoleta CHIRU, Dr. chim. Carmen BADARAU<br \/>\n<strong>Publishing House<\/strong>: S.C. Tipotex S.A., Bra\u015fov, 2010<\/div>\n<div><\/div>\n<p>[\/vc_column_text]<\/div><\/div><div class=\"sc_accordion_item even\"><h5 class=\"sc_accordion_title\"><span class=\"sc_accordion_icon_before icon-calendar-light\"><\/span><span class=\"sc_accordion_icon sc_accordion_icon_closed icon-down\"><\/span><span class=\"sc_accordion_icon sc_accordion_icon_opened icon-cancel\"><\/span>2003<\/h5><div class=\"sc_accordion_content\">[vc_column_text]<\/p>\n<div><strong><u>Tehnologii in cultura ecologica &#8211; Cartof, Sfecla pentru zahar<\/u><\/strong>\u00a0&#8211;\u00a0<a href=\"https:\/\/potato.ro\/_publicatii_files\/Tehnologii%20in%20agricultura%20ecologica%20-%20Cartof,%20sfecla%20pentru%20zahar.pdf\" target=\"_blank\" rel=\"noopener\"><img loading=\"lazy\" decoding=\"async\" class=\"alignnone size-full wp-image-967 margine\" src=\"https:\/\/potato.ro\/wp-content\/uploads\/2017\/08\/pdf-outline-1.png\" alt=\"\" width=\"20\" height=\"20\" \/> <\/a><br \/>\n<strong>Authors<\/strong>: Gavrila Morar, colab.<br \/>\n<strong>Publishing House<\/strong>: Risoprint ISBN: 973-656-551-3, Cluj-NapocaBra\u015fov, 2003<\/div>\n<p>[\/vc_column_text]<\/div><\/div><div class=\"sc_accordion_item odd\"><h5 class=\"sc_accordion_title\"><span class=\"sc_accordion_icon_before icon-calendar-light\"><\/span><span class=\"sc_accordion_icon sc_accordion_icon_closed icon-down\"><\/span><span class=\"sc_accordion_icon sc_accordion_icon_opened icon-cancel\"><\/span>2002<\/h5><div class=\"sc_accordion_content\">[vc_column_text]<\/p>\n<div><strong><u>Cultura cartofului pentru consum<\/u><\/strong>\u00a0&#8211;\u00a0 <a href=\"https:\/\/potato.ro\/site.potato.ro\/_publicatii_files\/Cultura%20cartofui%20pentru%20consum%20Sigismund%20Ianosi%2c%202002.pdf\" target=\"_blank\" rel=\"noopener\" data-wp-editing=\"1\"><img loading=\"lazy\" decoding=\"async\" class=\"margine alignnone wp-image-967 size-full\" src=\"https:\/\/potato.ro\/en\/wp-content\/uploads\/2017\/08\/pdf-outline-1-1-e1644322797957.png\" alt=\"\" width=\"20\" height=\"20\" \/><\/a><br \/>\n<strong>Authors<\/strong>: Ianosi Ioan Sigismund, Ianosi Maria Elena, Plamadeala Boris, Popescu Aurelian<br \/>\n<strong>Publishing House<\/strong>: PHOENIX, Brasov, 2002<\/div>\n<p>[\/vc_column_text]<\/div><\/div><div id=\"sc_accordion_item_1455014145897_2\" class=\"sc_accordion_item even\"><h5 class=\"sc_accordion_title\"><span class=\"sc_accordion_icon_before icon-calendar-light\"><\/span><span class=\"sc_accordion_icon sc_accordion_icon_closed icon-down\"><\/span><span class=\"sc_accordion_icon sc_accordion_icon_opened icon-cancel\"><\/span>1999<\/h5><div class=\"sc_accordion_content\">[vc_column_text]<\/p>\n<div><strong><u>Cultura cartofului<\/u><\/strong>\u00a0&#8211;\u00a0<a href=\"https:\/\/potato.ro\/_publicatii_files\/Cultura%20cartofului%20Gavrila%20Morar,%201999.pdf\" target=\"_blank\" rel=\"noopener\"><img loading=\"lazy\" decoding=\"async\" class=\"alignnone size-full wp-image-967 margine\" src=\"https:\/\/potato.ro\/wp-content\/uploads\/2017\/08\/pdf-outline-1.png\" alt=\"\" width=\"20\" height=\"20\" \/> <\/a><br \/>\n<strong>Author<\/strong>: Morar Gavril<br \/>\n<strong>Publishing House<\/strong>: Risoprint, ISBN 973-9464-14-9, Cluj-Napoca, 1999<\/div>\n<p>[\/vc_column_text]<\/div><\/div><div id=\"sc_accordion_item_1455014172433_10\" class=\"sc_accordion_item odd\"><h5 class=\"sc_accordion_title\"><span class=\"sc_accordion_icon_before icon-calendar-light\"><\/span><span class=\"sc_accordion_icon sc_accordion_icon_closed icon-down\"><\/span><span class=\"sc_accordion_icon sc_accordion_icon_opened icon-cancel\"><\/span>1985<\/h5><div class=\"sc_accordion_content\">[vc_column_text]<\/p>\n<div><strong><u>Ghidul fermierului &#8211; Cultura cartofului<\/u><\/strong>\u00a0&#8211;\u00a0<a href=\"https:\/\/potato.ro\/_publicatii_files\/Ghidul%20fermierului%20-%20Cultura%20cartofului%20Matei%20Berindei,%201985.pdf\" target=\"_blank\" rel=\"noopener\"><img loading=\"lazy\" decoding=\"async\" class=\"alignnone size-full wp-image-967 margine\" src=\"https:\/\/potato.ro\/wp-content\/uploads\/2017\/08\/pdf-outline-1.png\" alt=\"\" width=\"20\" height=\"20\" \/> <\/a><br \/>\n<strong>Author<\/strong>: Berindei M.<br \/>\n<strong>Publishing House<\/strong>: CERES, Bucuresti, 1985<\/div>\n<p>[\/vc_column_text]<\/div><\/div><\/div><\/div><\/div><div class=\"sc_section\" data-animation=\"animated zoomIn normal\"><div class=\"sc_section_inner\"><h1 class=\"sc_title sc_title_regular sc_align_left margin_top_huge margin_bottom_huge\" style=\"text-align:left;\"><strong>Technology of Sugar Beet<\/strong><\/h1><div class=\"sc_accordion\" data-active=\"0\"><div class=\"sc_accordion_item odd first\"><h5 class=\"sc_accordion_title\"><span class=\"sc_accordion_icon_before icon-calendar-light\"><\/span><span class=\"sc_accordion_icon sc_accordion_icon_closed icon-down\"><\/span><span class=\"sc_accordion_icon sc_accordion_icon_opened icon-cancel\"><\/span>2022<\/h5><div class=\"sc_accordion_content\">[vc_column_text]<em><strong>Ghid de bune practici pentru corectarea pH-ului solurilor acide prin utilizarea<br \/>\namendamentelor calcaroase \u0219i a n\u0103molului tehnologic din fabricile de zah\u0103r<\/strong><\/em>&#8211; <a href=\"https:\/\/potato.ro\/_publicatii_files\/tehnologie_sfecla\/tehnologie 2022a.pdf\" target=\"_blank\" rel=\"noopener\"><img loading=\"lazy\" decoding=\"async\" class=\"margine alignnone wp-image-967 size-full\" src=\"https:\/\/potato.ro\/wp-content\/uploads\/2017\/08\/pdf-outline-1-1-e1644313493345.png\" alt=\"\" width=\"20\" height=\"20\" \/><\/a><br \/>\n<strong>Authors<\/strong>: Ioan Gherman, Victor Donescu, Diana Petre, Carmen Chelmea<br \/>\n<strong>Publishing House<\/strong>: 2018, ISBN 978-973-0-37508-4<\/p>\n<p>[\/vc_column_text]<\/div><\/div><div class=\"sc_accordion_item even\"><h5 class=\"sc_accordion_title\"><span class=\"sc_accordion_icon_before icon-calendar-light\"><\/span><span class=\"sc_accordion_icon sc_accordion_icon_closed icon-down\"><\/span><span class=\"sc_accordion_icon sc_accordion_icon_opened icon-cancel\"><\/span>2018<\/h5><div class=\"sc_accordion_content\">[vc_column_text]<em><strong>Ghid de bune practici pentru producerea si recoltarea sfeclei de zah\u0103r Bra\u0219ov<\/strong><\/em>&#8211;\u00a0<a href=\"https:\/\/potato.ro\/_publicatii_files\/tehnologie_sfecla\/tehnologie 2018.pdf\" target=\"_blank\" rel=\"noopener\"><img loading=\"lazy\" decoding=\"async\" class=\"margine alignnone wp-image-967 size-full\" src=\"https:\/\/potato.ro\/wp-content\/uploads\/2017\/08\/pdf-outline-1-1-e1644313493345.png\" alt=\"\" width=\"20\" height=\"20\" \/><\/a><br \/>\n<strong>Authors<\/strong>: Ioan Gherman, Daniela Donescu, Victor Donescu<br \/>\n<strong>Publishing House<\/strong>: 2018, ISBN 978-9730-28283-2[\/vc_column_text]<\/div><\/div><div id=\"sc_accordion_item_1502441681321_6\" class=\"sc_accordion_item odd\"><h5 class=\"sc_accordion_title\"><span class=\"sc_accordion_icon_before icon-calendar-light\"><\/span><span class=\"sc_accordion_icon sc_accordion_icon_closed icon-down\"><\/span><span class=\"sc_accordion_icon sc_accordion_icon_opened icon-cancel\"><\/span>2014<\/h5><div class=\"sc_accordion_content\">[vc_column_text]<\/p>\n<div><strong><u>Tehnologie de combaterea integrala a bolilor si daunatorilor la sfecla de zahar<\/u><\/strong>\u00a0&#8211;\u00a0<a href=\"https:\/\/potato.ro\/_publicatii_files\/tehnologie_sfecla\/tehnologie2014.pdf\" target=\"_blank\" rel=\"noopener\"><img loading=\"lazy\" decoding=\"async\" class=\"alignnone size-full wp-image-967 margine\" src=\"https:\/\/potato.ro\/wp-content\/uploads\/2017\/08\/pdf-outline-1.png\" alt=\"\" width=\"20\" height=\"20\" \/> <\/a><br \/>\n<strong>Coordinator<\/strong>: INCDCSZ Bra\u015fov,<br \/>\n<strong>Author<\/strong>: Dr.ing. Victor DONESCU<br \/>\n<strong> Editura<\/strong>: INCDCSZ Bra\u015fov, Bra\u015fov, 2014<\/div>\n<div><strong><u>Tehnologie de valorificare durabila prin asolament a terenurilor agricole din tara Barsei<\/u><\/strong>\u00a0&#8211;\u00a0<a href=\"https:\/\/potato.ro\/_publicatii_files\/tehnologie_sfecla\/tehnologie2014b.pdf\" target=\"_blank\" rel=\"noopener\"><img loading=\"lazy\" decoding=\"async\" class=\"alignnone size-full wp-image-967 margine\" src=\"https:\/\/potato.ro\/wp-content\/uploads\/2017\/08\/pdf-outline-1.png\" alt=\"\" width=\"20\" height=\"20\" \/> <\/a><br \/>\n<strong>Coordinator<\/strong>: INCDCSZ Bra\u015fov, ICDP Bra\u015fov<br \/>\n<strong>Authors<\/strong>: Dr.ing. I. GHERMAN, Dr.ing. Vasile MOCANU, Dr.ing. T. A. ENE<br \/>\n<strong>Publishing House<\/strong>: Capolavoro Bra\u015fov, Bra\u015fov, 2014<\/div>\n<p>[\/vc_column_text]<\/div><\/div><div class=\"sc_accordion_item even\"><h5 class=\"sc_accordion_title\"><span class=\"sc_accordion_icon_before icon-calendar-light\"><\/span><span class=\"sc_accordion_icon sc_accordion_icon_closed icon-down\"><\/span><span class=\"sc_accordion_icon sc_accordion_icon_opened icon-cancel\"><\/span>2010<\/h5><div class=\"sc_accordion_content\">[vc_column_text]<\/p>\n<div><strong><u>Tehnologie modernizat\u0103 pentru plantele agricole specifice din \u0163ara B\u00e2rsei, cultivate \u00een rota\u0163ii, cu scopul instal\u0103rii st\u0103rii de agroclimax .PDF (2.6 MB)<\/u><\/strong>\u00a0&#8211;\u00a0<a href=\"https:\/\/potato.ro\/_publicatii_files\/tehnologie_sfecla\/tehnologie2010.pdf\" target=\"_blank\" rel=\"noopener\"><img loading=\"lazy\" decoding=\"async\" class=\"alignnone size-full wp-image-967 margine\" src=\"https:\/\/potato.ro\/wp-content\/uploads\/2017\/08\/pdf-outline-1.png\" alt=\"\" width=\"20\" height=\"20\" \/> <\/a><br \/>\n<strong>Coordinator<\/strong>: INCDCSZ Bra\u015fov, ICDP Bra\u015fov<br \/>\n<strong>Authors<\/strong>: Dr.ing. Gh. CLO\u021aAN, Dr.ing. V. MOCANU, Dr.ing. V. CARDA\u015eOL., Dr.ing. I. GHERMAN, Dr.ing. R.Taus, Drd.ing. Victoria MOCANU<br \/>\n<strong>Publishing House<\/strong>: S.C Tipotex S.A., Bra\u015fov, 2010<\/div>\n<p>[\/vc_column_text]<\/div><\/div><div class=\"sc_accordion_item odd\"><h5 class=\"sc_accordion_title\"><span class=\"sc_accordion_icon_before icon-calendar-light\"><\/span><span class=\"sc_accordion_icon sc_accordion_icon_closed icon-down\"><\/span><span class=\"sc_accordion_icon sc_accordion_icon_opened icon-cancel\"><\/span>2008<\/h5><div class=\"sc_accordion_content\">[vc_column_text]<\/p>\n<div><strong><u>Tehnologie de cultivarea a sfeclei de zah\u0103r pentru producerea de biomasa utilizate in obtinerea de bioetanol .PDF (1,4 MB)\u00a0<\/u><\/strong>&#8211;\u00a0<a href=\"https:\/\/potato.ro\/_publicatii_files\/tehnologie_sfecla\/tehnologie2008.pdf\" target=\"_blank\" rel=\"noopener\"><img loading=\"lazy\" decoding=\"async\" class=\"alignnone size-full wp-image-967 margine\" src=\"https:\/\/potato.ro\/wp-content\/uploads\/2017\/08\/pdf-outline-1.png\" alt=\"\" width=\"20\" height=\"20\" \/> <\/a><br \/>\n<strong>Coordinator<\/strong>: INCDCSZ Bra\u015fov<br \/>\n<strong>Authors<\/strong>: Dr.ing. Ioan GHERMAN, Dr.ing. Gheorghe CLO\u021aAN, Drd.ing. Radu TAUS<br \/>\n<strong>Publishing House<\/strong>: S.C Tipotex S.A, Bra\u015fov, 2008<\/div>\n<p>[\/vc_column_text]<\/div><\/div><div id=\"sc_accordion_item_1455014145897_2\" class=\"sc_accordion_item even\"><h5 class=\"sc_accordion_title\"><span class=\"sc_accordion_icon_before icon-calendar-light\"><\/span><span class=\"sc_accordion_icon sc_accordion_icon_closed icon-down\"><\/span><span class=\"sc_accordion_icon sc_accordion_icon_opened icon-cancel\"><\/span>2006<\/h5><div class=\"sc_accordion_content\">[vc_column_text]<\/p>\n<div><strong><u>Tehnologie modernizat\u0103 de cultivarea a sfeclei de zah\u0103r cu optimizarea factorilor de produc\u0163ie .PDF (2,6 MB)\u00a0<\/u><\/strong>&#8211;\u00a0<a href=\"https:\/\/potato.ro\/_publicatii_files\/tehnologie_sfecla\/tehnologie2006.pdf\" target=\"_blank\" rel=\"noopener\"><img loading=\"lazy\" decoding=\"async\" class=\"alignnone size-full wp-image-967 margine\" src=\"https:\/\/potato.ro\/wp-content\/uploads\/2017\/08\/pdf-outline-1.png\" alt=\"\" width=\"20\" height=\"20\" \/><\/a><br \/>\n<strong>Coordinator<\/strong>: INCDCSZ Bra\u015fov<br \/>\n<strong>Authors<\/strong>: Dr.ing. Ioan GHERMAN, Dr.ing. Gheorghe CLO\u021aAN<br \/>\n<strong>Publishing House<\/strong>: S.C Tipotex S.A, Bra\u015fov, 2006<\/div>\n<p>[\/vc_column_text]<\/div><\/div><div id=\"sc_accordion_item_1455014172433_10\" class=\"sc_accordion_item odd\"><h5 class=\"sc_accordion_title\"><span class=\"sc_accordion_icon_before icon-calendar-light\"><\/span><span class=\"sc_accordion_icon sc_accordion_icon_closed icon-down\"><\/span><span class=\"sc_accordion_icon sc_accordion_icon_opened icon-cancel\"><\/span>2005<\/h5><div class=\"sc_accordion_content\">[vc_column_text]<\/p>\n<div><strong><u>Tehnologie modernizat\u0103 de fertilizarea a sfeclei de zah\u0103r .PDF (1,3 MB)\u00a0<\/u><\/strong>&#8211;\u00a0<a href=\"https:\/\/potato.ro\/_publicatii_files\/tehnologie_sfecla\/tehnologie2005.pdf\" target=\"_blank\" rel=\"noopener\"><img loading=\"lazy\" decoding=\"async\" class=\"alignnone size-full wp-image-967 margine\" src=\"https:\/\/potato.ro\/wp-content\/uploads\/2017\/08\/pdf-outline-1.png\" alt=\"\" width=\"20\" height=\"20\" \/> <\/a><br \/>\n<strong>Coordinator<\/strong>: INCDCSZ Bra\u015fov<br \/>\n<strong>Authors<\/strong>: Dr.ing. Gheorghe CLO\u021aAN, Viorica CLO\u021aAN, Dr.ing. Ioan GHERMAN<br \/>\n<strong>Publishing House<\/strong>: S.C Tipotex S.A., Bra\u015fov, 2005<\/div>\n<p>[\/vc_column_text]<\/div><\/div><\/div><\/div><\/div>[\/vc_column][vc_column]<h1 class=\"sc_title sc_title_regular sc_align_left margin_top_huge margin_bottom_huge\" style=\"text-align:left;\"><strong>Technology of turkey\u00a0<\/strong><\/h1>[vc_column_text]<strong>Ghid tehnologic pentru cresterea si \u00eengr\u0103\u0219area broilerului de curc\u0103<\/strong><em><strong>\u00a0<\/strong><\/em>&#8211;\u00a0<a href=\"https:\/\/potato.ro\/_publicatii_files\/tehnologie_sfecla\/tehnologie 2022c.png\" target=\"_blank\" rel=\"noopener\"><img loading=\"lazy\" decoding=\"async\" class=\"margine alignnone wp-image-967 size-full\" src=\"https:\/\/potato.ro\/wp-content\/uploads\/2017\/08\/pdf-outline-1-1-e1644313493345.png\" alt=\"\" width=\"20\" height=\"20\" \/><\/a><br \/>\n<strong>Authors:<\/strong>\u00a0Emil Neacsa, Virgil Ni\u021bu, Carmen Mihaela Chelmea<br \/>\n<strong>Publishing House:<\/strong> AcademicPres, Cluj Napoca, 2022, ISBN[\/vc_column_text][\/vc_column][\/vc_row][vc_row][vc_column][\/vc_column][\/vc_row]<\/p>\n","protected":false},"excerpt":{"rendered":"<p>[vc_row][vc_column css=&#8221;.vc_custom_1502446254953{margin-right: -50px !important;}&#8221;][\/vc_column][vc_column][vc_column_text]Ghid tehnologic pentru cresterea si \u00eengr\u0103\u0219area broilerului de curc\u0103\u00a0&#8211;\u00a0 Authors:\u00a0Emil Neacsa, Virgil Ni\u021bu, Carmen Mihaela Chelmea Publishing House: AcademicPres, Cluj Napoca, 2022, ISBN[\/vc_column_text][\/vc_column][\/vc_row][vc_row][vc_column][\/vc_column][\/vc_row]<\/p>\n","protected":false},"author":1,"featured_media":0,"parent":0,"menu_order":0,"comment_status":"open","ping_status":"open","template":"","meta":{"footnotes":""},"class_list":["post-52","page","type-page","status-publish","hentry"],"_links":{"self":[{"href":"https:\/\/potato.ro\/en\/wp-json\/wp\/v2\/pages\/52","targetHints":{"allow":["GET"]}}],"collection":[{"href":"https:\/\/potato.ro\/en\/wp-json\/wp\/v2\/pages"}],"about":[{"href":"https:\/\/potato.ro\/en\/wp-json\/wp\/v2\/types\/page"}],"author":[{"embeddable":true,"href":"https:\/\/potato.ro\/en\/wp-json\/wp\/v2\/users\/1"}],"replies":[{"embeddable":true,"href":"https:\/\/potato.ro\/en\/wp-json\/wp\/v2\/comments?post=52"}],"version-history":[{"count":7,"href":"https:\/\/potato.ro\/en\/wp-json\/wp\/v2\/pages\/52\/revisions"}],"predecessor-version":[{"id":3956,"href":"https:\/\/potato.ro\/en\/wp-json\/wp\/v2\/pages\/52\/revisions\/3956"}],"wp:attachment":[{"href":"https:\/\/potato.ro\/en\/wp-json\/wp\/v2\/media?parent=52"}],"curies":[{"name":"wp","href":"https:\/\/api.w.org\/{rel}","templated":true}]}}