{"id":48,"date":"2018-09-05T11:30:10","date_gmt":"2018-09-05T11:30:10","guid":{"rendered":"https:\/\/potato.ro\/en\/sesiunea-de-comunicari-stiintifice\/"},"modified":"2025-12-05T14:38:36","modified_gmt":"2025-12-05T12:38:36","slug":"arhiva-conferinte-sesiuni-de-comunicari-stiintifice","status":"publish","type":"page","link":"https:\/\/potato.ro\/en\/arhiva-conferinte-sesiuni-de-comunicari-stiintifice\/","title":{"rendered":"Archive &#8211; Anual conference \/ scientific communication sessions"},"content":{"rendered":"<p>[vc_row][vc_column]<div class=\"sc_section\" data-animation=\"animated zoomIn normal\"><div class=\"sc_section_inner\"><h1 class=\"sc_title sc_title_regular sc_align_left margin_bottom_huge\" style=\"text-align:left;\"><\/p>\n<p style=\"text-align: center;\">Anual conference \/ scientific communication sessions<br \/>\nNIRDPSB Bra\u0219ov<\/p>\n<p><\/h1><div class=\"sc_accordion\" data-active=\"0\"><div id=\"sc_accordion_item_1733225580091_6\" class=\"sc_accordion_item odd first\"><h5 class=\"sc_accordion_title\"><span class=\"sc_accordion_icon_before icon-calendar-light\"><\/span><span class=\"sc_accordion_icon sc_accordion_icon_closed icon-down\"><\/span><span class=\"sc_accordion_icon sc_accordion_icon_opened icon-cancel\"><\/span>2025<\/h5><div class=\"sc_accordion_content\">[vc_column_text]<strong>Scientific conference<\/strong>\u00a0<strong>\u201eAbord\u0103ri de cercetare sustenabil\u0103 pentru sisteme agro-alimentare reziliente\u201d NIRDPSB <\/strong><strong>Brasov, 27 November 2025<br \/>\n<\/strong><\/p>\n<p><a href=\"https:\/\/potato.ro\/galerie-conferinta-stiintifica-2025\/\" target=\"_blank\" rel=\"noopener\">The photo gallery<\/a><\/p>\n<p><a href=\"https:\/\/potato.ro\/_publicatii_files\/SesiuniAnula\/Prezentare%20sesiunea%20stiintifica%202025\/Invitatie%20Conferin%C8%9B%C4%83%20INCDCSZ%20-%20ICDCRM%20-%20INCDBH,%20Brasov%202025.pdf\" target=\"_blank\" rel=\"noopener\">The Invitation<\/a><\/p>\n<p><a href=\"https:\/\/potato.ro\/_publicatii_files\/SesiuniAnula\/Prezentare%20sesiunea%20stiintifica%202025\/Volum%20rezumate%20conferinta%20INCDCSZ%202025%20.pdf\" target=\"_blank\" rel=\"noopener\">The abstracts<\/a>[\/vc_column_text]<\/div><\/div><div id=\"sc_accordion_item_1733225580091_6\" class=\"sc_accordion_item even\"><h5 class=\"sc_accordion_title\"><span class=\"sc_accordion_icon_before icon-calendar-light\"><\/span><span class=\"sc_accordion_icon sc_accordion_icon_closed icon-down\"><\/span><span class=\"sc_accordion_icon sc_accordion_icon_opened icon-cancel\"><\/span>2024<\/h5><div class=\"sc_accordion_content\">[vc_column_text]<strong>Scientific conference<\/strong>\u00a0<strong>\u201e Contribu\u021bia cercet\u0103rii \u0219tiin\u021bifice la dezvoltarea durabil\u0103, \u00een contextul provoc\u0103rilor actuale din agricultur\u0103 \u201d NIRDPSB <\/strong><strong>Brasov, 29 November 2024<br \/>\n<\/strong><\/p>\n<p><a href=\"https:\/\/potato.ro\/galerie-conferinta-stiintifica-2024\/\" target=\"_blank\" rel=\"noopener\">The photo gallery<\/a><\/p>\n<p><a href=\"https:\/\/potato.ro\/_publicatii_files\/SesiuniAnula\/Prezentare%20sesiunea%20stiintifica%202024\/Invitatie%20Conferinta%20INCDCSZ%202024.pdf\" target=\"_blank\" rel=\"noopener\">The Invitation<\/a><\/p>\n<p><a href=\"https:\/\/potato.ro\/_publicatii_files\/SesiuniAnula\/Prezentare%20sesiunea%20stiintifica%202024\/Volum%20rezumate%20conferinta%20INCDCSZ%202024.pdf\" target=\"_blank\" rel=\"noopener\">The abstracts<\/a>[\/vc_column_text]<\/div><\/div><div class=\"sc_accordion\" data-active=\"0\"><\/div><div id=\"sc_accordion_item_1502458372322_9\" class=\"sc_accordion_item odd first\"><h5 class=\"sc_accordion_title\"><span class=\"sc_accordion_icon_before icon-calendar-light\"><\/span><span class=\"sc_accordion_icon sc_accordion_icon_closed icon-down\"><\/span><span class=\"sc_accordion_icon sc_accordion_icon_opened icon-cancel\"><\/span>2021<\/h5><div class=\"sc_accordion_content\">[vc_column_text]<strong>Conferin\u0163a na\u0163ional\u0103 cu participare interna\u021bional\u0103 \u201eCercetare \u015ftiin\u0163ific\u0103 \u015fi inovare \u00een contextul extinderii agriculturii de precizie \u015fi a moderniz\u0103rii sistemelor tehnologice\u201d, NIRDPSB Brasov, 27 \u2013 28 November 2021<\/strong><strong><br \/>\n<\/strong><\/p>\n<p><a href=\"https:\/\/potato.ro\/conferinta-2021\/\">The photo gallery<\/a><\/p>\n<p><a href=\"https:\/\/potato.ro\/wp-content\/uploads\/2022\/01\/Invitatie-Program-Sesiune-INCDCSZ-2021.pdf\">Inviration in RO <\/a><\/p>\n<p><a href=\"https:\/\/potato.ro\/wp-content\/uploads\/2022\/01\/Rezumate-Sesiune-INCDCSZ-2021.pdf\">The abstracts<\/a><\/p>\n<p><\/div><\/div><div id=\"sc_accordion_item_1502458372322_9\" class=\"sc_accordion_item even\"><h5 class=\"sc_accordion_title\"><span class=\"sc_accordion_icon_before icon-calendar-light\"><\/span><span class=\"sc_accordion_icon sc_accordion_icon_closed icon-down\"><\/span><span class=\"sc_accordion_icon sc_accordion_icon_opened icon-cancel\"><\/span>2019<\/h5><div class=\"sc_accordion_content\">[vc_column_text]<strong>Conferin\u0163a na\u0163ional\u0103 cu participare interna\u021bional\u0103 \u201eCercetare \u015ftiin\u0163ific\u0103 \u015fi inovare \u00een contextul extinderii agriculturii de precizie \u015fi a moderniz\u0103rii sistemelor tehnologice\u201d, NIRDPSB Bra\u015fov, 27 \u2013 28 November 2019<\/strong><strong><br \/>\n<\/strong><\/p>\n<p><a href=\"https:\/\/potato.ro\/conferinta-2019\/\">The photo gallery<\/a><\/p>\n<p><a href=\"https:\/\/potato.ro\/wp-content\/uploads\/2020\/09\/Invitation-EN-Conference-2019.pdf\">Invitatie EN<\/a><\/p>\n<p><a href=\"https:\/\/potato.ro\/wp-content\/uploads\/2020\/09\/Brosura-Text-Rezumate-2019.pdf\">The abstract<\/a><\/p>\n<p><\/div><\/div><div id=\"sc_accordion_item_1502458372322_9\" class=\"sc_accordion_item odd\"><h5 class=\"sc_accordion_title\"><span class=\"sc_accordion_icon_before icon-calendar-light\"><\/span><span class=\"sc_accordion_icon sc_accordion_icon_closed icon-down\"><\/span><span class=\"sc_accordion_icon sc_accordion_icon_opened icon-cancel\"><\/span>2018<\/h5><div class=\"sc_accordion_content\">[vc_column_text]<a href=\"https:\/\/potato.ro\/en\/conferinta-dedicata-centenarului-unirii-1918-2018-2\/\">National Conference<\/a> with international participation on\u00a0\u201eScientific research and innovation in the context of expanding precision agriculture\u00a0and modernizing technological systems \u201e<strong>Conferin\u0163\u0103 dedicat\u0103 Centenarului Unirii 1918-2018\u2033, Brasov 27-28 September 2018<br \/>\n<\/strong><\/p>\n<p><a href=\"https:\/\/potato.ro\/en\/conferinta-2018\/\">The photo gallery<\/a><\/p>\n<p><a href=\"https:\/\/potato.ro\/en\/wp-content\/uploads\/2019\/01\/Invitatie-Conferinta-INCDCSZ-Brasov-2018-eng.pdf\">Invitation<\/a><\/p>\n<p><a href=\"https:\/\/potato.ro\/en\/wp-content\/uploads\/2019\/01\/Rezumat-Conferinta-2018.pdf\">The abstract<\/a>[\/vc_column_text]<\/div><\/div><div id=\"sc_accordion_item_1502458372322_9\" class=\"sc_accordion_item even\"><h5 class=\"sc_accordion_title\"><span class=\"sc_accordion_icon_before icon-calendar-light\"><\/span><span class=\"sc_accordion_icon sc_accordion_icon_closed icon-down\"><\/span><span class=\"sc_accordion_icon sc_accordion_icon_opened icon-cancel\"><\/span>2017<\/h5><div class=\"sc_accordion_content\">[vc_column_text]<strong>Sesiune jubiliar\u0103 de comunic\u0103ri \u0219tiin\u021bifice \u201c50 de ani de activitate \u00een cercetarea agricol\u0103 rom\u00e2nesc\u0103\u201d, Brasov, 28 noiembrie 2017<br \/>\n<\/strong><strong>VOLUM JUBILIAR \u2013 50 DE ANI DE ANI DE ACTIVITATE \u00ceN CERCETAREA AGRICOL\u0102 ROM\u00c2NEASC\u0102<\/strong><a href=\"https:\/\/potato.ro\/en\/wp-content\/uploads\/2018\/09\/Anale-50-Con%C8%9Binut.pdf\"><img loading=\"lazy\" decoding=\"async\" class=\"alignnone size-full wp-image-967 margine\" src=\"https:\/\/potato.ro\/en\/wp-content\/uploads\/2017\/08\/pdf-outline-1.png\" alt=\"\" width=\"20\" height=\"20\" \/><\/a><br \/>\n<strong>Editori:<\/strong> Sorin CHIRU, Gheorghe OLTEANU, Victor DONESCU<br \/>\n<a href=\"https:\/\/potato.ro\/en\/galerie-50-de-ani-de-activitate-in-cercetarea-agricola-romanesca\/\"><strong>the photo gallery<\/strong><\/a><br \/>\n<a href=\"https:\/\/potato.ro\/en\/wp-content\/uploads\/2018\/10\/Invitatie-Sesiune-2017-1.pdf\"><strong>Invitation<\/strong><\/a>[\/vc_column_text]<\/div><\/div><div id=\"sc_accordion_item_1502458372322_9\" class=\"sc_accordion_item odd\"><h5 class=\"sc_accordion_title\"><span class=\"sc_accordion_icon_before icon-calendar-light\"><\/span><span class=\"sc_accordion_icon sc_accordion_icon_closed icon-down\"><\/span><span class=\"sc_accordion_icon sc_accordion_icon_opened icon-cancel\"><\/span>2016<\/h5><div class=\"sc_accordion_content\">[vc_column_text]<strong><u>Climatic changes, a permanent challenge for agricultural research on potato, sugar beet, cereals and medicinal plants<\/u>, 25.05.2016<\/strong><br \/>\n<strong>Rezumat:<\/strong> <a href=\"https:\/\/potato.ro\/en\/_publicatii_files\/SesiuniAnula\/Prezentari%20sesiunea%20stiintifica%202016\/Abstract%20book%20International%20Conferince%202016.pdf\" target=\"_blank\" rel=\"noopener\"> detalii <\/a><br \/>\n<strong>Postere:<\/strong> <a href=\"https:\/\/potato.ro\/en\/_publicatii_files\/SesiuniAnula\/Prezentari%20sesiunea%20stiintifica%202016\/Poster%20Presentations%20International%20Conferince%202016.pdf\" target=\"_blank\" rel=\"noopener\"> detalii <\/a><br \/>\n<strong>Prezent\u0103ri:<\/strong> <a href=\"https:\/\/potato.ro\/en\/_publicatii_files\/SesiuniAnula\/Prezentari%20sesiunea%20stiintifica%202016\/Program%20International%20Conferince%202016.pdf\" target=\"_blank\" rel=\"noopener\"> detalii <\/a><br \/>\n<strong>Invitatie:<\/strong> <a href=\"https:\/\/potato.ro\/en\/_publicatii_files\/SesiuniAnula\/Invitatie%20Eng.pdf\" target=\"_blank\" rel=\"noopener\"> detalii <\/a>[\/vc_column_text]<\/div><\/div><div class=\"sc_accordion_item even\"><h5 class=\"sc_accordion_title\"><span class=\"sc_accordion_icon_before icon-calendar-light\"><\/span><span class=\"sc_accordion_icon sc_accordion_icon_closed icon-down\"><\/span><span class=\"sc_accordion_icon sc_accordion_icon_opened icon-cancel\"><\/span>2015<\/h5><div class=\"sc_accordion_content\">[vc_column_text]<strong><u>Sesiunea anual\u0103 de Comunic\u0103ri \u015etiin\u0163ifice<\/u>, 18.12.2015<\/strong><br \/>\n<strong>Rezumat:<\/strong> <a href=\"https:\/\/potato.ro\/en\/_publicatii_files\/SesiuniAnula\/Prezentari%20sesiunea%20stiintifica%202015\/Rezumate%20sesiune%20st%20INCDCSZ%202015.pdf\" target=\"_blank\" rel=\"noopener\"> detalii <\/a><br \/>\n<strong>Prezent\u0103ri:<\/strong> <a href=\"https:\/\/potato.ro\/en\/_publicatii_files\/SesiuniAnula\/Prezentari%20sesiunea%20stiintifica%202015\/Program%20prezentari%20sustinute%20sesiune%202015.pdf\" target=\"_blank\" rel=\"noopener\"> detalii <\/a><br \/>\n<strong>Invitatie:<\/strong> <a href=\"https:\/\/potato.ro\/en\/_publicatii_files\/SesiuniAnula\/Invitatie%20Sesiune%202015.pdf\" target=\"_blank\" rel=\"noopener\"> detalii <\/a>[\/vc_column_text]<\/div><\/div><div class=\"sc_accordion_item odd\"><h5 class=\"sc_accordion_title\"><span class=\"sc_accordion_icon_before icon-calendar-light\"><\/span><span class=\"sc_accordion_icon sc_accordion_icon_closed icon-down\"><\/span><span class=\"sc_accordion_icon sc_accordion_icon_opened icon-cancel\"><\/span>2014<\/h5><div class=\"sc_accordion_content\">[vc_column_text]the photo gallery<strong><u>, sfecla de zah\u0103r \u015fi plantele medicinale &#8211; elemente esen\u0163iale in agricultura sustenabil\u0103<\/u>, 11.12.2014<\/strong><br \/>\n<strong>Rezumat:<\/strong> <a href=\"https:\/\/potato.ro\/en\/_publicatii_files\/SesiuniAnula\/Prezentari%20sesiunea%20stiintifica%202014\/Rezumate%20sesiune%20st%20INCDCSZ%202014.pdf\" target=\"_blank\" rel=\"noopener\"> detalii <\/a><br \/>\n<strong>Postere:<\/strong> <a href=\"https:\/\/potato.ro\/en\/_publicatii_files\/SesiuniAnula\/Prezentari%20sesiunea%20stiintifica%202014\/Poster%20sesiune%20stiintifica%202014.pdf\" target=\"_blank\" rel=\"noopener\"> detalii <\/a><br \/>\n<strong>Prezent\u0103ri:<\/strong> <a href=\"https:\/\/potato.ro\/en\/_publicatii_files\/SesiuniAnula\/Prezentari%20sesiunea%20stiintifica%202014\/Program%20prezentari%20sustinute%20sesiune%202014.pdf\" target=\"_blank\" rel=\"noopener\"> detalii <\/a><\/p>\n<p><strong>Invitatie:<\/strong> <a href=\"https:\/\/potato.ro\/en\/_publicatii_files\/SesiuniAnula\/Invitatie%20Sesiune%202014.pdf\" target=\"_blank\" rel=\"noopener\"> detalii<\/a>[\/vc_column_text]<\/div><\/div><div id=\"sc_accordion_item_1455014145897_2\" class=\"sc_accordion_item even\"><h5 class=\"sc_accordion_title\"><span class=\"sc_accordion_icon_before icon-calendar-light\"><\/span><span class=\"sc_accordion_icon sc_accordion_icon_closed icon-down\"><\/span><span class=\"sc_accordion_icon sc_accordion_icon_opened icon-cancel\"><\/span>2013<\/h5><div class=\"sc_accordion_content\">[vc_column_text]<strong><u>Cercetare \u015ftiin\u0163ific\u0103 \u015fi inovare la INCDCSZ Bra\u015fov<\/u>, 04.12.2013<\/strong><br \/>\n<strong>Rezumat:<\/strong> <a href=\"https:\/\/potato.ro\/en\/_publicatii_files\/SesiuniAnula\/Rezumate%20sesiune%20st%20INCDCSZ%202013.pdf\" target=\"_blank\" rel=\"noopener\"> detalii <\/a><br \/>\n<strong>Postere:<\/strong> <a href=\"https:\/\/potato.ro\/en\/_publicatii_files\/SesiuniAnula\/Poster%20sesiune%20stiintifica%202013.pdf\" target=\"_blank\" rel=\"noopener\"> detalii <\/a><br \/>\n<strong>Prezent\u0103ri:<\/strong> <a href=\"https:\/\/potato.ro\/en\/_publicatii_files\/SesiuniAnula\/Program%20prezentari%20sustinute%20sesiune%202013.pdf\" target=\"_blank\" rel=\"noopener\"> detalii <\/a><br \/>\n<strong>Invitatie:<\/strong> <a href=\"https:\/\/potato.ro\/en\/_publicatii_files\/SesiuniAnula\/Invitatie%20Sesiune%202013.pdf\" target=\"_blank\" rel=\"noopener\"> detalii <\/a>[\/vc_column_text]<\/div><\/div><div id=\"sc_accordion_item_1455014172433_10\" class=\"sc_accordion_item odd\"><h5 class=\"sc_accordion_title\"><span class=\"sc_accordion_icon_before icon-calendar-light\"><\/span><span class=\"sc_accordion_icon sc_accordion_icon_closed icon-down\"><\/span><span class=\"sc_accordion_icon sc_accordion_icon_opened icon-cancel\"><\/span>2012<\/h5><div class=\"sc_accordion_content\">[vc_column_text]<strong><u>45 de ani de cercetare-dezvoltare: tradi\u0163ie, continuitate \u015fi viitor pentru agricultura Rom\u00e2niei<\/u>, 12.12.2012<\/strong><br \/>\n<strong>Rezumat:<\/strong> <a href=\"https:\/\/potato.ro\/en\/_publicatii_files\/SesiuniAnula\/Rezumatele%20lucrarilor%20sesiuni%20stiintifice%202012.pdf\" target=\"_blank\" rel=\"noopener\"> detalii <\/a><br \/>\n<strong>Postere:<\/strong> <a href=\"https:\/\/potato.ro\/en\/_publicatii_files\/SesiuniAnula\/Postere%20sesiune%20stiintifica%202012.pdf\" target=\"_blank\" rel=\"noopener\"> detalii <\/a><br \/>\n<strong>Prezent\u0103ri:<\/strong> <a href=\"https:\/\/potato.ro\/en\/_publicatii_files\/SesiuniAnula\/Program%20prezentari%20sustinute%20sesiune%202012.pdf\" target=\"_blank\" rel=\"noopener\"> detalii <\/a><br \/>\n<strong>Invitatie:<\/strong> <a href=\"https:\/\/potato.ro\/en\/_publicatii_files\/SesiuniAnula\/Invitatie%20Sesiune%20INCDCSZ%20.pdf\" target=\"_blank\" rel=\"noopener\"> detalii<\/a>[\/vc_column_text]<\/div><\/div><div id=\"sc_accordion_item_1455014192185_3\" class=\"sc_accordion_item even\"><h5 class=\"sc_accordion_title\"><span class=\"sc_accordion_icon_before icon-calendar-light\"><\/span><span class=\"sc_accordion_icon sc_accordion_icon_closed icon-down\"><\/span><span class=\"sc_accordion_icon sc_accordion_icon_opened icon-cancel\"><\/span>2011<\/h5><div class=\"sc_accordion_content\">[vc_column_text]<strong><u>Oportunit\u0103\u0163i \u00een modernizarea cercet\u0103rilor la cartof, sfecla de zah\u0103r \u015fi plante medicinale<\/u>, 20.12.2011<\/strong><br \/>\n<strong>Rezumat:<\/strong> <a href=\"https:\/\/potato.ro\/en\/_publicatii_files\/SesiuniAnula\/Rezumate%20sesiunea%20stiintifica%202011.pdf\" target=\"_blank\" rel=\"noopener\"> detalii <\/a><br \/>\n<strong>Prezent\u0103ri:<\/strong> <a href=\"https:\/\/potato.ro\/en\/_publicatii_files\/SesiuniAnula\/Program%20sesiunea%202011.pdf\" target=\"_blank\" rel=\"noopener\"> detalii <\/a><br \/>\n<strong>Invitatie:<\/strong> <a href=\"https:\/\/potato.ro\/en\/_publicatii_files\/SesiuniAnula\/Invitatie%202011.pdf\" target=\"_blank\" rel=\"noopener\"> detalii<\/a>[\/vc_column_text]<\/div><\/div><div id=\"sc_accordion_item_1455014216009_4\" class=\"sc_accordion_item odd\"><h5 class=\"sc_accordion_title\"><span class=\"sc_accordion_icon_before icon-calendar-light\"><\/span><span class=\"sc_accordion_icon sc_accordion_icon_closed icon-down\"><\/span><span class=\"sc_accordion_icon sc_accordion_icon_opened icon-cancel\"><\/span>2010<\/h5><div class=\"sc_accordion_content\">[vc_column_text]<strong><u>New challenges in research on potato, sugar beet and medicinal plants in terms of climatic, global and economic changes &#8211; versiune in Engleza<\/u>, 25.11.2010<\/strong><br \/>\n<strong>Rezumat:<\/strong> <a href=\"https:\/\/potato.ro\/en\/_publicatii_files\/SesiuniAnula\/brosura%20rezumate%202010.pdf\" target=\"_blank\" rel=\"noopener\"> detalii <\/a><br \/>\n<strong>Postere:<\/strong> <a href=\"https:\/\/potato.ro\/en\/_publicatii_files\/SesiuniAnula\/All%20Posters%20En.pdf\" target=\"_blank\" rel=\"noopener\"> detalii <\/a><br \/>\n<strong>Prezent\u0103ri:<\/strong> <a href=\"https:\/\/potato.ro\/en\/_publicatii_files\/SesiuniAnula\/Program%20oral%20Presentations%20En.pdf\" target=\"_blank\" rel=\"noopener\"> detalii <\/a><br \/>\n<strong>Invitatie:<\/strong> <a href=\"https:\/\/potato.ro\/en\/_publicatii_files\/SesiuniAnula\/Invitatie%20Eng.pdf\" target=\"_blank\" rel=\"noopener\"> detalii <\/a>[\/vc_column_text]<\/div><\/div><div id=\"sc_accordion_item_1455014216009_4\" class=\"sc_accordion_item even\"><h5 class=\"sc_accordion_title\"><span class=\"sc_accordion_icon_before icon-calendar-light\"><\/span><span class=\"sc_accordion_icon sc_accordion_icon_closed icon-down\"><\/span><span class=\"sc_accordion_icon sc_accordion_icon_opened icon-cancel\"><\/span>2009<\/h5><div class=\"sc_accordion_content\">[vc_column_text]<strong><u>Cartoful, sfecla de zah\u0103r \u015fi plantele medicinale &#8211; parteneriat pentru viitor<\/u>, 09.12.2009<\/strong><br \/>\n<strong>Rezumat:<\/strong> <a href=\"https:\/\/potato.ro\/en\/_publicatii_files\/SesiuniAnula\/Rezumate%20sesiunea%20stiintifica%202009.pdf\" target=\"_blank\" rel=\"noopener\"> detalii <\/a><br \/>\n<strong>Postere:<\/strong> <a href=\"https:\/\/potato.ro\/en\/_publicatii_files\/SesiuniAnula\/Postere%20sesiunea%20stiintifica%20INCDCSZ%202009.pdf\" target=\"_blank\" rel=\"noopener\"> detalii <\/a><br \/>\n<strong>Prezent\u0103ri:<\/strong> <a href=\"https:\/\/potato.ro\/en\/_publicatii_files\/SesiuniAnula\/Prezentari%20sesiunea%20stiintifica%20INCDCSZ%202009.pdf\" target=\"_blank\" rel=\"noopener\"> detalii <\/a><br \/>\n<strong>Invitatie:<\/strong> <a href=\"https:\/\/potato.ro\/en\/_publicatii_files\/SesiuniAnula\/Invitatie.pdf\" target=\"_blank\" rel=\"noopener\"> detalii<\/a>[\/vc_column_text]<\/div><\/div><div id=\"sc_accordion_item_1455014216009_4\" class=\"sc_accordion_item odd\"><h5 class=\"sc_accordion_title\"><span class=\"sc_accordion_icon_before icon-calendar-light\"><\/span><span class=\"sc_accordion_icon sc_accordion_icon_closed icon-down\"><\/span><span class=\"sc_accordion_icon sc_accordion_icon_opened icon-cancel\"><\/span>2008<\/h5><div class=\"sc_accordion_content\">[vc_column_text]<strong><u>The 17th Triennial Conference Of the European Association for Potato Research July 6 &#8211; 10, 2008, Brasov, Romania &#8211; Potato for a Changing World<\/u>, 10.07.2008<\/strong><br \/>\n<strong>Rezumat:<\/strong> <a href=\"https:\/\/potato.ro\/en\/en\/eapr2008-brasov.com\/files\/EAPR08-AB-pdf\/EAPR2008-ABSTRACTS_BOOK.pdf\" target=\"_blank\" rel=\"noopener\"> detalii <\/a><br \/>\n<strong>Invitatie:<\/strong> <a href=\"https:\/\/potato.ro\/en\/_graphx\/Primul%20anunt.pdf\" target=\"_blank\" rel=\"noopener\"> detalii <\/a>[\/vc_column_text]<\/div><\/div><div id=\"sc_accordion_item_1455014216009_4\" class=\"sc_accordion_item even\"><h5 class=\"sc_accordion_title\"><span class=\"sc_accordion_icon_before icon-calendar-light\"><\/span><span class=\"sc_accordion_icon sc_accordion_icon_closed icon-down\"><\/span><span class=\"sc_accordion_icon sc_accordion_icon_opened icon-cancel\"><\/span>2007<\/h5><div class=\"sc_accordion_content\">[vc_column_text]<strong><u>INCDCSZ Brasov &#8211; 40 de ani de cercetare \u00een domeniul cartofului \u015fi sfeclei de zah\u0103r<\/u>, 25.10.2007<\/strong><br \/>\n<strong>Rezumat:<\/strong> <a href=\"https:\/\/potato.ro\/en\/_publicatii_files\/SesiuniAnula\/Progam-40%20mini.pdf\" target=\"_blank\" rel=\"noopener\"> detalii <\/a><br \/>\n<strong>Postere:<\/strong> <a href=\"https:\/\/potato.ro\/en\/_publicatii_files\/SesiuniAnula\/Poster-40.jpg\" target=\"_blank\" rel=\"noopener\"> detalii <\/a><br \/>\n[\/vc_column_text]<\/div><\/div><div id=\"sc_accordion_item_1455014216009_4\" class=\"sc_accordion_item odd\"><h5 class=\"sc_accordion_title\"><span class=\"sc_accordion_icon_before icon-calendar-light\"><\/span><span class=\"sc_accordion_icon sc_accordion_icon_closed icon-down\"><\/span><span class=\"sc_accordion_icon sc_accordion_icon_opened icon-cancel\"><\/span>2004<\/h5><div class=\"sc_accordion_content\">[vc_column_text]<strong><u>Proceedings of eapr agronomy section meeting, Mamaia, Romania, June 23-27th 2004<\/u>, 27.06.2004<\/strong><br \/>\n<strong>Rezumat:<\/strong> <a href=\"https:\/\/potato.ro\/en\/_publicatii_files\/anale_ICPC\/anale%2031.pdf\" target=\"_blank\" rel=\"noopener\"> detalii <\/a>[\/vc_column_text]<\/div><\/div><\/div><\/div><\/div>[\/vc_column][\/vc_row]<\/p>\n","protected":false},"excerpt":{"rendered":"<p>[vc_row][vc_column][\/vc_column][\/vc_row]<\/p>\n","protected":false},"author":1,"featured_media":0,"parent":0,"menu_order":0,"comment_status":"open","ping_status":"open","template":"","meta":{"footnotes":""},"class_list":["post-48","page","type-page","status-publish","hentry"],"_links":{"self":[{"href":"https:\/\/potato.ro\/en\/wp-json\/wp\/v2\/pages\/48","targetHints":{"allow":["GET"]}}],"collection":[{"href":"https:\/\/potato.ro\/en\/wp-json\/wp\/v2\/pages"}],"about":[{"href":"https:\/\/potato.ro\/en\/wp-json\/wp\/v2\/types\/page"}],"author":[{"embeddable":true,"href":"https:\/\/potato.ro\/en\/wp-json\/wp\/v2\/users\/1"}],"replies":[{"embeddable":true,"href":"https:\/\/potato.ro\/en\/wp-json\/wp\/v2\/comments?post=48"}],"version-history":[{"count":21,"href":"https:\/\/potato.ro\/en\/wp-json\/wp\/v2\/pages\/48\/revisions"}],"predecessor-version":[{"id":4012,"href":"https:\/\/potato.ro\/en\/wp-json\/wp\/v2\/pages\/48\/revisions\/4012"}],"wp:attachment":[{"href":"https:\/\/potato.ro\/en\/wp-json\/wp\/v2\/media?parent=48"}],"curies":[{"name":"wp","href":"https:\/\/api.w.org\/{rel}","templated":true}]}}