{"id":43,"date":"2018-09-05T11:30:10","date_gmt":"2018-09-05T09:30:10","guid":{"rendered":"https:\/\/potato.ro\/en\/istoric\/"},"modified":"2023-03-06T12:15:29","modified_gmt":"2023-03-06T10:15:29","slug":"istoric","status":"publish","type":"page","link":"https:\/\/potato.ro\/en\/istoric\/","title":{"rendered":"Historic"},"content":{"rendered":"<p>[vc_row][vc_column width=&#8221;1\/2&#8243;][vc_empty_space][vc_column_text]<\/p>\n<ul>\n<li>1949 &#8211; Experimental Agricultural Station (EAS) Magurele, Bra\u015fov<\/li>\n<li>1962 &#8211; Agricultural Research Station (ARS) Bra\u015fov<\/li>\n<li>1967 &#8211; Research Institute for Potato and Sugar Beet (RIPSB) Bra\u015fov<\/li>\n<li>1977 &#8211; Research and Production Institute for Potato (RIPP) Bra\u015fov<\/li>\n<li>2002 \u2013 Research-Development Institute for Potato and Sugar Beet (IRDPSB) Bra\u015fov<\/li>\n<li>2005 \u2013 National Institute of Research and Development for Potato and Sugar Beet (NIRDPSB) Bra\u015fov, HG 1882\/2005<\/li>\n<\/ul>\n<p>[\/vc_column_text][\/vc_column][vc_column width=&#8221;1\/2&#8243;][vc_single_image image=&#8221;2874&#8243; img_size=&#8221;full&#8221;][\/vc_column][\/vc_row]<\/p>\n","protected":false},"excerpt":{"rendered":"<p>[vc_row][vc_column width=&#8221;1\/2&#8243;][vc_empty_space][vc_column_text] 1949 &#8211; Experimental Agricultural Station (EAS) Magurele, Bra\u015fov 1962 &#8211; Agricultural Research Station (ARS) Bra\u015fov 1967 &#8211; Research Institute for Potato and Sugar Beet (RIPSB) Bra\u015fov 1977 &#8211; Research and Production Institute for Potato (RIPP) Bra\u015fov 2002 \u2013 Research-Development Institute for Potato and Sugar Beet (IRDPSB) Bra\u015fov 2005 \u2013 National Institute of Research [&hellip;]<\/p>\n","protected":false},"author":1,"featured_media":0,"parent":0,"menu_order":0,"comment_status":"open","ping_status":"closed","template":"","meta":{"footnotes":""},"class_list":["post-43","page","type-page","status-publish","hentry"],"_links":{"self":[{"href":"https:\/\/potato.ro\/en\/wp-json\/wp\/v2\/pages\/43","targetHints":{"allow":["GET"]}}],"collection":[{"href":"https:\/\/potato.ro\/en\/wp-json\/wp\/v2\/pages"}],"about":[{"href":"https:\/\/potato.ro\/en\/wp-json\/wp\/v2\/types\/page"}],"author":[{"embeddable":true,"href":"https:\/\/potato.ro\/en\/wp-json\/wp\/v2\/users\/1"}],"replies":[{"embeddable":true,"href":"https:\/\/potato.ro\/en\/wp-json\/wp\/v2\/comments?post=43"}],"version-history":[{"count":8,"href":"https:\/\/potato.ro\/en\/wp-json\/wp\/v2\/pages\/43\/revisions"}],"predecessor-version":[{"id":3290,"href":"https:\/\/potato.ro\/en\/wp-json\/wp\/v2\/pages\/43\/revisions\/3290"}],"wp:attachment":[{"href":"https:\/\/potato.ro\/en\/wp-json\/wp\/v2\/media?parent=43"}],"curies":[{"name":"wp","href":"https:\/\/api.w.org\/{rel}","templated":true}]}}