{"id":42,"date":"2018-09-05T11:30:10","date_gmt":"2018-09-05T09:30:10","guid":{"rendered":"https:\/\/potato.ro\/en\/despre-noi\/"},"modified":"2025-11-20T15:47:12","modified_gmt":"2025-11-20T13:47:12","slug":"despre-noi","status":"publish","type":"page","link":"https:\/\/potato.ro\/en\/despre-noi\/","title":{"rendered":"About us"},"content":{"rendered":"<p>[vc_row][vc_column][vc_column_text css=&#8221;.vc_custom_1570442901318{margin-bottom: 50px !important;}&#8221;]<\/p>\n<h1 style=\"text-align: center;\" align=\"left\"><strong>NIRDPSB\u00a0<\/strong><\/h1>\n<p style=\"text-align: center;\" align=\"left\">National Institute of Research and Development for Potato and Sugar Beet Bra\u015fov<\/p>\n<p>[\/vc_column_text][\/vc_column][\/vc_row][vc_row][vc_column width=&#8221;5\/12&#8243;][vc_single_image image=&#8221;1947&#8243; img_size=&#8221;full&#8221; alignment=&#8221;center&#8221;][vc_separator css=&#8221;.vc_custom_1531132702654{padding-top: 30px !important;padding-bottom: 30px !important;}&#8221;][\/vc_column][vc_column width=&#8221;7\/12&#8243;][vc_empty_space height=&#8221;35px&#8221;][vc_column_text]<\/p>\n<ul>\n<li>National Institute with solving functions in research themes for potato, sugar beet, medicinal plants, cereals.<\/li>\n<li>Cooperate with the Ministry of Research and Innovation, Ministry of Agriculture and Rural Development, Academy of Agricultural and Forestry Sciences &#8222;Gheorghe Ionescu-\u015ei\u015fe\u015fti&#8221; in policy development of specific field<\/li>\n<li>Cooperate with Research units and Universities from Romania<\/li>\n<li>Cooperate with Research units and Universities from abroad<\/li>\n<li>Cooperate with Romanian National Potato Federation<\/li>\n<li>Transfer know-how to farmers and professional associations<\/li>\n<\/ul>\n<p>[\/vc_column_text][\/vc_column][\/vc_row][vc_row css=&#8221;.vc_custom_1502374476570{margin-top: 50px !important;}&#8221;][vc_column][vc_row_inner][vc_column_inner width=&#8221;1\/4&#8243; offset=&#8221;vc_hidden-sm vc_hidden-xs&#8221; css=&#8221;.vc_custom_1514988193083{margin-top: -1em !important;}&#8221;][\/vc_column_inner][vc_column_inner width=&#8221;1\/4&#8243; offset=&#8221;vc_hidden-sm vc_hidden-xs&#8221;][\/vc_column_inner][vc_column_inner width=&#8221;1\/4&#8243; offset=&#8221;vc_hidden-sm vc_hidden-xs&#8221; css=&#8221;.vc_custom_1514988359804{margin-top: -1em !important;}&#8221;][\/vc_column_inner][vc_column_inner width=&#8221;1\/4&#8243; offset=&#8221;vc_hidden-sm vc_hidden-xs&#8221;][\/vc_column_inner][\/vc_row_inner][\/vc_column][\/vc_row][vc_row][vc_column width=&#8221;1\/3&#8243;][vc_single_image image=&#8221;136&#8243; img_size=&#8221;242&#215;300&#8243; alignment=&#8221;center&#8221;][vc_column_text css=&#8221;.vc_custom_1548769785606{margin-bottom: 30px !important;}&#8221;]<\/p>\n<h2 style=\"text-align: center;\">Activities<\/h2>\n<h3 style=\"text-align: center;\">NIRDPSB Brasov<\/h3>\n<h6 style=\"text-align: left; margin-top: 10px;\">\u00a0<\/h6>\n<p>[\/vc_column_text][vc_column_text el_class=&#8221;btn_cm&#8221;]<a href=\"https:\/\/potato.ro\/en\/activitati-2\/\" class=\"sc_button sc_button_square sc_button_style_border sc_button_size_small\">Read more<\/a>[\/vc_column_text][\/vc_column][vc_column width=&#8221;1\/3&#8243;][vc_single_image image=&#8221;2039&#8243; img_size=&#8221;212&#215;300&#8243; alignment=&#8221;center&#8221;][vc_column_text css=&#8221;.vc_custom_1548769803447{margin-bottom: 30px !important;}&#8221; el_class=&#8221;btn_cm&#8221;]<\/p>\n<h2 style=\"text-align: center;\">Patents and Certifications<\/h2>\n<h3 style=\"text-align: center;\">NIRDPSB\u00a0Brasov<\/h3>\n<h6 style=\"text-align: left; margin-top: 10px;\">\u00a0<\/h6>\n<p>[\/vc_column_text][vc_column_text el_class=&#8221;btn_cm&#8221;]<a href=\"https:\/\/potato.ro\/en\/brevete-si-certificari\/\" class=\"sc_button sc_button_square sc_button_style_border sc_button_size_small\">Read more<\/a>[\/vc_column_text][\/vc_column][vc_column width=&#8221;1\/3&#8243;][vc_single_image image=&#8221;3600&#8243; img_size=&#8221;206&#215;300&#8243; alignment=&#8221;center&#8221;][vc_column_text css=&#8221;.vc_custom_1548769815966{margin-bottom: 30px !important;}&#8221; el_class=&#8221;btn_cm&#8221;]<\/p>\n<h2 style=\"text-align: center;\">Brochure on potato varieties<\/h2>\n<h3 style=\"text-align: center;\">NIRDPSB\u00a0Brasov<\/h3>\n<p>[\/vc_column_text][vc_column_text el_class=&#8221;btn_cm&#8221;]<\/p>\n<a href=\"https:\/\/potato.ro\/_publicatii_files\/Ziua Verde\/2025\/Brochure on potato varieties NIRDPSB Brasov 2025 Eng.pdf\" class=\"sc_button sc_button_square sc_button_style_border sc_button_size_small\">Read more<\/a>\n<p>[\/vc_column_text][\/vc_column][\/vc_row][vc_row][vc_column][vc_column_text]<\/p>\n\n\n<p><\/p>\n\n\n<p>[\/vc_column_text][\/vc_column][\/vc_row]<\/p>","protected":false},"excerpt":{"rendered":"<p>[vc_row][vc_column][vc_column_text css=&#8221;.vc_custom_1570442901318{margin-bottom: 50px !important;}&#8221;] NIRDPSB\u00a0 National Institute of Research and Development for Potato and Sugar Beet Bra\u015fov [\/vc_column_text][\/vc_column][\/vc_row][vc_row][vc_column width=&#8221;5\/12&#8243;][vc_single_image image=&#8221;1947&#8243; img_size=&#8221;full&#8221; alignment=&#8221;center&#8221;][vc_separator css=&#8221;.vc_custom_1531132702654{padding-top: 30px !important;padding-bottom: 30px !important;}&#8221;][\/vc_column][vc_column width=&#8221;7\/12&#8243;][vc_empty_space height=&#8221;35px&#8221;][vc_column_text] National Institute with solving functions in research themes for potato, sugar beet, medicinal plants, cereals. Cooperate with the Ministry of Research and Innovation, Ministry of Agriculture [&hellip;]<\/p>\n","protected":false},"author":1,"featured_media":0,"parent":0,"menu_order":0,"comment_status":"open","ping_status":"closed","template":"","meta":{"footnotes":""},"class_list":["post-42","page","type-page","status-publish","hentry"],"_links":{"self":[{"href":"https:\/\/potato.ro\/en\/wp-json\/wp\/v2\/pages\/42","targetHints":{"allow":["GET"]}}],"collection":[{"href":"https:\/\/potato.ro\/en\/wp-json\/wp\/v2\/pages"}],"about":[{"href":"https:\/\/potato.ro\/en\/wp-json\/wp\/v2\/types\/page"}],"author":[{"embeddable":true,"href":"https:\/\/potato.ro\/en\/wp-json\/wp\/v2\/users\/1"}],"replies":[{"embeddable":true,"href":"https:\/\/potato.ro\/en\/wp-json\/wp\/v2\/comments?post=42"}],"version-history":[{"count":26,"href":"https:\/\/potato.ro\/en\/wp-json\/wp\/v2\/pages\/42\/revisions"}],"predecessor-version":[{"id":3858,"href":"https:\/\/potato.ro\/en\/wp-json\/wp\/v2\/pages\/42\/revisions\/3858"}],"wp:attachment":[{"href":"https:\/\/potato.ro\/en\/wp-json\/wp\/v2\/media?parent=42"}],"curies":[{"name":"wp","href":"https:\/\/api.w.org\/{rel}","templated":true}]}}