{"id":38,"date":"2018-09-05T11:30:10","date_gmt":"2018-09-05T11:30:10","guid":{"rendered":"https:\/\/potato.ro\/en\/link\/"},"modified":"2018-09-13T07:39:35","modified_gmt":"2018-09-13T07:39:35","slug":"link","status":"publish","type":"page","link":"https:\/\/potato.ro\/en\/link\/","title":{"rendered":"Link"},"content":{"rendered":"<p>[vc_row][vc_column][vc_text_separator title=&#8221;Link-uri&#8221; css=&#8221;.vc_custom_1502277122886{margin-bottom: 70px !important;}&#8221;]<div class=\"sc_section\"><div class=\"sc_section_inner\">[vc_column_text]<strong><span style=\"font-size: medium;\">Link-uri interne<\/span><\/strong><\/p>\n<ul style=\"margin-left: 20px; list-style-type: none;\">\n<li style=\"text-align: left;\"><a href=\"http:\/\/www.fondulmutual.ro\/\" target=\"_blank\" rel=\"noopener\"> Federatia Nationala a Producatorilor din Agricultura, Industrie Alimentara si Servicii Conexe din Romania &#8211; PRO AGRO<\/a><\/li>\n<li style=\"text-align: left;\"><a href=\"http:\/\/www.ccfr.ro\" target=\"_blank\" rel=\"noopener\"> Centrul de Comunicare al Fermierilor din Romania<\/a><\/li>\n<li style=\"text-align: left;\"><a href=\"http:\/\/www.madr.ro\" target=\"_blank\" rel=\"noopener\"> Ministerul Agriculturii si Dezvoltarii Rurale<\/a><\/li>\n<li style=\"text-align: left;\"><a href=\"http:\/\/www.apia.org.ro\/\" target=\"_blank\" rel=\"noopener\">Agen\u0163ia de Pl\u0103\u0163i \u015fi Interven\u0163ie pentru Agricultur\u0103<\/a><\/li>\n<li style=\"text-align: left;\"><a href=\"http:\/\/www.potato.ro\" target=\"_blank\" rel=\"noopener\">Institutul Na\u0163ional de Cercetare Dezvoltare pentru Cartof \u015fi Sfecl\u0103 de Zah\u0103r Bra\u015fov<\/a><\/li>\n<li style=\"text-align: left;\"><a href=\"http:\/\/agroprospect.ro\/ro\/\" target=\"_blank\" rel=\"noopener\"> AgroProspect <\/a><\/li>\n<li style=\"text-align: left;\"><a href=\"http:\/\/www.filmedocumentare.com\/povestea-cartofului\/\" target=\"_blank\" rel=\"noopener\"> Povestea cartofului <\/a><\/li>\n<\/ul>\n<p><strong><span style=\"font-size: medium;\">Link-uri organiza\u0163ii interna\u0163ionale<\/span><\/strong>[\/vc_column_text]<\/div><\/div>[\/vc_column][\/vc_row]<\/p>\n","protected":false},"excerpt":{"rendered":"<p>[vc_row][vc_column][vc_text_separator title=&#8221;Link-uri&#8221; css=&#8221;.vc_custom_1502277122886{margin-bottom: 70px !important;}&#8221;][\/vc_column][\/vc_row]<\/p>\n","protected":false},"author":1,"featured_media":0,"parent":0,"menu_order":0,"comment_status":"open","ping_status":"open","template":"","meta":{"footnotes":""},"class_list":["post-38","page","type-page","status-publish","hentry"],"_links":{"self":[{"href":"https:\/\/potato.ro\/en\/wp-json\/wp\/v2\/pages\/38","targetHints":{"allow":["GET"]}}],"collection":[{"href":"https:\/\/potato.ro\/en\/wp-json\/wp\/v2\/pages"}],"about":[{"href":"https:\/\/potato.ro\/en\/wp-json\/wp\/v2\/types\/page"}],"author":[{"embeddable":true,"href":"https:\/\/potato.ro\/en\/wp-json\/wp\/v2\/users\/1"}],"replies":[{"embeddable":true,"href":"https:\/\/potato.ro\/en\/wp-json\/wp\/v2\/comments?post=38"}],"version-history":[{"count":1,"href":"https:\/\/potato.ro\/en\/wp-json\/wp\/v2\/pages\/38\/revisions"}],"predecessor-version":[{"id":187,"href":"https:\/\/potato.ro\/en\/wp-json\/wp\/v2\/pages\/38\/revisions\/187"}],"wp:attachment":[{"href":"https:\/\/potato.ro\/en\/wp-json\/wp\/v2\/media?parent=38"}],"curies":[{"name":"wp","href":"https:\/\/api.w.org\/{rel}","templated":true}]}}