{"id":3770,"date":"2025-05-20T12:12:57","date_gmt":"2025-05-20T10:12:57","guid":{"rendered":"https:\/\/potato.ro\/en\/?page_id=3770"},"modified":"2025-05-20T13:00:37","modified_gmt":"2025-05-20T11:00:37","slug":"registrul-de-evidenta-a-rezultatelor-activitatii-de-cercetare-dezvoltate","status":"publish","type":"page","link":"https:\/\/potato.ro\/en\/registrul-de-evidenta-a-rezultatelor-activitatii-de-cercetare-dezvoltate\/","title":{"rendered":"Research Register"},"content":{"rendered":"<p>[vc_row][vc_column][vc_column_text]<\/p>\n\n<h3 class=\"wp-block-heading\">The Record of The Results of the Research \u2013 Development Activities<\/h3>\n\n<h6 class=\"wp-block-heading\">In accordance with the provisions of Order no. 3845\/06.05.2009 (Annex 1) regarding the Results of the Research- Development Activity Register<\/h6>\n\n<figure class=\"wp-block-table\">\n<table class=\"has-fixed-layout\" style=\"height: 1253px;\" width=\"840\">\n<tbody>\n<tr>\n<td colspan=\"2\">\u00a0<\/td>\n<\/tr>\n<tr>\n<td><strong>Nr.<br \/><\/strong><strong>fi\u0219\u0103 de eviden\u021b\u0103<\/strong><\/td>\n<td><strong>Denumirea proiectului<\/strong><\/td>\n<\/tr>\n<tr>\n<td><strong>1<\/strong><\/td>\n<td><strong><a href=\"https:\/\/potato.ro\/_publicatii_files\/registru_rezultate\/2022\/Fi%C8%99a_eviden%C8%9B%C4%83_1_proiect_ADER_411_2019-2022.pdf\" target=\"_blank\" rel=\"noreferrer noopener\">Proiectul ADER 4.1.1.<\/a><\/strong>: \u201cOb\u021binerea de soiuri noi de cartof cu capacitate superioar\u0103 de r\u0103spuns la stresul abiotic \u0219i biotic prin utilizarea determinismului genetic al unor caractere de toleran\u0163\u0103\u201d<\/td>\n<\/tr>\n<tr>\n<td><strong>2<\/strong><\/td>\n<td><strong><a href=\"https:\/\/potato.ro\/_publicatii_files\/registru_rezultate\/2022\/Fisa%20evidenta%202%20proiect%20ADER%20511%202019-2022.pdf\" target=\"_blank\" rel=\"noreferrer noopener\">Proiectul ADER 5.1.1.<\/a><\/strong>: \u201eCercet\u0103ri privind controlul virotic la cartoful pentru s\u0103m\u00e2n\u021b\u0103 \u0219i studiul comport\u0103rii unor linii \u0219i soiuri rom\u00e2ne\u0219ti de cartof la noi virusuri cu poten\u021bial d\u0103un\u0103tor ridicat \u00een contextul schimb\u0103rilor climatice\u201d<\/td>\n<\/tr>\n<tr>\n<td><strong>3<\/strong><\/td>\n<td><strong><a href=\"https:\/\/potato.ro\/_publicatii_files\/registru_rezultate\/2022\/Fisa%20evidenta%203%20proiect%20ADER%20512%202019-2022.pdf\" target=\"_blank\" rel=\"noreferrer noopener\">Proiectul ADER 5.1.2.<\/a><\/strong>: \u201cCercet\u0103ri privind producerea de minituberculi \u00een condi\u021bii de izolare specifice\u201d<\/td>\n<\/tr>\n<tr>\n<td><strong>4<\/strong><\/td>\n<td><strong><a href=\"https:\/\/potato.ro\/_publicatii_files\/registru_rezultate\/2022\/Fi%C8%99a%20eviden%C8%9B%C4%83%204%20proiect%20ADER%20522%202019-2022.pdf\" target=\"_blank\" rel=\"noreferrer noopener\">Proiectul ADER 5.2.2.<\/a><\/strong>: \u201eCercet\u0103ri privind elaborarea unui sistem inovativ de monitorizare a afidofaunei \u0219i a sistemelor de monitorizare, control \u0219i testare a calit\u0103\u021bii biologice la cartoful de s\u0103m\u00e2n\u021b\u0103\u201d<\/td>\n<\/tr>\n<tr>\n<td><strong>5<\/strong><\/td>\n<td><a href=\"https:\/\/potato.ro\/_publicatii_files\/registru_rezultate\/2022\/Fi%C8%99%C4%83%20eviden%C8%9B%C4%83%205%20proiect%20ADER%20611%202019-2022.pdf\" target=\"_blank\" rel=\"noreferrer noopener\"><strong>Proiectul ADER 6.1.1.<\/strong><\/a>: \u201eCercet\u0103ri privind utilizarea n\u0103molului tehnologic, rezultat din procesarea sfeclei \u00een fabrica de zah\u0103r, ca amendament pentru corectarea pH-ului pe solurile acide\u201d<\/td>\n<\/tr>\n<tr>\n<td><strong>6<\/strong><\/td>\n<td><a href=\"https:\/\/potato.ro\/_publicatii_files\/registru_rezultate\/2022\/Fi%C8%99a%20eviden%C8%9B%C4%83%206%20proiect%20ADER%20821%202019-2022.pdf\" target=\"_blank\" rel=\"noreferrer noopener\"><strong>Proiectul ADER 8.2.1.<\/strong><\/a>: \u201eTestarea capacit\u0103\u021bii de combina\u021bie a celor 3 linii autohtone de curc\u0103\u201d;<\/td>\n<\/tr>\n<tr>\n<td><strong>7<\/strong><\/td>\n<td><strong><a href=\"https:\/\/potato.ro\/_publicatii_files\/registru_rezultate\/2022\/PN\/Fi%C8%99a_eviden%C8%9B%C4%83_7_proiect__PN_19-32-01-01_2019-2022.pdf\" target=\"_blank\" rel=\"noreferrer noopener\">PN 19 32 01 01<\/a><\/strong>: \u201cMetoda inovativ\u0103 de ob\u021binere a liniilor de ameliorare la cartof cu rezisten\u021b\u0103 genetic\u0103 la Phytophthora infestans utiliz\u00e2nd cisgeneza\u201d;<\/td>\n<\/tr>\n<tr>\n<td><strong>8<\/strong><\/td>\n<td><a href=\"https:\/\/potato.ro\/_publicatii_files\/registru_rezultate\/2022\/PN\/Fi%C8%99a%20eviden%C8%9B%C4%83%208%20proiect%20PN%2019-32-01-02%202019-2022.pdf\" target=\"_blank\" rel=\"noreferrer noopener\"><strong>PN 19 32 01 02<\/strong><\/a>: \u201cOptimizarea unor metode de protec\u021bie antiviral\u0103 a cartofului pentru s\u0103m\u00e2n\u021b\u0103, prin utilizarea de tratamente cu uleiuri esen\u021biale, \u00een scopul ob\u021binerii de material s\u0103n\u0103tos adaptat noilor condi\u021bii climatice din Romania\u201d;<\/td>\n<\/tr>\n<tr>\n<td><strong>9<\/strong><\/td>\n<td><a href=\"https:\/\/potato.ro\/_publicatii_files\/registru_rezultate\/2022\/PN\/Fi%C8%99%C4%83%20eviden%C8%9B%C4%83%209%20proiect%20PN%2019-32-01-03%202019-2022.pdf\" target=\"_blank\" rel=\"noreferrer noopener\"><strong>PN 19 32 01 03<\/strong><\/a>: \u201eUtilizarea liniilor provenite din s\u0103m\u00e2n\u021b\u0103 botanic\u0103 de cartof cu scopul identific\u0103rii unor genotipuri de perspectiv\u0103, \u00een contextul schimb\u0103rilor climatice la nivel global\u201d;<\/td>\n<\/tr>\n<tr>\n<td><strong>10<\/strong><\/td>\n<td><strong><a href=\"https:\/\/potato.ro\/_publicatii_files\/registru_rezultate\/2022\/PN\/Fi%C8%99a_eviden%C8%9B%C4%83_10_proiect_PN_19-32-02-01_2019-2022.pdf\" target=\"_blank\" rel=\"noreferrer noopener\">PN 19 32 02 01\u00a0<\/a><\/strong>: \u201eMonitorizarea bolilor foliare \u0219i de depozit la cartof \u00een contextul schimb\u0103rilor climatice \u0219i studiul influen\u021bei patogenilor asupra parametrilor de produc\u021bie \u0219i de calitate\u201d;<\/td>\n<\/tr>\n<\/tbody>\n<\/table>\n<\/figure>\n<p>\u00a0<\/p>\n\n<\/p>\n<p>\n\n\n<\/p>\n<p>\n\n\n<\/p>\n<p>[\/vc_column_text][\/vc_column][\/vc_row]<\/p>","protected":false},"excerpt":{"rendered":"<p>[vc_row][vc_column][vc_column_text] The Record of The Results of the Research \u2013 Development Activities In accordance with the provisions of Order no. 3845\/06.05.2009 (Annex 1) regarding the Results of the Research- Development Activity Register \u00a0 Nr.fi\u0219\u0103 de eviden\u021b\u0103 Denumirea proiectului 1 Proiectul ADER 4.1.1.: \u201cOb\u021binerea de soiuri noi de cartof cu capacitate superioar\u0103 de r\u0103spuns la stresul [&hellip;]<\/p>\n","protected":false},"author":2,"featured_media":0,"parent":0,"menu_order":0,"comment_status":"closed","ping_status":"closed","template":"","meta":{"footnotes":""},"class_list":["post-3770","page","type-page","status-publish","hentry"],"_links":{"self":[{"href":"https:\/\/potato.ro\/en\/wp-json\/wp\/v2\/pages\/3770","targetHints":{"allow":["GET"]}}],"collection":[{"href":"https:\/\/potato.ro\/en\/wp-json\/wp\/v2\/pages"}],"about":[{"href":"https:\/\/potato.ro\/en\/wp-json\/wp\/v2\/types\/page"}],"author":[{"embeddable":true,"href":"https:\/\/potato.ro\/en\/wp-json\/wp\/v2\/users\/2"}],"replies":[{"embeddable":true,"href":"https:\/\/potato.ro\/en\/wp-json\/wp\/v2\/comments?post=3770"}],"version-history":[{"count":9,"href":"https:\/\/potato.ro\/en\/wp-json\/wp\/v2\/pages\/3770\/revisions"}],"predecessor-version":[{"id":3787,"href":"https:\/\/potato.ro\/en\/wp-json\/wp\/v2\/pages\/3770\/revisions\/3787"}],"wp:attachment":[{"href":"https:\/\/potato.ro\/en\/wp-json\/wp\/v2\/media?parent=3770"}],"curies":[{"name":"wp","href":"https:\/\/api.w.org\/{rel}","templated":true}]}}