{"id":32,"date":"2018-09-05T11:30:10","date_gmt":"2018-09-05T11:30:10","guid":{"rendered":"https:\/\/potato.ro\/en\/activitati\/"},"modified":"2018-09-13T06:35:41","modified_gmt":"2018-09-13T06:35:41","slug":"activitati","status":"publish","type":"page","link":"https:\/\/potato.ro\/en\/activitati\/","title":{"rendered":"Activitati"},"content":{"rendered":"<p>[vc_row][vc_column][vc_text_separator title=&#8221;Activitati&#8221; css=&#8221;.vc_custom_1502270579442{margin-bottom: 50px !important;padding-left: 10px !important;}&#8221;][\/vc_column][\/vc_row][vc_row][vc_column]<div class=\"sc_dropcaps sc_dropcaps_style_2\"><span class=\"sc_dropcaps_item\">1<\/span><strong>Promovarea progresului tehnic, pe \u00eentreaga filier\u0103<br \/>\n<\/strong> a produsului cartof<strong> ,<\/strong>\u00een vederea cre\u0103rii unor fundamente noi \u015fi solide ale agriculturii rom\u00e2ne\u015fti, stimul\u0103rii activit\u0103\u0163ii de producere a unui cartof de calitate, prelucrare industrial\u0103 eficient\u0103 \u015fi distribuire modern\u0103 a produsului cartof \u015fi derivatelor;<\/div><div class=\"sc_dropcaps sc_dropcaps_style_2\"><span class=\"sc_dropcaps_item\">2<\/span><strong>Dezvoltarea activit\u0103\u0163ii de cercetare \u015ftiin\u0163ific\u0103<\/strong><br \/>\n\u00een domeniu<strong>,<\/strong>pentru o mai rapid\u0103 \u015fi eficient\u0103 interven\u0163ie \u00een rezolvarea tuturor deficien\u0163elor cu care se confrunt\u0103 membrii organiza\u0163iei, \u00een scopul ob\u0163inerii unei produc\u0163ii superioare cantitativ \u015fi calitativ \u015fi cu costuri c\u00e2t mai reduse;<\/div><div class=\"sc_dropcaps sc_dropcaps_style_2\"><span class=\"sc_dropcaps_item\">3<\/span><strong>Elaborarea \u015fi implementarea programelor destinate<br \/>\n<\/strong>cre\u015fterii calit\u0103\u0163ii cartofului de s\u0103m\u00e2n\u0163a<strong>,<\/strong>\u00een principal pentru \u00eembun\u0103t\u0103\u0163irea st\u0103rii fitosanitare a acestuia;<\/div><div class=\"sc_dropcaps sc_dropcaps_style_2\"><span class=\"sc_dropcaps_item\">4<\/span><strong>Corelarea nivelului produc\u0163iilor de cartof \u015fi a calit\u0103\u0163ii<br \/>\n<\/strong>cu cerin\u0163ele pie\u0163ei;<\/div><div class=\"sc_dropcaps sc_dropcaps_style_2\"><span class=\"sc_dropcaps_item\">5<\/span><strong>Intermediere \u00een aprovizionarea membrilor organiza\u0163iei<br \/>\n<\/strong>cu inputuri tehnologice \u015fi a activit\u0103\u0163ilor de import-export;<\/div><div class=\"sc_dropcaps sc_dropcaps_style_2\"><span class=\"sc_dropcaps_item\">6<\/span><strong>Imbun\u0103t\u0103\u0163irea sistemului informa\u0163ional privind<\/strong><br \/>\ncererea \u015fi oferta de cartof,c\u00e2t \u015fi asigurarea unei circula\u0163ii rapide a informa\u0163iilor;<\/div><div class=\"sc_dropcaps sc_dropcaps_style_2\"><span class=\"sc_dropcaps_item\">7<\/span><strong>Formarea \u015fi dezvoltarea pistei produsului<br \/>\n<\/strong>cartof \u015fi a spiritului de afaceri, specific economiei de pia\u0163\u0103;<\/div><div class=\"sc_dropcaps sc_dropcaps_style_2\"><span class=\"sc_dropcaps_item\">8<\/span><strong>Promovarea produsului cartof \u015fi derivate<br \/>\n<\/strong> ob\u0163inut de membrii organiza\u0163iei, pe pia\u0163a interna \u015fi extern\u0103;<\/div><div class=\"sc_dropcaps sc_dropcaps_style_2\"><span class=\"sc_dropcaps_item\">9<\/span><strong>Punerea \u00een valoare a m\u0103rcilor de calitate:<br \/>\n<\/strong>soiuri noi valoroase,tehnologii modeme sau \u00eembun\u0103t\u0103\u0163ite,produse specifice diferitelor zone, produse biologice, cartof cu destina\u0163ii speciale, etc.;<\/div>[vc_column_text]<\/p>\n<div class=\"sc_dropcaps sc_dropcaps_style_2\" style=\"margin-top: 50px;\"><span class=\"sc_dropcaps_item\">10<\/span> <strong>Ap\u0103rarea intereselor membrilor organiza\u0163iei<br \/>\n<\/strong>\u00een rela\u0163iile acestora cu alte organisme guvernamentale \u015fi ale Administra\u0163iei de Stat;;<\/div>\n<p>[\/vc_column_text][vc_column_text]<\/p>\n<div class=\"sc_dropcaps sc_dropcaps_style_2\" style=\"margin-top: 50px;\"><span class=\"sc_dropcaps_item\">11<\/span> <strong>Elaborarea \u015fi promovarea unor programe (proiecte)<br \/>\n<\/strong>de sus\u0163inere financiar\u0103 a membrilor \u015fi de ob\u0163inere a unor facilita\u0163i de la Bugetul de Stat, Bugete locale \u015fi de la Uniunea European\u0103;<\/div>\n<p>[\/vc_column_text][vc_column_text]<\/p>\n<div class=\"sc_dropcaps sc_dropcaps_style_2\" style=\"margin-top: 50px;\"><span class=\"sc_dropcaps_item\">12<\/span> <strong>Cooperarea cu organisme ale statului \u015ft ale<\/strong><br \/>\nsociet\u0103\u0163ii civile,\u00een vederea elabor\u0103rii \u015fi implement\u0103rii unor politici agrare comune;<\/div>\n<p>[\/vc_column_text][vc_column_text]<\/p>\n<div class=\"sc_dropcaps sc_dropcaps_style_2\" style=\"margin-top: 50px;\"><span class=\"sc_dropcaps_item\">13<\/span> <strong>Preocuparea pentru promovarea unor practici,<br \/>\n<\/strong> tehnologii de produc\u0163ie care s\u0103 asigure protec\u0163ia mediului \u00eenconjur\u0103tor;<\/div>\n<p>[\/vc_column_text][vc_column_text]<\/p>\n<div class=\"sc_dropcaps sc_dropcaps_style_2\" style=\"margin-top: 50px;\"><span class=\"sc_dropcaps_item\">14<\/span>\u00a0<strong>Acordarea de consultan\u0163\u0103, \u00een principal \u00een<br \/>\n<\/strong>domeniul asocierii,managementului \u015fi marketingului, \u00een colaborare cu Agen\u0163ia Na\u0163ional\u0103 de Consultan\u0163\u0103 Agricol\u0103.<\/div>\n<p>[\/vc_column_text][vc_column_text]<\/p>\n<div class=\"sc_dropcaps sc_dropcaps_style_2\" style=\"margin-top: 50px;\"><span class=\"sc_dropcaps_item\">15<\/span>\u00a0<strong>Stimularea produc\u0163iei de produse biologice;<\/strong><\/div>\n<p>[\/vc_column_text][\/vc_column][\/vc_row]<\/p>\n","protected":false},"excerpt":{"rendered":"<p>[vc_row][vc_column][vc_text_separator title=&#8221;Activitati&#8221; css=&#8221;.vc_custom_1502270579442{margin-bottom: 50px !important;padding-left: 10px !important;}&#8221;][\/vc_column][\/vc_row][vc_row][vc_column][vc_column_text] 10 Ap\u0103rarea intereselor membrilor organiza\u0163iei \u00een rela\u0163iile acestora cu alte organisme guvernamentale \u015fi ale Administra\u0163iei de Stat;; [\/vc_column_text][vc_column_text] 11 Elaborarea \u015fi promovarea unor programe (proiecte) de sus\u0163inere financiar\u0103 a membrilor \u015fi de ob\u0163inere a unor facilita\u0163i de la Bugetul de Stat, Bugete locale \u015fi de la Uniunea European\u0103; [&hellip;]<\/p>\n","protected":false},"author":1,"featured_media":0,"parent":0,"menu_order":0,"comment_status":"open","ping_status":"open","template":"","meta":{"footnotes":""},"class_list":["post-32","page","type-page","status-publish","hentry"],"_links":{"self":[{"href":"https:\/\/potato.ro\/en\/wp-json\/wp\/v2\/pages\/32","targetHints":{"allow":["GET"]}}],"collection":[{"href":"https:\/\/potato.ro\/en\/wp-json\/wp\/v2\/pages"}],"about":[{"href":"https:\/\/potato.ro\/en\/wp-json\/wp\/v2\/types\/page"}],"author":[{"embeddable":true,"href":"https:\/\/potato.ro\/en\/wp-json\/wp\/v2\/users\/1"}],"replies":[{"embeddable":true,"href":"https:\/\/potato.ro\/en\/wp-json\/wp\/v2\/comments?post=32"}],"version-history":[{"count":2,"href":"https:\/\/potato.ro\/en\/wp-json\/wp\/v2\/pages\/32\/revisions"}],"predecessor-version":[{"id":2842,"href":"https:\/\/potato.ro\/en\/wp-json\/wp\/v2\/pages\/32\/revisions\/2842"}],"wp:attachment":[{"href":"https:\/\/potato.ro\/en\/wp-json\/wp\/v2\/media?parent=32"}],"curies":[{"name":"wp","href":"https:\/\/api.w.org\/{rel}","templated":true}]}}