{"id":31,"date":"2018-09-05T11:30:08","date_gmt":"2018-09-05T11:30:08","guid":{"rendered":"https:\/\/potato.ro\/en\/fncr\/"},"modified":"2018-09-13T08:09:05","modified_gmt":"2018-09-13T08:09:05","slug":"fncr","status":"publish","type":"page","link":"https:\/\/potato.ro\/en\/fncr\/","title":{"rendered":"FNCR"},"content":{"rendered":"<p>[vc_row][vc_column css=&#8221;.vc_custom_1504173368402{margin-bottom: 70px !important;}&#8221;][vc_column_text css=&#8221;.vc_custom_1504172762245{margin-bottom: 30px !important;}&#8221;]<\/p>\n<h2>Federa\u0163ia Na\u0163ional\u0103 &#8211; CARTOFUL din Rom\u00e2nia<\/h2>\n<p>[\/vc_column_text][vc_column_text]<strong><img loading=\"lazy\" decoding=\"async\" class=\" wp-image-1889 alignleft\" src=\"https:\/\/potato.ro\/en\/wp-content\/uploads\/2017\/08\/FNCR-Banner-300x211.jpg\" alt=\"\" width=\"322\" height=\"227\" \/><\/strong><\/p>\n<div style=\"height: 20px;\"><\/div>\n<div style=\"font-size: 90%;\"><strong>Adresa: <\/strong>Brasov, Strada Fundaturii nr.:2 <strong>Cod<\/strong>\u00a0 507099, Rom\u00e2nia<br \/>\n<strong>Tel. :<\/strong> +4 0268 286 213 , <strong>Fax :<\/strong> +4 0268 476 608 ,<br \/>\n<strong>E-mail :<\/strong> icpc@potato.ro<br \/>\n<strong>Adresa de corespondenta:<\/strong>Loc. Fantana nr. 1 (Hoghiz ), Bra\u015fov, <strong>Cod\u00a0<\/strong> 507099<br \/>\n<strong>Tel. :<\/strong> +4 0268 286 213 , <strong>Mobil :<\/strong> +4 0745 115 555<br \/>\n<strong>E-mail :<\/strong> gbotoman@agroprospect.ro<br \/>\n<strong>Cod fiscal: 7739869; Cont: RO05 RZBR 0000 0600 0073 9734<\/strong><br \/>\n<strong>Raiffeisen Bank S.A. Brasov<\/strong><\/div>\n<p>[\/vc_column_text][\/vc_column][\/vc_row][vc_row][vc_column]<div class=\"sc_section\"><div class=\"sc_section_inner\">[vc_column_text]<strong>&#8222;Federa\u0163ia Na\u0163ional\u0103 &#8211; CARTOFUL din Rom\u00e2nia&#8221;, (F.N.C. &#8211; Rom\u00e2nia)<\/strong>, este persoan\u0103 juridic\u0103 rom\u00e2n\u0103, de drept privat, de interes public, de caracter interprofesional \u015fi de protec\u0163ie social\u0103 a cultivatorilor, depozitarilor, procesatorilor, distribuitorilor de cartof \u015fi derivate, precum \u015fi a altor organiza\u0163ii \u015fi asocia\u0163ii apar\u0163in\u00e2nd filialei produsului cartof, cu statut juridic de organiza\u0163ia f\u0103r\u0103 scop lucrativ, neguvernamental\u0103, autonom\u0103 \u015fi apolitic\u0103, constituit\u0103 potrivit procedurii \u015fi \u00een condi\u0163iile O.G. 26 \u015fi 55 \/2000, completate, \u00een prezent, cu prevederile legilor; 778\/2002, 73\/2002, 454\/2003, \u00een continuare, \u00een prezentul Act Adi\u0163ional, se va utiliza prescurtat termenul de Federa\u0163ie, cu excep\u0163ia \u00eenceputului fiec\u0103rui capitol.[\/vc_column_text]<div class=\"sc_section\"><div class=\"sc_section_inner\"><figure class=\"sc_image  alignleft sc_image_shape_square\"><img decoding=\"async\" src=\"https:\/\/potato.ro\/en\/wp-content\/uploads\/2017\/08\/sediu-INCDCSZ-1.jpg\" alt=\"\" \/><\/figure>[vc_column_text]Federa\u0163ia, este format\u0103 prin gruparea asocia\u0163iilor profesionale cu personalitate juridic\u0103, de pe filiera producerii, depozit\u0103rii, prelucr\u0103rii (proces\u0103rii) \u015fi distribu\u0163iei produsului cartof \u015fi derivatelor acestuia.<\/p>\n<p>Pentru mai multe detalii citi\u0163i statutul F.N.C.R. &#8211; <a href=\"https:\/\/potato.ro\/en\/_publicatii_files\/FNCR\/Statut_FNCR.pdf\" target=\"_blank\" rel=\"noopener\">detalii pdf<\/a>[\/vc_column_text]<\/div><\/div><div class=\"sc_section\"><div class=\"sc_section_inner\"><figure class=\"sc_image  alignright sc_image_shape_square\"><img decoding=\"async\" src=\"https:\/\/potato.ro\/en\/wp-content\/uploads\/2017\/08\/sediu-INCDCSZ-1.jpg\" alt=\"\" \/><\/figure>[vc_column_text]<strong>Membrii fondatori (conform statut):<\/strong><\/p>\n<ol start=\"1\" type=\"1\">\n<li>Institutul Na\u021bional de Cercetare Dezvoltare pentru Cartof \u015fi Sfecl\u0103 de Zah\u0103r Bra\u015fov;<\/li>\n<li>Sta\u021biunea de Cercetare Dezvoltare a Cartofului M\u00e2r\u015fani;<\/li>\n<li>Sta\u021biunea de Cercetare Dezvoltare a Cartofului T\u00e2rgu Jiu;<\/li>\n<li>Sta\u021biunea de Cercetare Dezvoltare a Cartofului Tulcea;<\/li>\n<li>Sta\u021biunea de Cercetare Dezvoltare a Cartofului Miercurea Ciuc;<\/li>\n<li>Sta\u021biunea de Cercetare Dezvoltare a Cartofului T\u00e2rgu Secuiesc;<\/li>\n<\/ol>\n<p>[\/vc_column_text][vc_row_inner css=&#8221;.vc_custom_1514972426635{margin-top: 10px !important;}&#8221;][vc_column_inner width=&#8221;1\/3&#8243;][vc_column_text]<\/p>\n<ol start=\"7\">\n<li>Dr.doc.\u015ft. Berindei Matei<\/li>\n<li>dr. ing. Draica Constantin<\/li>\n<li>ing. Olteanu Gheorghe<\/li>\n<li>ing.ec. Nan Ion<\/li>\n<li>ing. Aposteanu Marius<\/li>\n<li>dr.ing. Antochi Gheorghe<\/li>\n<li>ing. Ionescu Mihai Dragomir<\/li>\n<li>dr.ing. V\u00e2rcan Paul<\/li>\n<li>dr.ing. Diaconu Marin<\/li>\n<\/ol>\n<p>[\/vc_column_text][\/vc_column_inner][vc_column_inner width=&#8221;1\/3&#8243;][vc_column_text]<\/p>\n<ol start=\"16\">\n<li>ing. Pl\u0103m\u0103deal\u0103 Adriana<\/li>\n<li>dr.ing. Blaga Lucian<\/li>\n<li>dr.ing. Cojocaru Nicolae<\/li>\n<li>dr.ing. Bianu Teodor<\/li>\n<li>dr.biol. Pl\u0103m\u0103deal\u0103 Boris<\/li>\n<li>dr.ing. Toader Viorel<\/li>\n<li>dr.ing. Mure\u015fan Sabin<\/li>\n<li>dr.ing. Bo\u021boman Gheorghe<\/li>\n<li>ec. Vulcu Nicolae<\/li>\n<\/ol>\n<p>[\/vc_column_text][\/vc_column_inner][vc_column_inner width=&#8221;1\/3&#8243;][vc_column_text]<\/p>\n<ol start=\"25\">\n<li>dr.ing. Silvas Emil<\/li>\n<li>dr.ing. Iano\u015fi Sigismund<\/li>\n<li>dr.ing. Chiru Sorin Claudian<\/li>\n<li>dr.ing. Lado Ladislau<\/li>\n<li>dr.ing. Munteanu Emil<\/li>\n<li>dr.ing. Negu\u021bi Ioan<\/li>\n<li>dr.ing. Sin Constantin<\/li>\n<li>ing. Pomacu Petre<\/li>\n<li>ing. Popiuc Ioan<\/li>\n<li>dr.ing. Pop Silaghi Vasile<\/li>\n<\/ol>\n<p>[\/vc_column_text][\/vc_column_inner][\/vc_row_inner]<\/div><\/div><\/div><\/div>[\/vc_column][\/vc_row]<\/p>\n","protected":false},"excerpt":{"rendered":"<p>[vc_row][vc_column css=&#8221;.vc_custom_1504173368402{margin-bottom: 70px !important;}&#8221;][vc_column_text css=&#8221;.vc_custom_1504172762245{margin-bottom: 30px !important;}&#8221;] Federa\u0163ia Na\u0163ional\u0103 &#8211; CARTOFUL din Rom\u00e2nia [\/vc_column_text][vc_column_text] Adresa: Brasov, Strada Fundaturii nr.:2 Cod\u00a0 507099, Rom\u00e2nia Tel. : +4 0268 286 213 , Fax : +4 0268 476 608 , E-mail : icpc@potato.ro Adresa de corespondenta:Loc. Fantana nr. 1 (Hoghiz ), Bra\u015fov, Cod\u00a0 507099 Tel. : +4 0268 286 [&hellip;]<\/p>\n","protected":false},"author":1,"featured_media":0,"parent":0,"menu_order":0,"comment_status":"open","ping_status":"open","template":"","meta":{"footnotes":""},"class_list":["post-31","page","type-page","status-publish","hentry"],"_links":{"self":[{"href":"https:\/\/potato.ro\/en\/wp-json\/wp\/v2\/pages\/31","targetHints":{"allow":["GET"]}}],"collection":[{"href":"https:\/\/potato.ro\/en\/wp-json\/wp\/v2\/pages"}],"about":[{"href":"https:\/\/potato.ro\/en\/wp-json\/wp\/v2\/types\/page"}],"author":[{"embeddable":true,"href":"https:\/\/potato.ro\/en\/wp-json\/wp\/v2\/users\/1"}],"replies":[{"embeddable":true,"href":"https:\/\/potato.ro\/en\/wp-json\/wp\/v2\/comments?post=31"}],"version-history":[{"count":2,"href":"https:\/\/potato.ro\/en\/wp-json\/wp\/v2\/pages\/31\/revisions"}],"predecessor-version":[{"id":2871,"href":"https:\/\/potato.ro\/en\/wp-json\/wp\/v2\/pages\/31\/revisions\/2871"}],"wp:attachment":[{"href":"https:\/\/potato.ro\/en\/wp-json\/wp\/v2\/media?parent=31"}],"curies":[{"name":"wp","href":"https:\/\/api.w.org\/{rel}","templated":true}]}}