{"id":3018,"date":"2018-10-30T12:27:41","date_gmt":"2018-10-30T12:27:41","guid":{"rendered":"https:\/\/potato.ro\/en\/?page_id=3018"},"modified":"2018-10-30T12:29:37","modified_gmt":"2018-10-30T12:29:37","slug":"galerie-50-de-ani-de-activitate-in-cercetarea-agricola-romanesca","status":"publish","type":"page","link":"https:\/\/potato.ro\/en\/galerie-50-de-ani-de-activitate-in-cercetarea-agricola-romanesca\/","title":{"rendered":"Galerie 50 de ani de activitate \u00een cercetarea agricol\u0103 rom\u00e2nesc\u0103"},"content":{"rendered":"<p>[vc_row][vc_column][vc_gallery type=&#8221;image_grid&#8221; images=&#8221;3020,3021,3022,3023,3024,3025,3026,3028,3029,3030,3031,3032,3033,3034&#8243; img_size=&#8221;full&#8221;][\/vc_column][\/vc_row]<\/p>\n","protected":false},"excerpt":{"rendered":"<p>[vc_row][vc_column][vc_gallery type=&#8221;image_grid&#8221; images=&#8221;3020,3021,3022,3023,3024,3025,3026,3028,3029,3030,3031,3032,3033,3034&#8243; img_size=&#8221;full&#8221;][\/vc_column][\/vc_row]<\/p>\n","protected":false},"author":1,"featured_media":0,"parent":0,"menu_order":0,"comment_status":"closed","ping_status":"closed","template":"","meta":{"footnotes":""},"class_list":["post-3018","page","type-page","status-publish","hentry"],"_links":{"self":[{"href":"https:\/\/potato.ro\/en\/wp-json\/wp\/v2\/pages\/3018","targetHints":{"allow":["GET"]}}],"collection":[{"href":"https:\/\/potato.ro\/en\/wp-json\/wp\/v2\/pages"}],"about":[{"href":"https:\/\/potato.ro\/en\/wp-json\/wp\/v2\/types\/page"}],"author":[{"embeddable":true,"href":"https:\/\/potato.ro\/en\/wp-json\/wp\/v2\/users\/1"}],"replies":[{"embeddable":true,"href":"https:\/\/potato.ro\/en\/wp-json\/wp\/v2\/comments?post=3018"}],"version-history":[{"count":3,"href":"https:\/\/potato.ro\/en\/wp-json\/wp\/v2\/pages\/3018\/revisions"}],"predecessor-version":[{"id":3035,"href":"https:\/\/potato.ro\/en\/wp-json\/wp\/v2\/pages\/3018\/revisions\/3035"}],"wp:attachment":[{"href":"https:\/\/potato.ro\/en\/wp-json\/wp\/v2\/media?parent=3018"}],"curies":[{"name":"wp","href":"https:\/\/api.w.org\/{rel}","templated":true}]}}