{"id":2984,"date":"2018-10-09T11:48:03","date_gmt":"2018-10-09T11:48:03","guid":{"rendered":"https:\/\/potato.ro\/en\/?page_id=2984"},"modified":"2025-08-19T11:04:21","modified_gmt":"2025-08-19T09:04:21","slug":"alte-evenimente","status":"publish","type":"page","link":"https:\/\/potato.ro\/en\/alte-evenimente\/","title":{"rendered":"Other Events"},"content":{"rendered":"<p style=\"text-align: left;\">[vc_row][vc_column]<div class=\"sc_section\" data-animation=\"animated zoomIn normal\"><div class=\"sc_section_inner\"><h1 class=\"sc_title sc_title_regular sc_align_left margin_bottom_huge\" style=\"text-align:left;\"><br \/>\nOther Events<\/h1><div class=\"sc_accordion\" data-active=\"0\"><div id=\"sc_accordion_item_1502458372322_9\" class=\"sc_accordion_item odd first\"><h5 class=\"sc_accordion_title\"><span class=\"sc_accordion_icon_before icon-calendar-light\"><\/span><span class=\"sc_accordion_icon sc_accordion_icon_closed icon-down\"><\/span><span class=\"sc_accordion_icon sc_accordion_icon_opened icon-cancel\"><\/span>2025<\/h5><div class=\"sc_accordion_content\">[vc_column_text]<\/p>\n<p style=\"text-align: left;\"><strong>AI4AGRI Summer School 2025 \u2013 \u201e<a href=\"https:\/\/ai4agri.unitbv.ro\/\" target=\"_blank\" rel=\"noopener\">Brunch in the potato field<\/a>\u201d \u2013 Iuly 19, 2025. NIRDPSB Brasov in collaboration with the Research and Development Institute of Transilvania University of Bra\u0219ov with in the Horizon AI4AGRI project. \u00a0<a href=\"https:\/\/ai4agri.unitbv.ro\/wp-content\/uploads\/2025\/04\/AI4AGRI-Summer-School-2025-Call-for-participation-extended.pdf\" target=\"_blank\" rel=\"noopener\">Invitation<\/a>,\u00a0<a href=\"https:\/\/zenodo.org\/records\/16456370\" target=\"_blank\" rel=\"noopener\">presenters<\/a>,\u00a0<a href=\"https:\/\/potato.ro\/_publicatii_files\/altele\/ai4agri2025\/A%20day%20in%20the%20potato%20field%2019.07.2025.mp4\" target=\"_blank\" rel=\"noopener\">galleries video<\/a><\/strong><br \/>\n<strong>Workshop: &#8222;The NDVI maps for monitoring agricultural crops&#8221; February 6, 2025 , in collaboration with the Research and Development Institute of Transilvania University and Romanian Space Agency (ROSA), at the NIRDPSB Brasov, Romania, <i><a href=\"\/_publicatii_files\/alte-evenimente\/2025\/Afis Atelier 6 februarie 2025.pdf\" target=\"_blank\" rel=\"noopener\">the poster<\/a>, <a href=\"\/_publicatii_files\/alte-evenimente\/2025\/Agenda Atelier 6 februarie 2025.pdf\" target=\"_blank\" rel=\"noopener\">the agenda<\/a><\/i>\u00a0and <a href=\"https:\/\/potato.ro\/galerie-atelier-harti-ndvi-pentru-monitorizarea-culturilor-agricole-brasov-06-februarie-2025\">the photo gallery<\/a><\/strong><\/p>\n<p>[\/vc_column_text]<\/div><\/div>\n<p style=\"text-align: left;\"><div class=\"sc_accordion\" data-active=\"0\"><\/div><div id=\"sc_accordion_item_1502458372322_9\" class=\"sc_accordion_item odd first\"><h5 class=\"sc_accordion_title\"><span class=\"sc_accordion_icon_before icon-calendar-light\"><\/span><span class=\"sc_accordion_icon sc_accordion_icon_closed icon-down\"><\/span><span class=\"sc_accordion_icon sc_accordion_icon_opened icon-cancel\"><\/span>2024<\/h5><div class=\"sc_accordion_content\">[vc_column_text]<br \/>\n<strong>Workshop at the project ADER 815 &#8222;National gene pool for the turkey species (meleagris gallopavo) &#8211; maintenance, progress and perspectives\u201d, NIRDPSB Brasov, Romania, 5 September 2024, <i><a href=\"\/_publicatii_files\/alte-evenimente\/Agenda MR septembrie 2024.pdf\" target=\"_blank\" rel=\"noopener\">the agenda<\/a><\/i>, <a href=\"https:\/\/potato.ro\/galerie-masa-rotunda-proiect-ader-815\">the photo gallery<\/a><\/strong><\/p>\n<p><strong>Workshop &#8222;Optimizing the implementation of laboratory techniques to determine phenological parameters for potato crops&#8221; is held at ICDCRM Miercurea Ciuc, July 9, 2024 in collaboration with NIRDPSB Brasov<\/strong><\/p>\n<p><strong>Workshop: \u201eExploitation of satellite data in agriculture&#8221; at NIRDPSB Bra\u0219ov, Romania, 03 July 2024, <\/strong><strong><i><a href=\"\/_publicatii_files\/alte-evenimente\/Agenda MR iulie 2024.pdf\" target=\"_blank\" rel=\"noopener\">the agenda<\/a><\/i><\/strong><strong>, <a href=\"https:\/\/potato.ro\/galerie-masa-rotunda-explorarea-datelor-satelitare-in-agricultura-03-iulie-2024\/\">the photo gallery<\/a><\/strong><\/p>\n<p><strong>AI4AGRI Summer School 2024 \u2013 \u201e<a href=\"https:\/\/ai4agri.unitbv.ro\/\" target=\"_blank\" rel=\"noopener\">A day in the potato field<\/a>\u201d \u2013 11 may 2024. NIRDPSB Brasov in collaboration with the Research and Development Institute of Transilvania University of Bra\u0219ov within the Horizon AI4AGRI project. <a href=\"https:\/\/ai4agri.unitbv.ro\/wp-content\/uploads\/2024\/01\/AI4AGRI-Summer-School-2024-Call-for-participation.pdf\">Invitation<\/a>,\u00a0<a href=\"https:\/\/ai4agri.unitbv.ro\/wp-content\/uploads\/2024\/05\/AI4AGRI_Summer_school_2024.pdf\">presenters<\/a>,\u00a0<a href=\"https:\/\/potato.ro\/galerie-ai4agri-summer-school-2024-a-day-in-the-potato-field-11-mai-2024\" target=\"_blank\" rel=\"noopener\">gallery foto<\/a><\/strong><\/p>\n<p style=\"text-align: left;\"><strong>Workshop: \u201eEvaluation of the production quality of some potato varieties produces at NIRDPSB Brasov\u201d- NIRDPSB Bra\u0219ov, Romania, 19 march 2024, <a href=\"https:\/\/potato.ro\/wp-content\/uploads\/2024\/03\/Invitatie-MR-23-februarie-2024.pdf\">invitation<\/a><\/strong><strong><i>, <a href=\"\/_publicatii_files\/alte-evenimente\/Agenda MR 19 martie 2024.pdf\" target=\"_blank\" rel=\"noopener\">the agenda of event<\/a> and<\/i><\/strong><strong>\u00a0<a href=\"https:\/\/potato.ro\/galerie-masa-rotunda-23-februarie-2024\/\">the photo gallery<\/a><\/strong><\/p>\n<p><strong>Workshop: Anomaly and specificity in agricultural crops &#8211; NIRDPSB Bra\u0219ov, Romania, 23 February 2024 at 10:00, <a href=\"https:\/\/potato.ro\/_publicatii_files\/alte-evenimente\/Atelier 23 februarie 2024.pdf\" data-wplink-url-error=\"true\">Invitation<\/a><i><\/i><\/strong><\/p>\n<p>[\/vc_column_text]<\/div><\/div>\n<p style=\"text-align: center;\"><div class=\"sc_accordion\" data-active=\"0\"><\/div><div id=\"sc_accordion_item_1502458372322_9\" class=\"sc_accordion_item odd first\"><h5 class=\"sc_accordion_title\"><span class=\"sc_accordion_icon_before icon-calendar-light\"><\/span><span class=\"sc_accordion_icon sc_accordion_icon_closed icon-down\"><\/span><span class=\"sc_accordion_icon sc_accordion_icon_opened icon-cancel\"><\/span>2022<\/h5><div class=\"sc_accordion_content\">[vc_column_text]<strong>Mas\u0103 rotund\u0103 \u201eEvaluarea fiabilit\u0103\u021bii sistemului de producere a sfeclei de zah\u0103r pentru industrializare\u201d- INCDCSZ, Bra\u0219ov, Rom\u00e2nia, 12 decembrie 2022 ora 10:00, <a href=\"https:\/\/potato.ro\/wp-content\/uploads\/2022\/12\/Invitatie-Masa-Rotunda-12-decembrie-2022.pdf\">Invita\u021bie<i>, <\/i><\/a><i><a href=\"https:\/\/potato.ro\/wp-content\/uploads\/2022\/12\/M.R.-Sfecla-13.12.2022.pdf\" target=\"_blank\" rel=\"noopener\">Prezentare MR 2022<\/a><\/i><\/strong><\/p>\n<p><strong>Masa rotund\u0103 \u201eCultura cartofului \u00een Rom\u00e2nia \u00een prezent \u015fi \u00een perspectiva aplic\u0103rii prevederilor specifice PNS\u201d- INCDCSZ, Brasov, Romania, 13 iulie 2022, <a href=\"https:\/\/potato.ro\/wp-content\/uploads\/2022\/07\/Invitatie-MR-13.07.2022.pdf\">invita\u021bie<\/a><\/strong><strong><i>, <a href=\"https:\/\/potato.ro\/wp-content\/uploads\/2022\/07\/Prezentare-MR-2022.pdf\" target=\"_blank\" rel=\"noopener\">Prezentare MR 2022<\/a><\/i><\/strong>[\/vc_column_text]<\/div><\/div><div id=\"sc_accordion_item_1502458372322_9\" class=\"sc_accordion_item even\"><h5 class=\"sc_accordion_title\"><span class=\"sc_accordion_icon_before icon-calendar-light\"><\/span><span class=\"sc_accordion_icon sc_accordion_icon_closed icon-down\"><\/span><span class=\"sc_accordion_icon sc_accordion_icon_opened icon-cancel\"><\/span>2021<\/h5><div class=\"sc_accordion_content\">[vc_column_text]<strong><em>Simpozion aniversar<\/em><\/strong><strong><i> \u201eEtnofarmacologia rom\u00e2neasc\u0103 la 20 de ani\u201d \u0218IRNEA 17-20 iunie 2021, <a href=\"http:\/\/etnofarma.ro\/ro\/symposium2021.php\">detalii<\/a>\u00a0<\/i><\/strong>[\/vc_column_text]<\/div><\/div><div id=\"sc_accordion_item_1502458372322_9\" class=\"sc_accordion_item odd\"><h5 class=\"sc_accordion_title\"><span class=\"sc_accordion_icon_before icon-calendar-light\"><\/span><span class=\"sc_accordion_icon sc_accordion_icon_closed icon-down\"><\/span><span class=\"sc_accordion_icon sc_accordion_icon_opened icon-cancel\"><\/span>2018<\/h5><div class=\"sc_accordion_content\">[vc_column_text]<strong>Simpozion de Etnofarmacologie cu tema: Etnofarmacologia \u00een sprijinul unei alimenta\u021bii s\u0103n\u0103toase, Societatea Rom\u00e2na de Etnofarmacologie, Brasov, 19-22.06.2018<\/strong>[\/vc_column_text]<\/div><\/div><div id=\"sc_accordion_item_1502458372322_9\" class=\"sc_accordion_item even\"><h5 class=\"sc_accordion_title\"><span class=\"sc_accordion_icon_before icon-calendar-light\"><\/span><span class=\"sc_accordion_icon sc_accordion_icon_closed icon-down\"><\/span><span class=\"sc_accordion_icon sc_accordion_icon_opened icon-cancel\"><\/span>2017<\/h5><div class=\"sc_accordion_content\">[vc_column_text]<strong>The fitheenth Euroblight Workshop, Brasov, Romania, 10-12 May 2017<\/strong><\/p>\n<p><strong>Conventia Nationala a Cartofului 2017<\/strong>[\/vc_column_text]<\/div><\/div><div id=\"sc_accordion_item_1502458372322_9\" class=\"sc_accordion_item odd\"><h5 class=\"sc_accordion_title\"><span class=\"sc_accordion_icon_before icon-calendar-light\"><\/span><span class=\"sc_accordion_icon sc_accordion_icon_closed icon-down\"><\/span><span class=\"sc_accordion_icon sc_accordion_icon_opened icon-cancel\"><\/span>2016<\/h5><div class=\"sc_accordion_content\"><\/div><\/div><div id=\"sc_accordion_item_1502458372322_9\" class=\"sc_accordion_item even\"><h5 class=\"sc_accordion_title\"><span class=\"sc_accordion_icon_before icon-calendar-light\"><\/span><span class=\"sc_accordion_icon sc_accordion_icon_closed icon-down\"><\/span><span class=\"sc_accordion_icon sc_accordion_icon_opened icon-cancel\"><\/span>2015<\/h5><div class=\"sc_accordion_content\">[vc_column_text]<strong>2015-03-03 &#8211; <a href=\"http:\/\/www.potato.ro\/ro\/conventie_cartof.php\" target=\"_blank\" rel=\"noopener\">Conventia Nationala a Cartofului<\/a><\/strong><br \/>\nCentrul de Comunicare al Fermierilor din Romania &#8211; CCFR si INCDCSZ Brasov organizeaza Conventia Nationala a Cartofului , in data de 3-4 mai 2015 Poiana Brasov, Romania[\/vc_column_text]<\/div><\/div><\/div><\/div><\/div>[\/vc_column][\/vc_row]<div class=\"sc_accordion\" data-active=\"0\"><div id=\"sc_accordion_item_1502458372322_9\" class=\"sc_accordion_item odd first\"><h5 class=\"sc_accordion_title\"><span class=\"sc_accordion_icon_before icon-calendar-light\"><\/span><span class=\"sc_accordion_icon sc_accordion_icon_closed icon-down\"><\/span><span class=\"sc_accordion_icon sc_accordion_icon_opened icon-cancel\"><\/span>2018<\/h5><div class=\"sc_accordion_content\">[vc_column_text]<strong>Simpozion de Etnofarmacologie cu tema: Etnofarmacologia \u00een sprijinul unei alimentatii sanatoase, Societatea Rom\u00e2na de Etnofarmacologie, Brasov, 19-22.06.2018<\/strong>[\/vc_column_text]<\/div><\/div><div id=\"sc_accordion_item_1502458372322_9\" class=\"sc_accordion_item even\"><h5 class=\"sc_accordion_title\"><span class=\"sc_accordion_icon_before icon-calendar-light\"><\/span><span class=\"sc_accordion_icon sc_accordion_icon_closed icon-down\"><\/span><span class=\"sc_accordion_icon sc_accordion_icon_opened icon-cancel\"><\/span>2017<\/h5><div class=\"sc_accordion_content\">[vc_column_text]<strong>The fitheenth Euroblight Workshop, Brasov, Romania, 10-12 May 2017<\/strong><\/p>\n<p><strong>Conventia Nationala a Cartofului 2017<\/strong>[\/vc_column_text]<\/div><\/div><div id=\"sc_accordion_item_1502458372322_9\" class=\"sc_accordion_item odd\"><h5 class=\"sc_accordion_title\"><span class=\"sc_accordion_icon_before icon-calendar-light\"><\/span><span class=\"sc_accordion_icon sc_accordion_icon_closed icon-down\"><\/span><span class=\"sc_accordion_icon sc_accordion_icon_opened icon-cancel\"><\/span>2016<\/h5><div class=\"sc_accordion_content\"><\/div><\/div><div id=\"sc_accordion_item_1502458372322_9\" class=\"sc_accordion_item even\"><h5 class=\"sc_accordion_title\"><span class=\"sc_accordion_icon_before icon-calendar-light\"><\/span><span class=\"sc_accordion_icon sc_accordion_icon_closed icon-down\"><\/span><span class=\"sc_accordion_icon sc_accordion_icon_opened icon-cancel\"><\/span>2015<\/h5><div class=\"sc_accordion_content\">[vc_column_text]<strong>2015-03-03 &#8211; <a href=\"http:\/\/www.potato.ro\/ro\/conventie_cartof.php\" target=\"_blank\" rel=\"noopener\">Conventia Nationala a Cartofului<\/a><\/strong><br \/>\nCentrul de Comunicare al Fermierilor din Romania &#8211; CCFR si INCDCSZ Brasov organizeaza Conventia Nationala a Cartofului , in data de 3-4 mai 2015 Poiana Brasov, Romania[\/vc_column_text]<\/div><\/div><\/div>[\/trx_section][\/vc_column][\/vc_row]<\/p>\n","protected":false},"excerpt":{"rendered":"<p>[vc_row][vc_column][\/vc_column][\/vc_row][\/trx_section][\/vc_column][\/vc_row]<\/p>\n","protected":false},"author":1,"featured_media":0,"parent":0,"menu_order":0,"comment_status":"closed","ping_status":"closed","template":"","meta":{"footnotes":""},"class_list":["post-2984","page","type-page","status-publish","hentry"],"_links":{"self":[{"href":"https:\/\/potato.ro\/en\/wp-json\/wp\/v2\/pages\/2984","targetHints":{"allow":["GET"]}}],"collection":[{"href":"https:\/\/potato.ro\/en\/wp-json\/wp\/v2\/pages"}],"about":[{"href":"https:\/\/potato.ro\/en\/wp-json\/wp\/v2\/types\/page"}],"author":[{"embeddable":true,"href":"https:\/\/potato.ro\/en\/wp-json\/wp\/v2\/users\/1"}],"replies":[{"embeddable":true,"href":"https:\/\/potato.ro\/en\/wp-json\/wp\/v2\/comments?post=2984"}],"version-history":[{"count":11,"href":"https:\/\/potato.ro\/en\/wp-json\/wp\/v2\/pages\/2984\/revisions"}],"predecessor-version":[{"id":3865,"href":"https:\/\/potato.ro\/en\/wp-json\/wp\/v2\/pages\/2984\/revisions\/3865"}],"wp:attachment":[{"href":"https:\/\/potato.ro\/en\/wp-json\/wp\/v2\/media?parent=2984"}],"curies":[{"name":"wp","href":"https:\/\/api.w.org\/{rel}","templated":true}]}}