{"id":112,"date":"2018-09-05T11:30:24","date_gmt":"2018-09-05T11:30:24","guid":{"rendered":"https:\/\/potato.ro\/en\/organizing\/"},"modified":"2026-01-27T10:30:42","modified_gmt":"2026-01-27T08:30:42","slug":"organizing","status":"publish","type":"page","link":"https:\/\/potato.ro\/en\/organizing\/","title":{"rendered":"Organizing"},"content":{"rendered":"<p>[vc_row css=&#8221;.vc_custom_1530870198303{padding-top: 40px !important;}&#8221;][vc_column css=&#8221;.vc_custom_1530877255424{border-top-width: 1px !important;border-right-width: 1px !important;border-bottom-width: 1px !important;border-left-width: 1px !important;padding-top: 15px !important;padding-bottom: 15px !important;border-left-color: #dcdcdc !important;border-left-style: solid !important;border-right-color: #dcdcdc !important;border-right-style: solid !important;border-top-color: #dcdcdc !important;border-top-style: solid !important;border-bottom-color: #dcdcdc !important;border-bottom-style: solid !important;}&#8221;][vc_single_image image=&#8221;2130&#8243; img_size=&#8221;1170&#215;350&#8243; css=&#8221;.vc_custom_1530877265099{padding-bottom: 30px !important;}&#8221;]<div id=\"sc_tabs_1891306003\" class=\"sc_tabs sc_tabs_style_1\" data-active=\"0\"><ul class=\"sc_tabs_titles\"><li class=\"sc_tabs_title first\"><a href=\"#sc_tab_1530869592964_10\" class=\"theme_button\" id=\"sc_tab_1530869592964_10_tab\">Organizing Committee<\/a><\/li><li class=\"sc_tabs_title last\"><a href=\"#sc_tab_1530869377_2_81\" class=\"theme_button\" id=\"sc_tab_1530869377_2_81_tab\">Program Committee<\/a><\/li><\/ul><div id=\"sc_tab_1530869592964_10\" class=\"sc_tabs_content odd first\"><div id=\"sc_tab_1530869592964_10_scroll\" class=\"sc_scroll sc_scroll_vertical\" style=\"height:200px;\"><div class=\"sc_scroll_wrapper swiper-wrapper\"><div class=\"sc_scroll_slide swiper-slide\"><div class=\"sc_table\" style=\"width:100%;\"><\/p>\n<table>\n<tbody>\n<tr>\n<td width=\"53\"><strong>Nr<\/strong><\/td>\n<td width=\"301\"><strong>Name and surname<\/strong><\/td>\n<td width=\"192\"><strong>Function<\/strong><\/td>\n<td width=\"323\"><strong>Affiliation<\/strong><\/td>\n<\/tr>\n<tr>\n<td width=\"53\">1<\/td>\n<td width=\"301\">Manuela Hermeziu Ph.D. engineer.<\/td>\n<td width=\"192\">President<\/td>\n<td width=\"323\">General manager, NIRDPSB Brasov<\/td>\n<\/tr>\n<tr>\n<td width=\"53\">2<\/td>\n<td width=\"301\">R\u00f3bert Eugen Sz\u00e9p Ph.D. engineer.<\/td>\n<td width=\"192\">Member<\/td>\n<td width=\"323\">General manager, ICDCRM Miercurea \u2013 Ciuc<\/td>\n<\/tr>\n<tr>\n<td width=\"53\">3<\/td>\n<td width=\"301\">Dorin Ioan Sumedrea Ph.D. engineer.<\/td>\n<td width=\"192\">Member<\/td>\n<td width=\"323\">General manager, INCDBH \u0218tef\u0103ne\u0219ti \u2013Arge\u0219<\/td>\n<\/tr>\n<tr>\n<td width=\"53\">4<\/td>\n<td width=\"301\">Dr. ing. Ionela C\u0103t\u0103lina Gu\u021b\u0103<\/td>\n<td width=\"192\">Member<\/td>\n<td width=\"323\">INCDBH \u0218tef\u0103ne\u0219ti \u2013 Arge\u0219, ROMANIA<\/td>\n<\/tr>\n<tr>\n<td width=\"53\">5<\/td>\n<td width=\"301\">Nina Barascu Ph. D. engineer<\/td>\n<td width=\"192\">Member<\/td>\n<td width=\"323\">Scientific director, NIRDPSB Brasov<\/td>\n<\/tr>\n<tr>\n<td width=\"53\">6<\/td>\n<td width=\"301\">Dr. ing. \u00c1gnes Keresztesi, Ph. D.<\/td>\n<td width=\"192\">Member<\/td>\n<td width=\"323\">ICDCRM Miercurea \u2013 Ciuc, ROMANIA<\/td>\n<\/tr>\n<tr>\n<td width=\"53\">7<\/td>\n<td width=\"301\">Zsolt Bodor Ph. D.<\/td>\n<td width=\"192\">Member<\/td>\n<td width=\"323\">Univ. Sapien\u021bia Cluj \u2013 Napoca, ROMANIA<\/td>\n<\/tr>\n<tr>\n<td width=\"53\">8<\/td>\n<td width=\"301\">Cristina Moldovan Ph. D.<\/td>\n<td width=\"192\">Member<\/td>\n<td width=\"323\">USAMV Cluj \u2013 Napoca, ROMANIArasov<\/td>\n<\/tr>\n<tr>\n<td width=\"53\">10<\/td>\n<td width=\"301\">Manuela Hermeziu Ph.D. engineer<\/td>\n<td width=\"192\">Member<\/td>\n<td width=\"323\">Head of Technology Laboratory NIRDPSB Brasov<\/td>\n<\/tr>\n<tr>\n<td width=\"53\">11<\/td>\n<td width=\"301\">Dr. hab. Petru Iliev<\/td>\n<td width=\"192\">Member<\/td>\n<td width=\"323\">ISPTHA Chi\u0219in\u0103u, Republica MOLDOVA<\/td>\n<\/tr>\n<tr>\n<td width=\"53\">12<\/td>\n<td width=\"301\">Carmen Liliana B\u0103d\u0103r\u0103u\u00a0Ph. D.<\/td>\n<td width=\"192\">Member<\/td>\n<td width=\"323\">UNITBv Bra\u0219ov, ROMANIA<\/td>\n<\/tr>\n<tr>\n<td width=\"53\">13<\/td>\n<td width=\"301\">Vasile P\u0103dureanu Ph.D. engineer<\/td>\n<td width=\"192\">Secretary<\/td>\n<td width=\"323\">UNITBv Bra\u0219ov, ROMANIA<\/td>\n<\/tr>\n<\/tbody>\n<\/table>\n<p><\/div><\/div><\/div><div id=\"sc_tab_1530869592964_10_scroll_bar\" class=\"sc_scroll_bar sc_scroll_bar_vertical sc_tab_1530869592964_10_scroll_bar\"><\/div><\/div><\/div><div id=\"sc_tab_1530869377_2_81\" class=\"sc_tabs_content even\"><div id=\"sc_tab_1530869377_2_81_scroll\" class=\"sc_scroll sc_scroll_vertical\" style=\"height:200px;\"><div class=\"sc_scroll_wrapper swiper-wrapper\"><div class=\"sc_scroll_slide swiper-slide\"><div class=\"sc_table\" style=\"width:100%;\"><\/p>\n<table>\n<tbody>\n<tr>\n<td width=\"63\"><strong>Nr.<\/strong><\/td>\n<td width=\"305\"><strong>Name and surname<\/strong><\/td>\n<td width=\"147\"><strong>Function<\/strong><\/td>\n<td width=\"454\"><strong>Affiliation<\/strong><\/td>\n<\/tr>\n<tr>\n<td width=\"63\">1<\/td>\n<td width=\"305\">Prof.dr. Gavril\u0103 Morar<\/td>\n<td width=\"147\">Member<\/td>\n<td width=\"454\">Faculty of Agricultural Sciences, University of Agricultural Sciences and Veterinary Medicine Cluj-Napoca, ROMANIA<\/td>\n<\/tr>\n<tr>\n<td width=\"63\">2<\/td>\n<td width=\"305\">Prof.dr. M. E. Caliskan<\/td>\n<td width=\"147\">Member<\/td>\n<td width=\"454\">Department of Agricultural Genetic Engineering Faculty of Agricultural Sciences and Technologies, Nigde University, TURKEY<\/td>\n<\/tr>\n<tr>\n<td width=\"63\">3<\/td>\n<td width=\"305\">Dr. Petru Iliev<\/td>\n<td width=\"147\">Member<\/td>\n<td width=\"454\">Institute of Scientific and Practical Horticulture and Food Technology, MOLDAVIA<\/td>\n<\/tr>\n<tr>\n<td width=\"63\">4<\/td>\n<td width=\"305\">Dr. J. L. Rolot<\/td>\n<td width=\"147\">Member<\/td>\n<td width=\"454\">Section Systemes Agricoles Centre Wallon de Recherches Agronomiques, Libramont, BELGIUM<\/td>\n<\/tr>\n<tr>\n<td width=\"63\">5<\/td>\n<td width=\"305\">Prof. dr. Costel Samuil<\/td>\n<td width=\"147\">Member<\/td>\n<td width=\"454\">Faculty of Agricultural Sciences, University of Agricultural Sciences and Veterinary Medicine Iasi, ROMANIA<\/td>\n<\/tr>\n<tr>\n<td width=\"63\">6<\/td>\n<td width=\"305\">Prof.dr. Carol Csatlos<\/td>\n<td width=\"147\">Member<\/td>\n<td width=\"454\">Faculty of Food and Tourism, Transilvania University of Brasov, ROMANIA<\/td>\n<\/tr>\n<tr>\n<td width=\"63\">7<\/td>\n<td width=\"305\">Prof.dr. Vasile P\u0103dureanu<\/td>\n<td width=\"147\">Member<\/td>\n<td width=\"454\">Faculty of Food and Tourism, Transilvania University of Brasov, ROMANIA<\/td>\n<\/tr>\n<tr>\n<td width=\"63\">8<\/td>\n<td width=\"305\">Prof.dr. Camelia Sava (Sand)<\/td>\n<td width=\"147\">Member<\/td>\n<td width=\"454\">Faculty of Agricultural Sciences, Food Industry and Environmental Protection, Lucian Blaga University of Sibiu, ROMANIA<\/td>\n<\/tr>\n<tr>\n<td width=\"63\">9<\/td>\n<td width=\"305\">Dr. Sorin C. Chiru<\/td>\n<td width=\"147\">Member<\/td>\n<td width=\"454\">National Institute of Research and Development for Potato and Sugar Beet<\/p>\n<p>Brasov, ROMANIA<\/td>\n<\/tr>\n<tr>\n<td width=\"63\">10<\/td>\n<td width=\"305\">Dr. Victor Donescu<\/td>\n<td width=\"147\">Member<\/td>\n<td width=\"454\">National Institute of Research and Development for Potato and Sugar Beet<\/p>\n<p>Brasov, ROMANIA<\/td>\n<\/tr>\n<tr>\n<td width=\"63\">11<\/td>\n<td width=\"305\">Dr. Nina Barascu<\/td>\n<td width=\"147\">Secretary<\/td>\n<td width=\"454\">National Institute of Research and Development for Potato and Sugar Beet Brasov, ROMANIA<\/td>\n<\/tr>\n<\/tbody>\n<\/table>\n<p><\/div><\/div><\/div><div id=\"sc_tab_1530869377_2_81_scroll_bar\" class=\"sc_scroll_bar sc_scroll_bar_vertical sc_tab_1530869377_2_81_scroll_bar\"><\/div><\/div><\/div><\/div>[\/vc_column][\/vc_row]<\/p>\n","protected":false},"excerpt":{"rendered":"<p>[vc_row css=&#8221;.vc_custom_1530870198303{padding-top: 40px !important;}&#8221;][vc_column css=&#8221;.vc_custom_1530877255424{border-top-width: 1px !important;border-right-width: 1px !important;border-bottom-width: 1px !important;border-left-width: 1px !important;padding-top: 15px !important;padding-bottom: 15px !important;border-left-color: #dcdcdc !important;border-left-style: solid !important;border-right-color: #dcdcdc !important;border-right-style: solid !important;border-top-color: #dcdcdc !important;border-top-style: solid !important;border-bottom-color: #dcdcdc !important;border-bottom-style: solid !important;}&#8221;][vc_single_image image=&#8221;2130&#8243; img_size=&#8221;1170&#215;350&#8243; css=&#8221;.vc_custom_1530877265099{padding-bottom: 30px !important;}&#8221;][\/vc_column][\/vc_row]<\/p>\n","protected":false},"author":1,"featured_media":0,"parent":0,"menu_order":0,"comment_status":"open","ping_status":"open","template":"","meta":{"footnotes":""},"class_list":["post-112","page","type-page","status-publish","hentry"],"_links":{"self":[{"href":"https:\/\/potato.ro\/en\/wp-json\/wp\/v2\/pages\/112","targetHints":{"allow":["GET"]}}],"collection":[{"href":"https:\/\/potato.ro\/en\/wp-json\/wp\/v2\/pages"}],"about":[{"href":"https:\/\/potato.ro\/en\/wp-json\/wp\/v2\/types\/page"}],"author":[{"embeddable":true,"href":"https:\/\/potato.ro\/en\/wp-json\/wp\/v2\/users\/1"}],"replies":[{"embeddable":true,"href":"https:\/\/potato.ro\/en\/wp-json\/wp\/v2\/comments?post=112"}],"version-history":[{"count":3,"href":"https:\/\/potato.ro\/en\/wp-json\/wp\/v2\/pages\/112\/revisions"}],"predecessor-version":[{"id":4031,"href":"https:\/\/potato.ro\/en\/wp-json\/wp\/v2\/pages\/112\/revisions\/4031"}],"wp:attachment":[{"href":"https:\/\/potato.ro\/en\/wp-json\/wp\/v2\/media?parent=112"}],"curies":[{"name":"wp","href":"https:\/\/api.w.org\/{rel}","templated":true}]}}