{"id":109,"date":"2018-09-05T11:30:23","date_gmt":"2018-09-05T11:30:23","guid":{"rendered":"https:\/\/potato.ro\/en\/conferinta-dedicata-centenarului-unirii-1918-2018-2\/"},"modified":"2018-09-13T06:46:24","modified_gmt":"2018-09-13T06:46:24","slug":"conferinta-dedicata-centenarului-unirii-1918-2018-2","status":"publish","type":"page","link":"https:\/\/potato.ro\/en\/conferinta-dedicata-centenarului-unirii-1918-2018-2\/","title":{"rendered":"Conferin\u0163\u0103 dedicat\u0103 Centenarului Unirii 1918-2018"},"content":{"rendered":"<p>[vc_row css=&#8221;.vc_custom_1530872215465{padding-top: 0px !important;}&#8221;][vc_column css=&#8221;.vc_custom_1530877604764{border-top-width: 1px !important;border-right-width: 1px !important;border-bottom-width: 1px !important;border-left-width: 1px !important;padding-top: 15px !important;padding-bottom: 15px !important;border-left-color: #dcdcdc !important;border-left-style: solid !important;border-right-color: #dcdcdc !important;border-right-style: solid !important;border-top-color: #dcdcdc !important;border-top-style: solid !important;border-bottom-color: #dcdcdc !important;border-bottom-style: solid !important;}&#8221;][vc_single_image image=&#8221;2612&#8243; img_size=&#8221;1170&#215;350&#8243; css=&#8221;.vc_custom_1530872243339{margin: 0px !important;padding: 0px !important;}&#8221;][vc_column_text]Suntem onora\u0163i s\u0103 v\u0103 inform\u0103m c\u0103 \u00een zilele de <strong>27-28 noiembrie 2018<\/strong>, INCDCSZ Bra\u015fov va organiza <strong>\u00a0<\/strong><\/p>\n<p style=\"text-align: center;\"><strong>Conferin\u0163a na\u0163ional\u0103 cu participare interna\u0163ional\u0103<\/strong> intitulat\u0103<\/p>\n<p style=\"text-align: center;\">\u201e<strong>Abord\u0103ri noi \u00een cercetare la cultura cartofului, sfeclei de zah\u0103r, cerealelor \u015fi plantelor medicinale \u00een<br \/>\ncondi\u0163iile provoc\u0103rilor generate de schimb\u0103rile climatice \u015fi economice globale\u00a0\u00a0\u00a0\u00a0\u00a0\u00a0\u00a0\u00a0\u00a0\u00a0\u00a0\u00a0\u00a0\u00a0\u00a0\u00a0\u00a0\u00a0\u00a0\u00a0\u00a0\u00a0\u00a0 <\/strong><\/p>\n<p style=\"text-align: center;\"><strong>Conferin\u0163\u0103 dedicat\u0103 Centenarului Unirii 1918-2018\u2033<\/strong><\/p>\n<p>&nbsp;<\/p>\n<p>Programul \u015ftiin\u0163ific va cuprinde urm\u0103toarele sec\u0163iuni:<\/p>\n<ul>\n<li>Istoric<\/li>\n<li>Genetic\u0103 \u015fi ameliorare<\/li>\n<li>Biotehnologii<\/li>\n<li>Fiziologie \u015fi biochimie<\/li>\n<li>Producere de s\u0103m\u00e2n\u0163\u0103 \u015fi material s\u0103ditor<\/li>\n<li>Tehnologii de cultur\u0103<\/li>\n<li>Protec\u0163ia plantelor<\/li>\n<li>Calitate \u015fi p\u0103strare<\/li>\n<li>Agricultur\u0103 de precizie<\/li>\n<\/ul>\n<p>&nbsp;<\/p>\n<p>Programul de \u00eenregistrare a lucr\u0103rilor:<\/p>\n<ul>\n<li>Termenul limit\u0103 pentru trimiterea rezumatului: 20 septembrie 2018<\/li>\n<li>Comunicarea accept\u0103rii rezumatului: 1 Octombrie 2018<\/li>\n<li>Termenul limit\u0103 pentru expedierea articolului: 1 Noiembrie 2018<\/li>\n<\/ul>\n<p>Limba oficial\u0103 a conferin\u0163ei este limba rom\u00e2n\u0103, cu traducere \u00een limba englez\u0103. Mai multe detalii g\u0103si\u0163i pe adresa <a href=\"http:\/\/www.potato.ro\/\">www.potato.ro<\/a> sau ne pute\u0163i contacta\u00a0 pe e-mail <a href=\"mailto:icpc@potato.ro\">icpc@potato.ro<\/a>.<br \/>\nVom fi onora\u0163i s\u0103 v\u0103 avem al\u0103turi la Institutul Na\u0163ional de Cercetare-Dezvoltare pentru Cartof \u015fi Sfecl\u0103 de Zah\u0103r Bra\u015fov, Rom\u00e2nia.<\/p>\n<p>Dr.ing. Sorin Claudian CHIRU<img loading=\"lazy\" decoding=\"async\" class=\"alignnone size-medium wp-image-2595 alignright\" src=\"https:\/\/potato.ro\/en\/wp-content\/uploads\/2018\/07\/1-Cladire-noua--300x211.jpg\" alt=\"\" width=\"300\" height=\"211\" \/><br \/>\nDirector General,<br \/>\nINCDCSZ Bra\u015fov, Rom\u00e2nia<\/p>\n<p>Dr.ing. Victor DONESCU<br \/>\nDirector \u015etiin\u0163ific,<br \/>\nINCDCSZ Bra\u015fov, Rom\u00e2nia<\/p>\n<p>[\/vc_column_text][\/vc_column][\/vc_row]<\/p>\n","protected":false},"excerpt":{"rendered":"<p>[vc_row css=&#8221;.vc_custom_1530872215465{padding-top: 0px !important;}&#8221;][vc_column css=&#8221;.vc_custom_1530877604764{border-top-width: 1px !important;border-right-width: 1px !important;border-bottom-width: 1px !important;border-left-width: 1px !important;padding-top: 15px !important;padding-bottom: 15px !important;border-left-color: #dcdcdc !important;border-left-style: solid !important;border-right-color: #dcdcdc !important;border-right-style: solid !important;border-top-color: #dcdcdc !important;border-top-style: solid !important;border-bottom-color: #dcdcdc !important;border-bottom-style: solid !important;}&#8221;][vc_single_image image=&#8221;2612&#8243; img_size=&#8221;1170&#215;350&#8243; css=&#8221;.vc_custom_1530872243339{margin: 0px !important;padding: 0px !important;}&#8221;][vc_column_text]Suntem onora\u0163i s\u0103 v\u0103 inform\u0103m c\u0103 \u00een zilele de 27-28 noiembrie 2018, INCDCSZ Bra\u015fov va organiza [&hellip;]<\/p>\n","protected":false},"author":1,"featured_media":0,"parent":0,"menu_order":0,"comment_status":"open","ping_status":"open","template":"","meta":{"footnotes":""},"class_list":["post-109","page","type-page","status-publish","hentry"],"_links":{"self":[{"href":"https:\/\/potato.ro\/en\/wp-json\/wp\/v2\/pages\/109","targetHints":{"allow":["GET"]}}],"collection":[{"href":"https:\/\/potato.ro\/en\/wp-json\/wp\/v2\/pages"}],"about":[{"href":"https:\/\/potato.ro\/en\/wp-json\/wp\/v2\/types\/page"}],"author":[{"embeddable":true,"href":"https:\/\/potato.ro\/en\/wp-json\/wp\/v2\/users\/1"}],"replies":[{"embeddable":true,"href":"https:\/\/potato.ro\/en\/wp-json\/wp\/v2\/comments?post=109"}],"version-history":[{"count":1,"href":"https:\/\/potato.ro\/en\/wp-json\/wp\/v2\/pages\/109\/revisions"}],"predecessor-version":[{"id":149,"href":"https:\/\/potato.ro\/en\/wp-json\/wp\/v2\/pages\/109\/revisions\/149"}],"wp:attachment":[{"href":"https:\/\/potato.ro\/en\/wp-json\/wp\/v2\/media?parent=109"}],"curies":[{"name":"wp","href":"https:\/\/api.w.org\/{rel}","templated":true}]}}