{"id":106,"date":"2018-09-05T11:30:23","date_gmt":"2018-09-05T11:30:23","guid":{"rendered":"https:\/\/potato.ro\/en\/tehnoredactare\/"},"modified":"2018-09-05T12:51:03","modified_gmt":"2018-09-05T12:51:03","slug":"tehnoredactare","status":"publish","type":"page","link":"https:\/\/potato.ro\/en\/tehnoredactare\/","title":{"rendered":"Tehnoredactare"},"content":{"rendered":"<p>[vc_row][vc_column css=&#8221;.vc_custom_1530876018351{border-top-width: 1px !important;border-right-width: 1px !important;border-bottom-width: 1px !important;border-left-width: 1px !important;padding-top: 15px !important;padding-bottom: 15px !important;border-left-color: #dcdcdc !important;border-left-style: solid !important;border-right-color: #dcdcdc !important;border-right-style: solid !important;border-top-color: #dcdcdc !important;border-top-style: solid !important;border-bottom-color: #dcdcdc !important;border-bottom-style: solid !important;}&#8221;][vc_single_image image=&#8221;2130&#8243; img_size=&#8221;1170&#215;350&#8243; alignment=&#8221;center&#8221;][vc_column_text]<\/p>\n<h2><strong> Tehnoredactare <\/strong><\/h2>\n<p>[\/vc_column_text][vc_column_text]Lucr\u0103rile \u015ftiin\u0163ifice vor avea maxim 6 pagini ce vor fi redactate conform cu template-ul Microsoft Word pe care-l pute\u0163i vizualiza \u015fi salva de aici:<\/p>\n<p><a href=\"http:\/\/www.uaiasi.ro\/simpozion\/fisiere\/Tehnoredactare-revista_RO_2017.doc\">Template MS Word 2017 &#8211; Reguli de tehnoredactare a lucr\u0103rilor \u015ftiin\u0163ifice <\/a>, care poate fi utilizat ca model \u015fi este un \u015fablon pe care se poate lucra \u00een mod direct prin \u00eenlocuirea paragrafelor corespunz\u0103toare.<\/p>\n<p>Structura lucr\u0103rii \u015ftiin\u0163ifice:<\/p>\n<ul>\n<li>Introducere<\/li>\n<li>Material \u015fi metod\u0103<\/li>\n<li>Rezultate \u015fi discu\u0163ii<\/li>\n<li>Concluzii<\/li>\n<li>Bibliografie<\/li>\n<\/ul>\n<p>V\u0103 rug\u0103m ca la tehnoredactarea lucr\u0103rilor \u00een limba rom\u00e2n\u0103 s\u0103 folosi\u0163i caractere diacritice.<br \/>\nNu vor fi acceptate pentru publicare lucr\u0103rile care nu respect\u0103 regulile de tehnoredactare.<\/p>\n<p>Rezumatul lucr\u0103rii &#8211; cu referire expres\u0103 la rezultatele cercet\u0103rilor &#8211; trebuie s\u0103 con\u0163in\u0103 \u00eentre <strong>250<\/strong> &#8211; <strong>400<\/strong> cuvinte.<br \/>\nAutorii poart\u0103 integral responsabilitatea pentru acurate\u0163ea calculelor, datelor experimentale \u015fi interpret\u0103rilor \u015ftiin\u0163ifice, precum \u015fi pentru corectitudinea redact\u0103rii \u00een limba englez\u0103.<\/p>\n<p>Vor fi selectate lucr\u0103ri pentru publicare \u00een reviste cotate BDI, ISI. Lucrarea <em>in extenso, <\/em>\u00een limba rom\u00e2n\u0103 \u0219i limba englez\u0103 se trimite pe adresa de e-mail <a href=\"mailto:incd@potato.ro\">icpc@potato.ro<\/a>.[\/vc_column_text][\/vc_column][\/vc_row]<\/p>\n","protected":false},"excerpt":{"rendered":"<p>[vc_row][vc_column css=&#8221;.vc_custom_1530876018351{border-top-width: 1px !important;border-right-width: 1px !important;border-bottom-width: 1px !important;border-left-width: 1px !important;padding-top: 15px !important;padding-bottom: 15px !important;border-left-color: #dcdcdc !important;border-left-style: solid !important;border-right-color: #dcdcdc !important;border-right-style: solid !important;border-top-color: #dcdcdc !important;border-top-style: solid !important;border-bottom-color: #dcdcdc !important;border-bottom-style: solid !important;}&#8221;][vc_single_image image=&#8221;2130&#8243; img_size=&#8221;1170&#215;350&#8243; alignment=&#8221;center&#8221;][vc_column_text] Tehnoredactare [\/vc_column_text][vc_column_text]Lucr\u0103rile \u015ftiin\u0163ifice vor avea maxim 6 pagini ce vor fi redactate conform cu template-ul Microsoft Word pe care-l pute\u0163i vizualiza \u015fi [&hellip;]<\/p>\n","protected":false},"author":1,"featured_media":0,"parent":0,"menu_order":0,"comment_status":"open","ping_status":"open","template":"","meta":{"footnotes":""},"class_list":["post-106","page","type-page","status-publish","hentry"],"_links":{"self":[{"href":"https:\/\/potato.ro\/en\/wp-json\/wp\/v2\/pages\/106","targetHints":{"allow":["GET"]}}],"collection":[{"href":"https:\/\/potato.ro\/en\/wp-json\/wp\/v2\/pages"}],"about":[{"href":"https:\/\/potato.ro\/en\/wp-json\/wp\/v2\/types\/page"}],"author":[{"embeddable":true,"href":"https:\/\/potato.ro\/en\/wp-json\/wp\/v2\/users\/1"}],"replies":[{"embeddable":true,"href":"https:\/\/potato.ro\/en\/wp-json\/wp\/v2\/comments?post=106"}],"version-history":[{"count":1,"href":"https:\/\/potato.ro\/en\/wp-json\/wp\/v2\/pages\/106\/revisions"}],"predecessor-version":[{"id":215,"href":"https:\/\/potato.ro\/en\/wp-json\/wp\/v2\/pages\/106\/revisions\/215"}],"wp:attachment":[{"href":"https:\/\/potato.ro\/en\/wp-json\/wp\/v2\/media?parent=106"}],"curies":[{"name":"wp","href":"https:\/\/api.w.org\/{rel}","templated":true}]}}