{"id":105,"date":"2018-09-05T11:30:23","date_gmt":"2018-09-05T11:30:23","guid":{"rendered":"https:\/\/potato.ro\/en\/inscriere-online\/"},"modified":"2018-09-05T13:26:18","modified_gmt":"2018-09-05T13:26:18","slug":"inscriere-online","status":"publish","type":"page","link":"https:\/\/potato.ro\/en\/inscriere-online\/","title":{"rendered":"\u00censcriere Online"},"content":{"rendered":"<p>[vc_row][vc_column][vc_column_text]<\/p>\n<h2><strong>Formular \u00censcriere<\/strong><\/h2>\n<p>[\/vc_column_text]\n<div class=\"wpcf7 no-js\" id=\"wpcf7-f236-o1\" lang=\"ro-RO\" dir=\"ltr\" data-wpcf7-id=\"236\">\n<div class=\"screen-reader-response\"><p role=\"status\" aria-live=\"polite\" aria-atomic=\"true\"><\/p> <ul><\/ul><\/div>\n<form action=\"\/en\/wp-json\/wp\/v2\/pages\/105#wpcf7-f236-o1\" method=\"post\" class=\"wpcf7-form init\" aria-label=\"Formular de contact\" novalidate=\"novalidate\" data-status=\"init\">\n<fieldset class=\"hidden-fields-container\"><input type=\"hidden\" name=\"_wpcf7\" value=\"236\" \/><input type=\"hidden\" name=\"_wpcf7_version\" value=\"6.1.5\" \/><input type=\"hidden\" name=\"_wpcf7_locale\" value=\"ro_RO\" \/><input type=\"hidden\" name=\"_wpcf7_unit_tag\" value=\"wpcf7-f236-o1\" \/><input type=\"hidden\" name=\"_wpcf7_container_post\" value=\"0\" \/><input type=\"hidden\" name=\"_wpcf7_posted_data_hash\" value=\"\" \/>\n<\/fieldset>\n<div class=\"columns_wrap sc_columns columns_nofluid sc_columns_count_2 margin_top_large\">\n\t<div class=\"column-1_2 sc_column_item sc_column_item_2 even\">\n\t\t<p><label> Nume*<br \/>\n<span class=\"wpcf7-form-control-wrap\" data-name=\"nume\"><input size=\"40\" maxlength=\"400\" class=\"wpcf7-form-control wpcf7-text\" aria-invalid=\"false\" value=\"\" type=\"text\" name=\"nume\" \/><\/span> <\/label>\n\t\t<\/p>\n\t<\/div>\n\t<div class=\"column-1_3 sc_column_item sc_column_item_2 even\">\n\t\t<p><label> Prenume*<br \/>\n<span class=\"wpcf7-form-control-wrap\" data-name=\"prenume\"><input size=\"40\" maxlength=\"400\" class=\"wpcf7-form-control wpcf7-text\" aria-invalid=\"false\" value=\"\" type=\"text\" name=\"prenume\" \/><\/span> <\/label>\n\t\t<\/p>\n\t<\/div>\n\t<div class=\"column-1_2 sc_column_item sc_column_item_2 even\">\n\t\t<p><label> Titlu \u015ftiin\u0163ific*<br \/>\n<span class=\"wpcf7-form-control-wrap\" data-name=\"titlu\"><input size=\"40\" maxlength=\"400\" class=\"wpcf7-form-control wpcf7-text\" aria-invalid=\"false\" value=\"\" type=\"text\" name=\"titlu\" \/><\/span> <\/label>\n\t\t<\/p>\n\t<\/div>\n\t<div class=\"column-1_3 sc_column_item sc_column_item_2 even\">\n\t\t<p><label> Institu\u0163ie*<br \/>\n<span class=\"wpcf7-form-control-wrap\" data-name=\"institutie\"><input size=\"40\" maxlength=\"400\" class=\"wpcf7-form-control wpcf7-text\" aria-invalid=\"false\" value=\"\" type=\"text\" name=\"institutie\" \/><\/span> <\/label>\n\t\t<\/p>\n\t<\/div>\n\t<div class=\"column-1_2 sc_column_item sc_column_item_2 even\">\n\t\t<p><label> Adresa<br \/>\n<span class=\"wpcf7-form-control-wrap\" data-name=\"adresa\"><input size=\"40\" maxlength=\"400\" class=\"wpcf7-form-control wpcf7-text\" aria-invalid=\"false\" value=\"\" type=\"text\" name=\"adresa\" \/><\/span> <\/label>\n\t\t<\/p>\n\t<\/div>\n\t<div class=\"column-1_3 sc_column_item sc_column_item_2 even\">\n\t\t<p><label> Localitate*<br \/>\n<span class=\"wpcf7-form-control-wrap\" data-name=\"localitate\"><input size=\"40\" maxlength=\"400\" class=\"wpcf7-form-control wpcf7-text\" aria-invalid=\"false\" value=\"\" type=\"text\" name=\"localitate\" \/><\/span> <\/label>\n\t\t<\/p>\n\t<\/div>\n\t<div class=\"column-1_2 sc_column_item sc_column_item_2 even\">\n\t\t<p><label> Cod po\u015ftal*<br \/>\n<span class=\"wpcf7-form-control-wrap\" data-name=\"cod\"><input size=\"40\" maxlength=\"400\" class=\"wpcf7-form-control wpcf7-text\" aria-invalid=\"false\" value=\"\" type=\"text\" name=\"cod\" \/><\/span> <\/label>\n\t\t<\/p>\n\t<\/div>\n\t<div class=\"column-1_3 sc_column_item sc_column_item_2 even\">\n\t\t<p><label> Jude\u021b*<br \/>\n<span class=\"wpcf7-form-control-wrap\" data-name=\"judet\"><input size=\"40\" maxlength=\"400\" class=\"wpcf7-form-control wpcf7-text\" aria-invalid=\"false\" value=\"\" type=\"text\" name=\"judet\" \/><\/span> <\/label>\n\t\t<\/p>\n\t<\/div>\n\t<div class=\"column-1_2 sc_column_item sc_column_item_2 even\">\n\t\t<p><label> Telefon*<br \/>\n<span class=\"wpcf7-form-control-wrap\" data-name=\"telefon\"><input size=\"40\" maxlength=\"400\" class=\"wpcf7-form-control wpcf7-text\" aria-invalid=\"false\" value=\"\" type=\"text\" name=\"telefon\" \/><\/span> <\/label>\n\t\t<\/p>\n\t<\/div>\n\t<div class=\"column-1_3 sc_column_item sc_column_item_2 even\">\n\t\t<p><label> Fax<br \/>\n<span class=\"wpcf7-form-control-wrap\" data-name=\"fax\"><input size=\"40\" maxlength=\"400\" class=\"wpcf7-form-control wpcf7-text\" aria-invalid=\"false\" value=\"\" type=\"text\" name=\"fax\" \/><\/span> <\/label>\n\t\t<\/p>\n\t<\/div>\n\t<div class=\"column-1_2 sc_column_item sc_column_item_2 even\">\n\t\t<p><label> Autori*<br \/>\n<span class=\"wpcf7-form-control-wrap\" data-name=\"autori\"><input size=\"40\" maxlength=\"400\" class=\"wpcf7-form-control wpcf7-text\" aria-invalid=\"false\" value=\"\" type=\"text\" name=\"autori\" \/><\/span> <\/label>\n\t\t<\/p>\n\t<\/div>\n\t<div class=\"column-1_3 sc_column_item sc_column_item_2 even\">\n\t\t<p><label> E-mail*<br \/>\n<span class=\"wpcf7-form-control-wrap\" data-name=\"your-email\"><input size=\"40\" maxlength=\"400\" class=\"wpcf7-form-control wpcf7-email wpcf7-text wpcf7-validates-as-email\" aria-invalid=\"false\" value=\"\" type=\"email\" name=\"your-email\" \/><\/span> <\/label>\n\t\t<\/p>\n\t<\/div>\n\t<div class=\"column-1_2 sc_column_item sc_column_item_2 even\">\n\t\t<p>Doresc sa particip la conferin\u021b\u0103:<br \/>\n<span class=\"wpcf7-form-control-wrap\" data-name=\"radio-728\"><span class=\"wpcf7-form-control wpcf7-radio\"><span class=\"wpcf7-list-item first\"><input type=\"radio\" name=\"radio-728\" value=\"Cu o lucrare prezentat\u0103 oral\" checked=\"checked\" \/><span class=\"wpcf7-list-item-label\">Cu o lucrare prezentat\u0103 oral<\/span><\/span><span class=\"wpcf7-list-item last\"><input type=\"radio\" name=\"radio-728\" value=\"Cu o lucrare prezentat\u0103 poster\" \/><span class=\"wpcf7-list-item-label\">Cu o lucrare prezentat\u0103 poster<\/span><\/span><\/span><\/span>\n\t\t<\/p>\n\t<\/div>\n\t<div class=\"column-1_2 sc_column_item sc_column_item_2 even\">\n\t\t<p>Lucrarea se incadreaz\u0103 \u00een:<br \/>\n<span class=\"wpcf7-form-control-wrap\" data-name=\"checkbox-154\"><span class=\"wpcf7-form-control wpcf7-checkbox\"><span class=\"wpcf7-list-item first\"><input type=\"checkbox\" name=\"checkbox-154[]\" value=\"Istoric\" \/><span class=\"wpcf7-list-item-label\">Istoric<\/span><\/span><span class=\"wpcf7-list-item\"><input type=\"checkbox\" name=\"checkbox-154[]\" value=\"Genetic\u0103 \u0219i ameliorare\" \/><span class=\"wpcf7-list-item-label\">Genetic\u0103 \u0219i ameliorare<\/span><\/span><span class=\"wpcf7-list-item\"><input type=\"checkbox\" name=\"checkbox-154[]\" value=\"Biotehnologii\" \/><span class=\"wpcf7-list-item-label\">Biotehnologii<\/span><\/span><span class=\"wpcf7-list-item\"><input type=\"checkbox\" name=\"checkbox-154[]\" value=\"Fiziologie si biochimie\" \/><span class=\"wpcf7-list-item-label\">Fiziologie si biochimie<\/span><\/span><span class=\"wpcf7-list-item\"><input type=\"checkbox\" name=\"checkbox-154[]\" value=\"Producere de saman\u021b\u0103 si material s\u0103ditor\" \/><span class=\"wpcf7-list-item-label\">Producere de saman\u021b\u0103 si material s\u0103ditor<\/span><\/span><span class=\"wpcf7-list-item\"><input type=\"checkbox\" name=\"checkbox-154[]\" value=\"Tehnologii de cultur\u0103\" \/><span class=\"wpcf7-list-item-label\">Tehnologii de cultur\u0103<\/span><\/span><span class=\"wpcf7-list-item\"><input type=\"checkbox\" name=\"checkbox-154[]\" value=\"Protec\u021bia plantelor\" \/><span class=\"wpcf7-list-item-label\">Protec\u021bia plantelor<\/span><\/span><span class=\"wpcf7-list-item\"><input type=\"checkbox\" name=\"checkbox-154[]\" value=\"Calitate si p\u0103strare\" \/><span class=\"wpcf7-list-item-label\">Calitate si p\u0103strare<\/span><\/span><span class=\"wpcf7-list-item last\"><input type=\"checkbox\" name=\"checkbox-154[]\" value=\"Agricultur\u0103 de precizie\" \/><span class=\"wpcf7-list-item-label\">Agricultur\u0103 de precizie<\/span><\/span><\/span><\/span>\n\t\t<\/p>\n\t<\/div>\n\t<div class=\"column-1_2 sc_column_item sc_column_item_2 even\">\n\t\t<p><label> Titlul lucr\u0103rii* (rom\u00e2n\u0103)<br \/>\n<span class=\"wpcf7-form-control-wrap\" data-name=\"lucrare\"><input size=\"40\" maxlength=\"400\" class=\"wpcf7-form-control wpcf7-text\" aria-invalid=\"false\" value=\"\" type=\"text\" name=\"lucrare\" \/><\/span> <\/label>\n\t\t<\/p>\n\t<\/div>\n\t<div class=\"column-1_3 sc_column_item sc_column_item_2 even\">\n\t\t<p><label> Titlu lucr\u0103rii* (englez\u0103)<br \/>\n<span class=\"wpcf7-form-control-wrap\" data-name=\"en\"><input size=\"40\" maxlength=\"400\" class=\"wpcf7-form-control wpcf7-text\" aria-invalid=\"false\" value=\"\" type=\"text\" name=\"en\" \/><\/span> <\/label>\n\t\t<\/p>\n\t<\/div>\n\t<div class=\"column-1_2 sc_column_item sc_column_item_2 even\">\n\t\t<p><label> Cuvinte cheie (ro)<br \/>\n<span class=\"wpcf7-form-control-wrap\" data-name=\"cheie\"><input size=\"40\" maxlength=\"400\" class=\"wpcf7-form-control wpcf7-text\" aria-invalid=\"false\" value=\"\" type=\"text\" name=\"cheie\" \/><\/span> <\/label>\n\t\t<\/p>\n\t<\/div>\n\t<div class=\"column-1_3 sc_column_item sc_column_item_2 even\">\n\t\t<p><label> Cuvinte cheie (en)<br \/>\n<span class=\"wpcf7-form-control-wrap\" data-name=\"engleza\"><input size=\"40\" maxlength=\"400\" class=\"wpcf7-form-control wpcf7-text\" aria-invalid=\"false\" value=\"\" type=\"text\" name=\"engleza\" \/><\/span> <\/label>\n\t\t<\/p>\n\t<\/div>\n\t<div class=\"column-1_2 sc_column_item sc_column_item_2 even\">\n\t\t<p>Rezumat* (rom\u00e2n\u0103) 250-400 cuvinte<br \/>\n<span class=\"wpcf7-form-control-wrap\" data-name=\"rezumat\"><textarea cols=\"40\" rows=\"10\" maxlength=\"2200\" minlength=\"1600\" class=\"wpcf7-form-control wpcf7-textarea wpcf7-validates-as-required\" aria-required=\"true\" aria-invalid=\"false\" name=\"rezumat\"><\/textarea><\/span>\n\t\t<\/p>\n\t<\/div>\n\t<div class=\"column-1_3 sc_column_item sc_column_item_2 even\">\n\t\t<p>Rezumat* (englez\u0103) 250-400 cuvinte<br \/>\n<span class=\"wpcf7-form-control-wrap\" data-name=\"your-subject\"><textarea cols=\"40\" rows=\"10\" maxlength=\"2000\" minlength=\"1600\" class=\"wpcf7-form-control wpcf7-textarea wpcf7-validates-as-required\" aria-required=\"true\" aria-invalid=\"false\" name=\"your-subject\"><\/textarea><\/span>\n\t\t<\/p>\n\t<\/div>\n\t<p><input class=\"wpcf7-form-control wpcf7-submit has-spinner\" type=\"submit\" value=\"Trimite\" \/>\n\t<\/p>\n<\/div><p style=\"display: none !important;\" class=\"akismet-fields-container\" data-prefix=\"_wpcf7_ak_\"><label>&#916;<textarea name=\"_wpcf7_ak_hp_textarea\" cols=\"45\" rows=\"8\" maxlength=\"100\"><\/textarea><\/label><input type=\"hidden\" id=\"ak_js_1\" name=\"_wpcf7_ak_js\" value=\"131\"\/><script>document.getElementById( \"ak_js_1\" ).setAttribute( \"value\", ( new Date() ).getTime() );<\/script><\/p><div class=\"wpcf7-response-output\" aria-hidden=\"true\"><\/div>\n<\/form>\n<\/div>\n[\/vc_column][\/vc_row]<\/p>\n","protected":false},"excerpt":{"rendered":"<p>[vc_row][vc_column][vc_column_text] Formular \u00censcriere [\/vc_column_text][\/vc_column][\/vc_row]<\/p>\n","protected":false},"author":1,"featured_media":0,"parent":0,"menu_order":0,"comment_status":"open","ping_status":"open","template":"","meta":{"footnotes":""},"class_list":["post-105","page","type-page","status-publish","hentry"],"_links":{"self":[{"href":"https:\/\/potato.ro\/en\/wp-json\/wp\/v2\/pages\/105","targetHints":{"allow":["GET"]}}],"collection":[{"href":"https:\/\/potato.ro\/en\/wp-json\/wp\/v2\/pages"}],"about":[{"href":"https:\/\/potato.ro\/en\/wp-json\/wp\/v2\/types\/page"}],"author":[{"embeddable":true,"href":"https:\/\/potato.ro\/en\/wp-json\/wp\/v2\/users\/1"}],"replies":[{"embeddable":true,"href":"https:\/\/potato.ro\/en\/wp-json\/wp\/v2\/comments?post=105"}],"version-history":[{"count":2,"href":"https:\/\/potato.ro\/en\/wp-json\/wp\/v2\/pages\/105\/revisions"}],"predecessor-version":[{"id":237,"href":"https:\/\/potato.ro\/en\/wp-json\/wp\/v2\/pages\/105\/revisions\/237"}],"wp:attachment":[{"href":"https:\/\/potato.ro\/en\/wp-json\/wp\/v2\/media?parent=105"}],"curies":[{"name":"wp","href":"https:\/\/api.w.org\/{rel}","templated":true}]}}