{"id":104,"date":"2018-09-05T11:30:23","date_gmt":"2018-09-05T11:30:23","guid":{"rendered":"https:\/\/potato.ro\/en\/sectiuni\/"},"modified":"2018-09-05T12:51:22","modified_gmt":"2018-09-05T12:51:22","slug":"sectiuni","status":"publish","type":"page","link":"https:\/\/potato.ro\/en\/sectiuni\/","title":{"rendered":"Sectiuni"},"content":{"rendered":"<p>[vc_row][vc_column css=&#8221;.vc_custom_1530876288871{border-top-width: 1px !important;border-right-width: 1px !important;border-bottom-width: 1px !important;border-left-width: 1px !important;padding-top: 15px !important;padding-bottom: 15px !important;border-left-color: #dcdcdc !important;border-left-style: solid !important;border-right-color: #dcdcdc !important;border-right-style: solid !important;border-top-color: #dcdcdc !important;border-top-style: solid !important;border-bottom-color: #dcdcdc !important;border-bottom-style: solid !important;}&#8221;][vc_single_image image=&#8221;2130&#8243; img_size=&#8221;1170&#215;350&#8243; alignment=&#8221;center&#8221;][vc_column_text css=&#8221;.vc_custom_1530876297363{padding-top: 30px !important;}&#8221;]<\/p>\n<h1><strong>Sec\u021biuni<\/strong><\/h1>\n<p>[\/vc_column_text][vc_column_text css=&#8221;.vc_custom_1530876314449{padding-top: 30px !important;}&#8221;]<\/p>\n<ul>\n<li>Istoric<\/li>\n<li>Genetic\u0103 \u015fi ameliorarea<\/li>\n<li>Biotehnologii<\/li>\n<li>Fiziologie \u015fi biochimie<\/li>\n<li>Producere de s\u0103m\u00e2n\u0163\u0103 \u015fi material s\u0103ditor<\/li>\n<li>Tehnologii de cultur\u0103<\/li>\n<li>Protec\u0163ia plantelor<\/li>\n<li>Calitate \u015fi p\u0103strare<\/li>\n<li>Agricultura de precizie<\/li>\n<\/ul>\n<p>[\/vc_column_text][\/vc_column][\/vc_row]<\/p>\n","protected":false},"excerpt":{"rendered":"<p>[vc_row][vc_column css=&#8221;.vc_custom_1530876288871{border-top-width: 1px !important;border-right-width: 1px !important;border-bottom-width: 1px !important;border-left-width: 1px !important;padding-top: 15px !important;padding-bottom: 15px !important;border-left-color: #dcdcdc !important;border-left-style: solid !important;border-right-color: #dcdcdc !important;border-right-style: solid !important;border-top-color: #dcdcdc !important;border-top-style: solid !important;border-bottom-color: #dcdcdc !important;border-bottom-style: solid !important;}&#8221;][vc_single_image image=&#8221;2130&#8243; img_size=&#8221;1170&#215;350&#8243; alignment=&#8221;center&#8221;][vc_column_text css=&#8221;.vc_custom_1530876297363{padding-top: 30px !important;}&#8221;] Sec\u021biuni [\/vc_column_text][vc_column_text css=&#8221;.vc_custom_1530876314449{padding-top: 30px !important;}&#8221;] Istoric Genetic\u0103 \u015fi ameliorarea Biotehnologii Fiziologie \u015fi biochimie Producere de s\u0103m\u00e2n\u0163\u0103 \u015fi material s\u0103ditor [&hellip;]<\/p>\n","protected":false},"author":1,"featured_media":0,"parent":0,"menu_order":0,"comment_status":"open","ping_status":"open","template":"","meta":{"footnotes":""},"class_list":["post-104","page","type-page","status-publish","hentry"],"_links":{"self":[{"href":"https:\/\/potato.ro\/en\/wp-json\/wp\/v2\/pages\/104","targetHints":{"allow":["GET"]}}],"collection":[{"href":"https:\/\/potato.ro\/en\/wp-json\/wp\/v2\/pages"}],"about":[{"href":"https:\/\/potato.ro\/en\/wp-json\/wp\/v2\/types\/page"}],"author":[{"embeddable":true,"href":"https:\/\/potato.ro\/en\/wp-json\/wp\/v2\/users\/1"}],"replies":[{"embeddable":true,"href":"https:\/\/potato.ro\/en\/wp-json\/wp\/v2\/comments?post=104"}],"version-history":[{"count":1,"href":"https:\/\/potato.ro\/en\/wp-json\/wp\/v2\/pages\/104\/revisions"}],"predecessor-version":[{"id":209,"href":"https:\/\/potato.ro\/en\/wp-json\/wp\/v2\/pages\/104\/revisions\/209"}],"wp:attachment":[{"href":"https:\/\/potato.ro\/en\/wp-json\/wp\/v2\/media?parent=104"}],"curies":[{"name":"wp","href":"https:\/\/api.w.org\/{rel}","templated":true}]}}