{"id":103,"date":"2018-09-05T11:30:23","date_gmt":"2018-09-05T11:30:23","guid":{"rendered":"https:\/\/potato.ro\/en\/program\/"},"modified":"2018-09-05T12:50:43","modified_gmt":"2018-09-05T12:50:43","slug":"program","status":"publish","type":"page","link":"https:\/\/potato.ro\/en\/program\/","title":{"rendered":"Program"},"content":{"rendered":"<p>[vc_row][vc_column css=&#8221;.vc_custom_1530875772036{border-top-width: 1px !important;border-right-width: 1px !important;border-bottom-width: 1px !important;border-left-width: 1px !important;padding-top: 15px !important;border-left-color: #dcdcdc !important;border-left-style: solid !important;border-right-color: #dcdcdc !important;border-right-style: solid !important;border-top-color: #dcdcdc !important;border-top-style: solid !important;border-bottom-color: #dcdcdc !important;border-bottom-style: solid !important;}&#8221;][vc_single_image image=&#8221;2130&#8243; img_size=&#8221;1170&#215;350&#8243;][vc_column_text]<\/p>\n<h1>Program preliminar conferin\u0163\u0103 2018<\/h1>\n<p>&nbsp;<\/p>\n<p><strong>27.11.2018<\/strong><\/p>\n<ul>\n<li>\u00cenregistrarea participan\u0163ilor<\/li>\n<\/ul>\n<p><strong>28.11.2018<\/strong><\/p>\n<ul>\n<li>\u00cenregistrarea participan\u0163ilor<\/li>\n<li>Deschiderea conferin\u0163ei<\/li>\n<li>Lucr\u0103ri \u00een plen<\/li>\n<li>Lucr\u0103ri poster<\/li>\n<li>Concluzii<\/li>\n<li>\u00cenchiderea conferin\u0163ei<\/li>\n<\/ul>\n<p>[\/vc_column_text][\/vc_column][\/vc_row]<\/p>\n","protected":false},"excerpt":{"rendered":"<p>[vc_row][vc_column css=&#8221;.vc_custom_1530875772036{border-top-width: 1px !important;border-right-width: 1px !important;border-bottom-width: 1px !important;border-left-width: 1px !important;padding-top: 15px !important;border-left-color: #dcdcdc !important;border-left-style: solid !important;border-right-color: #dcdcdc !important;border-right-style: solid !important;border-top-color: #dcdcdc !important;border-top-style: solid !important;border-bottom-color: #dcdcdc !important;border-bottom-style: solid !important;}&#8221;][vc_single_image image=&#8221;2130&#8243; img_size=&#8221;1170&#215;350&#8243;][vc_column_text] Program preliminar conferin\u0163\u0103 2018 &nbsp; 27.11.2018 \u00cenregistrarea participan\u0163ilor 28.11.2018 \u00cenregistrarea participan\u0163ilor Deschiderea conferin\u0163ei Lucr\u0103ri \u00een plen Lucr\u0103ri poster Concluzii \u00cenchiderea conferin\u0163ei [\/vc_column_text][\/vc_column][\/vc_row]<\/p>\n","protected":false},"author":1,"featured_media":0,"parent":0,"menu_order":0,"comment_status":"open","ping_status":"open","template":"","meta":{"footnotes":""},"class_list":["post-103","page","type-page","status-publish","hentry"],"_links":{"self":[{"href":"https:\/\/potato.ro\/en\/wp-json\/wp\/v2\/pages\/103","targetHints":{"allow":["GET"]}}],"collection":[{"href":"https:\/\/potato.ro\/en\/wp-json\/wp\/v2\/pages"}],"about":[{"href":"https:\/\/potato.ro\/en\/wp-json\/wp\/v2\/types\/page"}],"author":[{"embeddable":true,"href":"https:\/\/potato.ro\/en\/wp-json\/wp\/v2\/users\/1"}],"replies":[{"embeddable":true,"href":"https:\/\/potato.ro\/en\/wp-json\/wp\/v2\/comments?post=103"}],"version-history":[{"count":1,"href":"https:\/\/potato.ro\/en\/wp-json\/wp\/v2\/pages\/103\/revisions"}],"predecessor-version":[{"id":198,"href":"https:\/\/potato.ro\/en\/wp-json\/wp\/v2\/pages\/103\/revisions\/198"}],"wp:attachment":[{"href":"https:\/\/potato.ro\/en\/wp-json\/wp\/v2\/media?parent=103"}],"curies":[{"name":"wp","href":"https:\/\/api.w.org\/{rel}","templated":true}]}}