{"id":102,"date":"2018-09-05T11:30:23","date_gmt":"2018-09-05T11:30:23","guid":{"rendered":"https:\/\/potato.ro\/en\/organizare\/"},"modified":"2018-10-30T12:42:43","modified_gmt":"2018-10-30T12:42:43","slug":"organizare","status":"publish","type":"page","link":"https:\/\/potato.ro\/en\/organizare\/","title":{"rendered":"Organizare"},"content":{"rendered":"<p>[vc_row css=&#8221;.vc_custom_1530868875890{padding-top: 40px !important;}&#8221;][vc_column css=&#8221;.vc_custom_1530877378370{border-top-width: 1px !important;border-right-width: 1px !important;border-bottom-width: 1px !important;border-left-width: 1px !important;padding-top: 15px !important;padding-bottom: 15px !important;border-left-color: #dcdcdc !important;border-left-style: solid !important;border-right-color: #dcdcdc !important;border-right-style: solid !important;border-top-color: #dcdcdc !important;border-top-style: solid !important;border-bottom-color: #dcdcdc !important;border-bottom-style: solid !important;}&#8221;][vc_single_image image=&#8221;2130&#8243; img_size=&#8221;1170&#215;350&#8243; css=&#8221;.vc_custom_1530877355847{padding-bottom: 20px !important;}&#8221;]<div id=\"sc_tabs_949206076\" class=\"sc_tabs sc_tabs_style_1\" data-active=\"0\"><ul class=\"sc_tabs_titles\"><li class=\"sc_tabs_title first\"><a href=\"#sc_tab_1530879854783_6\" class=\"theme_button\" id=\"sc_tab_1530879854783_6_tab\">Comitetul de organizare<\/a><\/li><li class=\"sc_tabs_title last\"><a href=\"#sc_tab_1530879593_2_84\" class=\"theme_button\" id=\"sc_tab_1530879593_2_84_tab\">Comitetul de program<\/a><\/li><\/ul><div id=\"sc_tab_1530879854783_6\" class=\"sc_tabs_content odd first\"><div class=\"sc_table\" style=\"width:100%;\"><\/p>\n<table width=\"963\">\n<tbody>\n<tr>\n<td width=\"57\">Nr.<\/td>\n<td width=\"303\">Numele \u015fi prenumele<\/td>\n<td width=\"169\">Func\u0163ia<\/td>\n<td width=\"434\">Afilierea<\/td>\n<\/tr>\n<tr>\n<td width=\"57\">1<\/td>\n<td width=\"303\">Dr. ing. S.C. Chiru<\/td>\n<td width=\"169\">Pre\u015fedinte<\/td>\n<td width=\"434\">Director general, INCDCSZ Brasov<\/td>\n<\/tr>\n<tr>\n<td width=\"57\">2<\/td>\n<td width=\"303\">Dr. ing. V. Donescu<\/td>\n<td width=\"169\">Membru<\/td>\n<td width=\"434\">Director \u015ftiin\u0163ific, INCDCSZ Brasov<\/td>\n<\/tr>\n<tr>\n<td width=\"57\">3<\/td>\n<td width=\"303\">Dr. ing. Maria \u015etefan<\/td>\n<td width=\"169\">Membru<\/td>\n<td width=\"434\">\u015eef laborator ameliorare genetic\u0103 \u015fi selec\u021bie vegetal\u0103, INCDCSZ Brasov<\/td>\n<\/tr>\n<tr>\n<td width=\"57\">4<\/td>\n<td width=\"303\">Dr. biol. Daniela Donescu<\/td>\n<td width=\"169\">Membru<\/td>\n<td width=\"434\">Cercet\u0103tor \u015ftiin\u0163ific, Laborator tehnologie  \u0219i bune practici agricole INCDCSZ Brasov<\/td>\n<\/tr>\n<tr>\n<td width=\"57\">5<\/td>\n<td width=\"303\">Dr. ing. Nina Barascu<\/td>\n<td width=\"169\">Membru<\/td>\n<td width=\"434\">Secretar \u015ftiin\u0163ific, INCDCSZ Brasov<\/td>\n<\/tr>\n<tr>\n<td width=\"57\">6<\/td>\n<td width=\"303\">Ing. Gh. Olteanu<\/td>\n<td width=\"169\">Membru<\/td>\n<td width=\"434\">Cercet\u0103tor \u015ftiin\u0163ific, Laborator tehnologie  \u0219i bune practici agricole INCDCSZ Brasov<\/td>\n<\/tr>\n<tr>\n<td width=\"57\">7<\/td>\n<td width=\"303\">Dr. chim. Andreea Tican<\/td>\n<td width=\"169\">Membru<\/td>\n<td width=\"434\">Cercet\u0103tor \u015ftiin\u0163ific, Laborator culturi de \u0163esuturi vegetale INCDCSZ Brasov<\/td>\n<\/tr>\n<tr>\n<td width=\"57\">8<\/td>\n<td width=\"303\">Dr. chim. Carmen Badarau<\/td>\n<td width=\"169\">Membru<\/td>\n<td width=\"434\">Cercet\u0103tor \u015ftiin\u0163ific, Laborator culturi de \u0163esuturi vegetale INCDCSZ Brasov<\/td>\n<\/tr>\n<tr>\n<td width=\"57\">10<\/td>\n<td width=\"303\">Dr. ing. Manuela Hermeziu<\/td>\n<td width=\"169\">Membru<\/td>\n<td width=\"434\">\u015eef Laborator tehnologie \u0219i bune practici agricole INCDCSZ Brasov<\/td>\n<\/tr>\n<tr>\n<td width=\"57\">11<\/td>\n<td width=\"303\">Dr. ing. Mihaela Cioloca<\/td>\n<td width=\"169\">Membru<\/td>\n<td width=\"434\">Cercet\u0103tor \u015ftiin\u0163ific, Laborator culturi de \u0163esuturi vegetale INCDCSZ Brasov<\/td>\n<\/tr>\n<tr>\n<td width=\"57\">12<\/td>\n<td width=\"303\">Drd. ing. Sorina Ni\u0163u<\/td>\n<td width=\"169\">Membru<\/td>\n<td width=\"434\">Cercet\u0103tor \u015ftiin\u0163ific, Laborator tehnologie  \u0219i bune practici agricole INCDCSZ Brasov<\/td>\n<\/tr>\n<tr>\n<td width=\"57\">13<\/td>\n<td width=\"303\">Cristina Comanelea<\/td>\n<td width=\"169\">Secretar<\/td>\n<td width=\"434\">Secretar, INCDCSZ Brasov<\/td>\n<\/tr>\n<\/tbody>\n<\/table>\n<p><\/div><\/div><div id=\"sc_tab_1530879593_2_84\" class=\"sc_tabs_content even\"><div class=\"sc_table\" style=\"width:100%;\"><\/p>\n<table>\n<tbody>\n<tr>\n<td width=\"63\">Nr.<\/td>\n<td width=\"295\">Numele \u015fi prenumele<\/td>\n<td width=\"156\">Func\u0163ia<\/td>\n<td width=\"454\">Afilierea<\/td>\n<\/tr>\n<tr>\n<td width=\"63\">1<\/td>\n<td width=\"295\">Prof.dr. Carol Csatlos<\/td>\n<td width=\"156\">Membru<\/td>\n<td width=\"454\">Faculty of Food and Tourism, Transilvania University of Brasov, ROMANIA<\/td>\n<\/tr>\n<tr>\n<td width=\"63\">2<\/td>\n<td width=\"295\">Prof.dr. M. E. Caliskan<\/td>\n<td width=\"156\">Membru<\/td>\n<td width=\"454\">Department of Agricultural Genetic Engineering Faculty of Agricultural Sciences and Technologies, Nigde University, TURKEY<\/td>\n<\/tr>\n<tr>\n<td width=\"63\">3<\/td>\n<td width=\"295\">Dr. ing. Sorin C. Chiru<\/td>\n<td width=\"156\">Membru<\/td>\n<td width=\"454\">Institutul Na\u021bional de Cercetare-Dezvoltare pentru Cartof \u0219i Sfecl\u0103 de Zah\u0103r Brasov, ROMANIA<\/td>\n<\/tr>\n<tr>\n<td width=\"63\">4<\/td>\n<td width=\"295\">Dr. ing. Victor Donescu<\/td>\n<td width=\"156\">Membru<\/td>\n<td width=\"454\">Institutul Na\u021bional de Cercetare-Dezvoltare pentru Cartof \u0219i Sfecl\u0103 de Zah\u0103r Brasov, ROMANIAInstitutul Na\u021bional de Cercetare-Dezvoltare pentru Cartof \u0219i Sfecl\u0103 de Zah\u0103r Brasov, ROMANIA<\/td>\n<\/tr>\n<tr>\n<td width=\"63\">5<\/td>\n<td width=\"295\">Dr. ing. Petru Iliev<\/td>\n<td width=\"156\">Membru<\/td>\n<td width=\"454\">Institute of Scientific and Practical Horticulture and Food Technology, MOLDAVIA<\/td>\n<\/tr>\n<tr>\n<td width=\"63\">6<\/td>\n<td width=\"295\">Prof.dr. Gavril\u0103 Morar<\/td>\n<td width=\"156\">Membru<\/td>\n<td width=\"454\">Faculty of Agricultural Sciences, University of Agricultural Sciences and Veterinary Medicine Cluj-Napoca, ROMANIA<\/td>\n<\/tr>\n<tr>\n<td width=\"63\">7<\/td>\n<td width=\"295\">Prof.dr. Vasile P\u0103dureanu<\/td>\n<td width=\"156\">Membru<\/td>\n<td width=\"454\">Faculty of Food and Tourism, Transilvania University of Brasov, ROMANIA<\/td>\n<\/tr>\n<tr>\n<td width=\"63\">8<\/td>\n<td width=\"295\">Dr. J. L. Rolot<\/td>\n<td width=\"156\">Membru<\/td>\n<td width=\"454\">Section Systemes Agricoles Centre Wallon de Recherches Agronomiques, Libramont, BELGIUM<\/td>\n<\/tr>\n<tr>\n<td width=\"63\">9<\/td>\n<td width=\"295\">Prof. dr. Costel Samuil<\/td>\n<td width=\"156\">Membru<\/td>\n<td width=\"454\">Faculty of Agricultural Sciences, University of Agricultural Sciences and Veterinary Medicine Iasi, ROMANIA<\/td>\n<\/tr>\n<tr>\n<td width=\"63\">10<\/td>\n<td width=\"295\">Prof.dr. Camelia Sava (Sand)<\/td>\n<td width=\"156\">Membru<\/td>\n<td width=\"454\">Faculty of Agricultural Sciences, Food Industry and Environmental Protection, Lucian Blaga University of Sibiu, ROMANIA<\/td>\n<\/tr>\n<tr>\n<td width=\"63\">11<\/td>\n<td width=\"295\">Dr. ing. Nina Barascu<\/td>\n<td width=\"156\">Secretar<\/td>\n<td width=\"454\">Institutul Na\u021bional de Cercetare-Dezvoltare pentru Cartof \u0219i Sfecl\u0103 de Zah\u0103r Brasov, ROMANIA<\/td>\n<\/tr>\n<\/tbody>\n<\/table>\n<p><\/div><\/div><\/div>[\/vc_column][\/vc_row]<\/p>\n","protected":false},"excerpt":{"rendered":"<p>[vc_row css=&#8221;.vc_custom_1530868875890{padding-top: 40px !important;}&#8221;][vc_column css=&#8221;.vc_custom_1530877378370{border-top-width: 1px !important;border-right-width: 1px !important;border-bottom-width: 1px !important;border-left-width: 1px !important;padding-top: 15px !important;padding-bottom: 15px !important;border-left-color: #dcdcdc !important;border-left-style: solid !important;border-right-color: #dcdcdc !important;border-right-style: solid !important;border-top-color: #dcdcdc !important;border-top-style: solid !important;border-bottom-color: #dcdcdc !important;border-bottom-style: solid !important;}&#8221;][vc_single_image image=&#8221;2130&#8243; img_size=&#8221;1170&#215;350&#8243; css=&#8221;.vc_custom_1530877355847{padding-bottom: 20px !important;}&#8221;][\/vc_column][\/vc_row]<\/p>\n","protected":false},"author":1,"featured_media":0,"parent":0,"menu_order":0,"comment_status":"open","ping_status":"open","template":"","meta":{"footnotes":""},"class_list":["post-102","page","type-page","status-publish","hentry"],"_links":{"self":[{"href":"https:\/\/potato.ro\/en\/wp-json\/wp\/v2\/pages\/102","targetHints":{"allow":["GET"]}}],"collection":[{"href":"https:\/\/potato.ro\/en\/wp-json\/wp\/v2\/pages"}],"about":[{"href":"https:\/\/potato.ro\/en\/wp-json\/wp\/v2\/types\/page"}],"author":[{"embeddable":true,"href":"https:\/\/potato.ro\/en\/wp-json\/wp\/v2\/users\/1"}],"replies":[{"embeddable":true,"href":"https:\/\/potato.ro\/en\/wp-json\/wp\/v2\/comments?post=102"}],"version-history":[{"count":3,"href":"https:\/\/potato.ro\/en\/wp-json\/wp\/v2\/pages\/102\/revisions"}],"predecessor-version":[{"id":3043,"href":"https:\/\/potato.ro\/en\/wp-json\/wp\/v2\/pages\/102\/revisions\/3043"}],"wp:attachment":[{"href":"https:\/\/potato.ro\/en\/wp-json\/wp\/v2\/media?parent=102"}],"curies":[{"name":"wp","href":"https:\/\/api.w.org\/{rel}","templated":true}]}}